{"id":49,"date":"2020-09-23T12:22:58","date_gmt":"2020-09-23T10:22:58","guid":{"rendered":"http:\/\/www.new.pnt.uz.zgora.pl\/?page_id=49"},"modified":"2022-10-11T15:08:18","modified_gmt":"2022-10-11T13:08:18","slug":"o-nas","status":"publish","type":"page","link":"http:\/\/www.pnt.uz.zgora.pl\/?page_id=49","title":{"rendered":"O nas"},"content":{"rendered":"<div class=\"row\">\n\t<div class=\"wpb_content_element span9 wpb_text_column\">\n\t\t<div class=\"wpb_wrapper clearfix\">\n\t\t\t\n<p>Park Naukowo \u2013 Technologiczny Uniwersytetu Zielonog\u00f3rskiego Sp. z o.o. rozpocz\u0105\u0142 swoj\u0105 dzia\u0142alno\u015b\u0107 12 listopada 2014 r. W dniu 26 pa\u017adziernika 2015 roku zosta\u0142a podpisana umowa u\u017cyczenia zawarta pomi\u0119dzy Uniwersytetem a Sp\u00f3\u0142k\u0105, na mocy kt\u00f3rej Uniwersytet przeni\u00f3s\u0142 prawo do u\u017cytkowania i zarz\u0105dzania infrastruktur\u0105 Parku Naukowo \u2013 Technologicznego UZ na rzecz Sp\u00f3\u0142ki.<\/p>\n<p>Jednak sam zamys\u0142 utworzenia Parku Naukowo &#8211; Technologicznego powsta\u0142 w 2005 r. W\u0142adze Uniwersytetu Zielonog\u00f3rskiego w porozumieniu z w\u0142adzami regionu i przedstawicielami przemys\u0142u rozpocz\u0119\u0142y realizacj\u0119 projektu maj\u0105cego na celu stworzenie nowoczesnej infrastruktury rozwojowo &#8211; badawczej.\u00a0W 2009 roku budowa infrastruktury Parku zosta\u0142a wpisana na List\u0119 Projekt\u00f3w Kluczowych dla rozwoju Wojew\u00f3dztwa Lubuskiego.<\/p>\n<p>W 2014 rok zosta\u0142y oddane do u\u017cytku: Centrum Budownictwa Zr\u00f3wnowa\u017conego i Energii, Centrum Innowacji Technologie dla Zdrowia Cz\u0142owieka, Centrum Technologii Informatycznych oraz Inkubator Przedsi\u0119biorczo\u015bci.<\/p>\n\n\t\t<\/div> \n\t<\/div>  \n\t<div class=\"wpb_content_element wpb_single_image noframe span3\">\n\t\t<div class=\"wpb_wrapper\"><figure class=\"lightbox clearfix\">\n\t\t\t<a class=\"view\" href=\"http:\/\/www.pnt.uz.zgora.pl\/wp-content\/uploads\/2020\/09\/CLkw-1-1024x1024.jpg\" rel=\"image-gallery\"><div class=\"overlay\"><div class=\"thumb-info\"><i class=\"icon-search\"><\/i><\/div><\/div><img loading=\"lazy\" decoding=\"async\" width=\"2560\" height=\"2560\" src=\"http:\/\/www.pnt.uz.zgora.pl\/wp-content\/uploads\/2020\/09\/CLkw-1-scaled.jpg\" class=\"attachment-full size-full\" alt=\"\" srcset=\"http:\/\/www.pnt.uz.zgora.pl\/wp-content\/uploads\/2020\/09\/CLkw-1-scaled.jpg 2560w, http:\/\/www.pnt.uz.zgora.pl\/wp-content\/uploads\/2020\/09\/CLkw-1-300x300.jpg 300w, http:\/\/www.pnt.uz.zgora.pl\/wp-content\/uploads\/2020\/09\/CLkw-1-1024x1024.jpg 1024w, http:\/\/www.pnt.uz.zgora.pl\/wp-content\/uploads\/2020\/09\/CLkw-1-150x150.jpg 150w, http:\/\/www.pnt.uz.zgora.pl\/wp-content\/uploads\/2020\/09\/CLkw-1-768x768.jpg 768w, http:\/\/www.pnt.uz.zgora.pl\/wp-content\/uploads\/2020\/09\/CLkw-1-1536x1536.jpg 1536w, http:\/\/www.pnt.uz.zgora.pl\/wp-content\/uploads\/2020\/09\/CLkw-1-2048x2048.jpg 2048w, http:\/\/www.pnt.uz.zgora.pl\/wp-content\/uploads\/2020\/09\/CLkw-1-1280x1280.jpg 1280w\" sizes=\"auto, (max-width: 2560px) 100vw, 2560px\" title=\"CLkw\" \/><\/a><\/figure>\n\t\t<\/div> \n\t<\/div> <\/div>\n <div class=\"row\">\n\t<div class=\"wpb_content_element span12 wpb_text_column\">\n\t\t<div class=\"wpb_wrapper clearfix\">\n\t\t\t\n<p><strong>Do g\u0142\u00f3wnych cel\u00f3w Parku nale\u017cy:<\/strong><\/p>\n<p>&#8211; tworzenie warunk\u00f3w do wykorzystania naukowego oraz przemys\u0142owego potencja\u0142u regionu,<\/p>\n<p>&#8211; stymulowanie rozwoju przemys\u0142u w zakresie innowacyjnych oraz zaawansowanych technologii,<\/p>\n<p>&#8211; wspomaganie przedsi\u0119wzi\u0119\u0107 maj\u0105cych na celu zbli\u017cenie polskiej gospodarki, a w szczeg\u00f3lno\u015bci wojew\u00f3dztwa lubuskiego do rynku \u015bwiatowego.<\/p>\n<p>&nbsp;<\/p>\n<p><strong>Do g\u0142\u00f3wnych zada\u0144 Parku nale\u017c\u0105:<\/strong><\/p>\n<p>&#8211; przybli\u017cenie wynik\u00f3w bada\u0144 naukowych (i ich tw\u00f3rc\u00f3w) do praktyki spo\u0142ecznej i gospodarczej ca\u0142ego regionu,<\/p>\n<p>&#8211; tworzenie nowych technologii lub ulepszanie istniej\u0105cych na podstawie prowadzonych prac technologicznych i pr\u00f3b,<\/p>\n<p>&#8211; wspieranie procesu transferu technologii i promocja szeroko rozumianej innowacyjno\u015bci,<\/p>\n<p>&#8211; inspirowanie powstawania oraz rozw\u00f3j ma\u0142ych i \u015brednich firm technologicznych.<\/p>\n<p>&nbsp;<\/p>\n<p><strong>Struktura organizacyjna Parku Naukowo &#8211; Technologicznego UZ Sp. z o.o. \u00a0przedstawia si\u0119 nast\u0119puj\u0105co:<\/strong><\/p>\n<p>&#8211; <a href=\"http:\/\/www.new.pnt.uz.zgora.pl\/?page_id=168\">Centrum Logistyczne Parku Naukowo-Technologicznego i Platformy na rzecz Nauki i Gospodarki<\/a>,<\/p>\n<p>&#8211; <a href=\"http:\/\/www.new.pnt.uz.zgora.pl\/?page_id=170\">Centrum Zr\u00f3wnowa\u017conego Budownictwa i Energii<\/a>,<\/p>\n<p>&#8211; <a href=\"http:\/\/www.new.pnt.uz.zgora.pl\/?page_id=172\">Centrum Innowacji &#8211; Technologie dla Zdrowia Cz\u0142owieka<\/a>,<\/p>\n<p>&#8211; <a href=\"http:\/\/www.new.pnt.uz.zgora.pl\/?page_id=174\">Centrum Technologii Informatycznych<\/a>.<\/p>\n<p>&#8211; <a href=\"https:\/\/www.pnt.uz.zgora.pl\/?page_id=1551\">Inkubator Przedsi\u0119biorczo\u015bci<\/a><\/p>\n<p>&nbsp;<\/p>\n<p>&nbsp;<\/p>\n<p>Dzi\u0119ki stworzeniu odpowiedniej infrastruktury obejmuj\u0105cej zaplecze lokalowe, sprz\u0119towe, intelektualne oraz umiej\u0119tno\u015bci wsp\u00f3\u0142pracy z przedsi\u0119biorcami, Park Naukowo &#8211; Technologiczny UZ Sp. z o.o. prowadzi dzia\u0142ania i kreuje lokalny system innowacji i transferu technologii, w szczeg\u00f3lno\u015bci do sektora M\u015aP.<\/p>\n<p>Dzi\u0119ki wy\u017cej wymienionym zaletom Park Naukowo \u2013 Technologicznego Uniwersytety Zielonog\u00f3rskiego Sp. z o.o. jest w pe\u0142ni funkcjonalny i pe\u0142ni rol\u0119 partnera dla M\u015aP, co pozytywnie przek\u0142ada si\u0119 na transfer wiedzy i innowacji.<\/p>\n\n\t\t<\/div> \n\t<\/div> <\/div>\n <div class=\"row\"><div class=\"wpb_divider standard wpb_content_element alt-bg span12 \"><\/div>\n<\/div>\n <div class=\"row\">\n\t<div class=\"wpb_content_element span6 wpb_text_column\">\n\t\t<div class=\"wpb_wrapper clearfix\">\n\t\t\t\n<p style=\"font-weight: 400; text-align: center;\">Zadanie realizowane w ramach projektu:<br \/>\n<b><strong>\u201ePark Naukowo-Technologiczny Uniwersytetu Zielonog\u00f3rskiego\u201d<\/strong><\/b><br \/>\nNumer projektu: RPLB.02.04.00-08-001\/11<br \/>\nProjekt z Indykatywnego Planu Inwestycyjnego LRPO<br \/>\nOkres realizacji projektu: 2009 \u2013 2015<br \/>\nCa\u0142kowita kwota projektu: 70\u00a0880\u00a0127,07 z\u0142<br \/>\nKoszty kwalifikowalne projektu: 70\u00a0379\u00a0939,42 z\u0142<br \/>\nDofinansowanie LRPO: 59\u00a0822\u00a0948,46 z\u0142<br \/>\n\u0179r\u00f3d\u0142o finansowania: LRPO na lata 2007 -2013, Priorytet II, Dzia\u0142ania 2.4<\/p>\n\n\t\t<\/div> \n\t<\/div>  \n\t<div class=\"wpb_content_element span6 wpb_text_column\">\n\t\t<div class=\"wpb_wrapper clearfix\">\n\t\t\t<div class=\"heading-wrap\"><h3 class=\"wpb_heading wpb_text_heading\">Numer projektu: RPLB.02.04.00-08-001\/11<\/h3><\/div>\n\t\t\t\n<div class=\"progress standard\">\n<div class=\"bar\" data-value=\"100\" style=\"background-color:#292F39!important;\">\n<div class=\"bar-text\">Ca\u0142kowita kwota projektu: <span>70 880 127,07 z\u0142<\/span><\/div>\n<\/div>\n<\/div>\n\n<div class=\"progress standard\">\n<div class=\"bar\" data-value=\"99\" style=\"background-color:#292F39!important;\">\n<div class=\"bar-text\">Koszty kwalifikowalne projektu: <span>70 379 939,42 z\u0142<\/span><\/div>\n<\/div>\n<\/div>\n\n<div class=\"progress standard\">\n<div class=\"bar\" data-value=\"84\" style=\"background-color:#292F39!important;\">\n<div class=\"bar-text\">Dofinansowanie LRPO: <span>59 822 948,46 z\u0142<\/span><\/div>\n<\/div>\n<\/div>\n\n\n\t\t<\/div> \n\t<\/div> <\/div>\n <div class=\"row\"><div class=\"wpb_divider standard wpb_content_element alt-bg span12 \"><\/div>\n<\/div>\n <div class=\"row\">\n\t<div class=\"wpb_content_element wpb_single_image noframe span12\">\n\t\t<div class=\"wpb_wrapper\"><figure class=\"lightbox clearfix\">\n\t\t\t<a class=\"view\" href=\"http:\/\/www.pnt.uz.zgora.pl\/wp-content\/uploads\/2020\/09\/logo_unia-1024x119.png\" rel=\"image-gallery\"><div class=\"overlay\"><div class=\"thumb-info\"><i class=\"icon-search\"><\/i><\/div><\/div><img loading=\"lazy\" decoding=\"async\" width=\"1200\" height=\"139\" src=\"http:\/\/www.pnt.uz.zgora.pl\/wp-content\/uploads\/2020\/09\/logo_unia.png\" class=\"attachment-full size-full\" alt=\"\" srcset=\"http:\/\/www.pnt.uz.zgora.pl\/wp-content\/uploads\/2020\/09\/logo_unia.png 1200w, http:\/\/www.pnt.uz.zgora.pl\/wp-content\/uploads\/2020\/09\/logo_unia-300x35.png 300w, http:\/\/www.pnt.uz.zgora.pl\/wp-content\/uploads\/2020\/09\/logo_unia-1024x119.png 1024w, http:\/\/www.pnt.uz.zgora.pl\/wp-content\/uploads\/2020\/09\/logo_unia-768x89.png 768w\" sizes=\"auto, (max-width: 1200px) 100vw, 1200px\" title=\"logo_unia\" \/><\/a><\/figure>\n\t\t<\/div> \n\t<\/div> <\/div>\n\n","protected":false},"excerpt":{"rendered":"","protected":false},"author":2,"featured_media":0,"parent":0,"menu_order":0,"comment_status":"closed","ping_status":"closed","template":"","meta":{"footnotes":""},"class_list":["post-49","page","type-page","status-publish","hentry"],"_links":{"self":[{"href":"http:\/\/www.pnt.uz.zgora.pl\/index.php?rest_route=\/wp\/v2\/pages\/49","targetHints":{"allow":["GET"]}}],"collection":[{"href":"http:\/\/www.pnt.uz.zgora.pl\/index.php?rest_route=\/wp\/v2\/pages"}],"about":[{"href":"http:\/\/www.pnt.uz.zgora.pl\/index.php?rest_route=\/wp\/v2\/types\/page"}],"author":[{"embeddable":true,"href":"http:\/\/www.pnt.uz.zgora.pl\/index.php?rest_route=\/wp\/v2\/users\/2"}],"replies":[{"embeddable":true,"href":"http:\/\/www.pnt.uz.zgora.pl\/index.php?rest_route=%2Fwp%2Fv2%2Fcomments&post=49"}],"version-history":[{"count":17,"href":"http:\/\/www.pnt.uz.zgora.pl\/index.php?rest_route=\/wp\/v2\/pages\/49\/revisions"}],"predecessor-version":[{"id":1557,"href":"http:\/\/www.pnt.uz.zgora.pl\/index.php?rest_route=\/wp\/v2\/pages\/49\/revisions\/1557"}],"wp:attachment":[{"href":"http:\/\/www.pnt.uz.zgora.pl\/index.php?rest_route=%2Fwp%2Fv2%2Fmedia&parent=49"}],"curies":[{"name":"wp","href":"https:\/\/api.w.org\/{rel}","templated":true}]}}