{"id":2190,"date":"2025-07-23T14:40:29","date_gmt":"2025-07-23T12:40:29","guid":{"rendered":"https:\/\/www.pnt.uz.zgora.pl\/?page_id=2190"},"modified":"2025-11-04T20:06:09","modified_gmt":"2025-11-04T19:06:09","slug":"science4business-nauka-dla-biznesu","status":"publish","type":"page","link":"http:\/\/www.pnt.uz.zgora.pl\/?page_id=2190","title":{"rendered":"&#8222;Science4Business &#8211; Nauka dla Biznesu&#8221;"},"content":{"rendered":"<p data-start=\"232\" data-end=\"608\"><strong>Park Naukowo Technologiczny Uniwersytetu Zielonog\u00f3rskiego<\/strong> realizuje projekt \u201eScience4Business \u2013 Nauka dla Biznesu\u201d, realizowanym przez Ministerstwo Nauki w ramach dzia\u0142ania 2.5 programu Fundusze Europejskie dla Nowoczesnej Gospodarki (FENG). Projekt znajduje si\u0119 na li\u015bcie przedsi\u0119wzi\u0119\u0107 o znaczeniu strategicznym dla FENG, a jego realizacja zaplanowana jest do 2029 roku.<\/p>\n<p data-start=\"610\" data-end=\"804\">G\u0142\u00f3wnym celem projektu jest zwi\u0119kszenie efektywno\u015bci wsp\u00f3\u0142pracy organizacji badawczych z otoczeniem gospodarczym, w szczeg\u00f3lno\u015bci poprzez komercjalizacj\u0119 wynik\u00f3w prac badawczo-rozwojowych (B+R).<\/p>\n<p data-start=\"806\" data-end=\"888\">PNT UZ realizuje zadanie nr 1 \u201eInkubator Rozwoju\u201d, w ramach kt\u00f3rego uczestniczy w:<\/p>\n<ul>\n<li>\u00a0mapowaniu potencja\u0142u badawczego UZ, identyfikacji technologii o potencjale wdro\u017ceniowym oraz analizie ich gotowo\u015bci do komercjalizacji;<\/li>\n<li>dzia\u0142aniach promuj\u0105cych ofert\u0119 technologiczn\u0105 i badawcz\u0105 uczelni, w tym przygotowywaniu ofert, udziale w wydarzeniach i organizacji spotka\u0144 bran\u017cowych;<\/li>\n<li>prowadzeniu bada\u0144 przemys\u0142owych i eksperymentalnych prac rozwojowych, w tym prac nad prototypami, testami laboratoryjnymi oraz analizami rynkowymi;<\/li>\n<li>rozwijaniu wiedzy i narz\u0119dzi wspieraj\u0105cych procesy transferu technologii, w tym wdra\u017caniu system\u00f3w zarz\u0105dzania w\u0142asno\u015bci\u0105 intelektualn\u0105 i komercjalizacj\u0105.<\/li>\n<\/ul>\n<p data-start=\"1500\" data-end=\"1745\">Dodatkowo, w ramach wsp\u00f3\u0142pracy projektowej, PNT UZ b\u0119dzie bra\u0142 aktywny udzia\u0142 w tworzeniu og\u00f3lnopolskiego Portalu Innowacji.\u00a0<\/p>\n<p data-start=\"1747\" data-end=\"1988\">Projekt \u201eScience4Business \u2013 Nauka dla Biznesu\u201d realizowany jest zgodnie z przepisami ustawy o zasadach realizacji zada\u0144 finansowanych ze \u015brodk\u00f3w europejskich w perspektywie 2021\u20132027 i stanowi przyk\u0142ad efektywnej synergii nauki i gospodarki.<\/p>\n<p>Dowiedz si\u0119 wi\u0119cej o projekcie na stronie <a href=\"https:\/\/www.gov.pl\/web\/nauka\/science4business---nauka-dla-biznesu\">Ministerstwa Nauki i Szkolnictwa Wy\u017cszego<\/a> lub skontaktuj si\u0119 z nami bezpo\u015brednio \u2013 ch\u0119tnie opowiemy, jak nauka mo\u017ce wspiera\u0107 Tw\u00f3j biznes.\u00a0<\/p>\n<p data-start=\"1747\" data-end=\"1988\"><img loading=\"lazy\" decoding=\"async\" class=\"alignnone size-large wp-image-2191\" src=\"http:\/\/www.pnt.uz.zgora.pl\/wp-content\/uploads\/2025\/07\/20240426_IR-1024x138.jpg\" alt=\"\" width=\"1024\" height=\"138\" srcset=\"http:\/\/www.pnt.uz.zgora.pl\/wp-content\/uploads\/2025\/07\/20240426_IR-1024x138.jpg 1024w, http:\/\/www.pnt.uz.zgora.pl\/wp-content\/uploads\/2025\/07\/20240426_IR-300x40.jpg 300w, http:\/\/www.pnt.uz.zgora.pl\/wp-content\/uploads\/2025\/07\/20240426_IR-768x103.jpg 768w, http:\/\/www.pnt.uz.zgora.pl\/wp-content\/uploads\/2025\/07\/20240426_IR.jpg 1056w\" sizes=\"auto, (max-width: 1024px) 100vw, 1024px\" \/><\/p>\n<p data-start=\"1747\" data-end=\"1988\">\u00a0<\/p>\n<p data-start=\"1747\" data-end=\"1988\"><strong>Zaproszenie do realizacji grant\u00f3w w ramach projektu \u201eScience4Business \u2013 Nauka dla Biznesu\u201d \u2013 zadanie nr 1 \u201eInkubator Rozwoju\u201d<\/strong><\/p>\n<p>Park Naukowo-Technologiczny Uniwersytetu Zielonog\u00f3rskiego Sp. z o.o. (PNT-UZ) zaprasza Pracownik\u00f3w PNT-UZ do zg\u0142aszania propozycji grant\u00f3w (minigrant\u00f3w) na prace przedwdro\u017ceniowe realizowanych w ramach projektu \u201eScience4Business \u2013 Nauka dla Biznesu\u201d, zadanie nr 1 \u201eInkubator Rozwoju\u201d.<\/p>\n<p>Celem minigrant\u00f3w jest wsparcie procesu transferu technologii poprzez finansowanie prac przedwdro\u017ceniowych nad rozwi\u0105zaniami o zidentyfikowanym potencjale komercyjnym, tak aby doprowadzi\u0107 je do etapu przygotowania do komercjalizacji i wdro\u017cenia.<\/p>\n<p>Zaproszenie kierujemy do Pracownik\u00f3w PNT-UZ Sp. z o.o., kt\u00f3rzy:<br \/>\u2022\u00a0\u00a0\u00a0\u00a0realizuj\u0105 lub planuj\u0105 dzia\u0142ania o charakterze innowacyjnym \/ rozwojowym,<br \/>\u2022\u00a0\u00a0\u00a0\u00a0wsp\u00f3\u0142pracuj\u0105 z przedsi\u0119biorstwami lub innymi partnerami zewn\u0119trznymi,<br \/>\u2022\u00a0\u00a0\u00a0\u00a0s\u0105 gotowi koordynowa\u0107 lub wsp\u00f3\u0142koordynowa\u0107 prace przedwdro\u017ceniowe finansowane z minigrantu,<br \/>\u2022\u00a0\u00a0\u00a0\u00a0chc\u0105 zwi\u0119kszy\u0107 swoje zaanga\u017cowanie w obszarze transferu technologii, komercjalizacji i rozwoju oferty PNT-UZ.<\/p>\n<p>W ramach naboru mo\u017cna uzyska\u0107 dofinansowanie do 170 000 z\u0142 netto na realizacj\u0119 prac przedwdro\u017ceniowych. W uzasadnionych przypadkach kwot\u0119 dofinansowania mo\u017cna zwi\u0119kszy\u0107 do 300 000 z\u0142 netto, po akceptacji Rady Inwestycyjnej.<\/p>\n<p><strong>Termin sk\u0142adania wniosk\u00f3w up\u0142ywa 31 grudnia 2025 r.<\/strong><\/p>\n<p>Szczeg\u00f3\u0142owe informacje dotycz\u0105ce naboru mo\u017cna uzyska\u0107 w siedzibie Parku Naukowo-Technologicznego Uniwersytetu Zielonog\u00f3rskiego Sp. z o.o. ul. Nowy Kisielin \u2013 Syrkiewicza 6 (Willa), 66-002 Zielona G\u00f3ra.<\/p>\n<p>Wnioski nale\u017cy przesy\u0142a\u0107 na adres e-mailowy <strong>kontakt@cbr-uz.pl<\/strong> lub sk\u0142ada\u0107 osobi\u015bcie w siedzibie PNT-UZ.<\/p>\n<p><strong>Dokumentacja konkursowa poni\u017cej.<\/strong><\/p>\n","protected":false},"excerpt":{"rendered":"<p>Park Naukowo Technologiczny Uniwersytetu Zielonog\u00f3rskiego realizuje projekt \u201eScience4Business \u2013 Nauka dla Biznesu\u201d, realizowanym przez Ministerstwo Nauki w ramach dzia\u0142ania 2.5 programu Fundusze Europejskie dla Nowoczesnej Gospodarki (FENG). Projekt znajduje si\u0119 na li\u015bcie przedsi\u0119wzi\u0119\u0107 o znaczeniu strategicznym dla FENG, a jego realizacja zaplanowana jest do 2029 roku. G\u0142\u00f3wnym celem projektu jest zwi\u0119kszenie efektywno\u015bci wsp\u00f3\u0142pracy organizacji badawczych z otoczeniem gospodarczym, w szczeg\u00f3lno\u015bci [&hellip;]<\/p>\n","protected":false},"author":12,"featured_media":0,"parent":0,"menu_order":0,"comment_status":"closed","ping_status":"closed","template":"","meta":{"footnotes":""},"class_list":["post-2190","page","type-page","status-publish","hentry"],"_links":{"self":[{"href":"http:\/\/www.pnt.uz.zgora.pl\/index.php?rest_route=\/wp\/v2\/pages\/2190","targetHints":{"allow":["GET"]}}],"collection":[{"href":"http:\/\/www.pnt.uz.zgora.pl\/index.php?rest_route=\/wp\/v2\/pages"}],"about":[{"href":"http:\/\/www.pnt.uz.zgora.pl\/index.php?rest_route=\/wp\/v2\/types\/page"}],"author":[{"embeddable":true,"href":"http:\/\/www.pnt.uz.zgora.pl\/index.php?rest_route=\/wp\/v2\/users\/12"}],"replies":[{"embeddable":true,"href":"http:\/\/www.pnt.uz.zgora.pl\/index.php?rest_route=%2Fwp%2Fv2%2Fcomments&post=2190"}],"version-history":[{"count":6,"href":"http:\/\/www.pnt.uz.zgora.pl\/index.php?rest_route=\/wp\/v2\/pages\/2190\/revisions"}],"predecessor-version":[{"id":2231,"href":"http:\/\/www.pnt.uz.zgora.pl\/index.php?rest_route=\/wp\/v2\/pages\/2190\/revisions\/2231"}],"wp:attachment":[{"href":"http:\/\/www.pnt.uz.zgora.pl\/index.php?rest_route=%2Fwp%2Fv2%2Fmedia&parent=2190"}],"curies":[{"name":"wp","href":"https:\/\/api.w.org\/{rel}","templated":true}]}}