{"id":2110,"date":"2024-06-06T12:41:55","date_gmt":"2024-06-06T10:41:55","guid":{"rendered":"https:\/\/www.pnt.uz.zgora.pl\/?page_id=2110"},"modified":"2024-10-23T11:06:19","modified_gmt":"2024-10-23T09:06:19","slug":"sale-konferencyjne","status":"publish","type":"page","link":"http:\/\/www.pnt.uz.zgora.pl\/?page_id=2110","title":{"rendered":"Sale konferencyjne"},"content":{"rendered":"<div class=\"row\">\n\t<div class=\"wpb_content_element span12 wpb_text_column\">\n\t\t<div class=\"wpb_wrapper clearfix\">\n\t\t\t<div class=\"heading-wrap\"><h3 class=\"wpb_heading wpb_text_heading\">Nowoczesne przestrzenie konferencyjne w Parku Naukowo-Technologicznym Uniwersytetu Zielonog\u00f3rskiego<\/h3><\/div>\n\t\t\t\n<p>Zapraszamy do skorzystania z naszych nowoczesnych przestrzeni konferencyjnych, idealnie przystosowanych do organizacji szkole\u0144, konferencji oraz spotka\u0144 biznesowych. Nasze sale konferencyjne oferuj\u0105 zr\u00f3\u017cnicowane powierzchnie, dopasowane do potrzeb ka\u017cdej grupy, od kameralnych spotka\u0144 po du\u017ce wydarzenia.<\/p>\n<h4>Zr\u00f3\u017cnicowane sale konferencyjne<\/h4>\n<p>Ka\u017cda z naszych sal konferencyjnych zosta\u0142a indywidualnie wyposa\u017cona, aby zapewni\u0107 maksymalny komfort i funkcjonalno\u015b\u0107. W opisie ka\u017cdej sali znajd\u0105 Pa\u0144stwo szczeg\u00f3\u0142owe informacje dotycz\u0105ce dost\u0119pnych udogodnie\u0144 i wyposa\u017cenia, kt\u00f3re mog\u0105 zosta\u0107 dostosowane do Pa\u0144stwa wymaga\u0144.<\/p>\n<h4>Opcjonalne wyposa\u017cenie na \u017cyczenie:<\/h4>\n<ul>\n<li><strong>Laptop<\/strong>: nowoczesne laptopy z najnowszym oprogramowaniem.<\/li>\n<li><strong>Prompter<\/strong>: profesjonalne urz\u0105dzenia do prezentacji.<\/li>\n<li><strong>Flipchart (markery + papier)<\/strong>: klasyczne narz\u0119dzie do wizualizacji pomys\u0142\u00f3w.<\/li>\n<li><strong>Tablica sucho\u015bcieralna<\/strong>: idealna do dynamicznych prezentacji i notatek.<\/li>\n<\/ul>\n<h4>Techniczne wsparcie wysokiej jako\u015bci:<\/h4>\n<ul>\n<li><strong>Nag\u0142o\u015bnienie<\/strong>: profesjonalne systemy d\u017awi\u0119kowe, kt\u00f3re zapewni\u0105 doskona\u0142\u0105 jako\u015b\u0107 audio.<\/li>\n<\/ul>\n<p>Park Naukowo-Technologiczny Uniwersytetu Zielonog\u00f3rskiego to miejsce, gdzie nowoczesno\u015b\u0107 spotyka si\u0119 z funkcjonalno\u015bci\u0105. Zapewniamy najwy\u017cszy standard us\u0142ug, aby ka\u017cde spotkanie przebieg\u0142o zgodnie z Pa\u0144stwa oczekiwaniami.<\/p>\n<p>Zapraszamy do kontaktu i rezerwacji naszych przestrzeni konferencyjnych. Czekamy na Pa\u0144stwa, aby pom\u00f3c w organizacji niezapomnianego wydarzenia!<\/p>\n<h3><\/h3>\n<h3><\/h3>\n<h2>REZERWACJE<\/h2>\n<p><span class=\"link-icon fa fa-phone-square\"><i class=\"icon-phone sf-icon sf-icon-float- icon-small\"><\/i> +48 693 223 983 <i class=\"icon-envelope sf-icon sf-icon-float- icon-small\"><\/i> <a href=\"mailto:sekretariat@pnt.uz.zgora.pl\">sekretariat@pnt.uz.zgora.pl<\/a><\/span><\/p>\n<p>&nbsp;<\/p>\n\n\t\t<\/div> \n\t<\/div> <\/div>\n <div class=\"row\"><div class=\"wpb_divider standard wpb_content_element span12 \"><\/div>\n<\/div>\n <div class=\"row\">\n\t<div class=\"wpb_content_element span6 wpb_text_column\">\n\t\t<div class=\"wpb_wrapper clearfix\">\n\t\t\t<div class=\"heading-wrap\"><h3 class=\"wpb_heading wpb_text_heading\">SALA KONFERENCYJNA Z ZAPLECZEM CATERINGOWYM<\/h3><\/div>\n\t\t\t\n<p>Zapraszamy do skorzystania z naszej nowoczesnej sali konferencyjnej o powierzchni 62 m\u00b2, kt\u00f3ra jest idealna dla spotka\u0144 i wydarze\u0144 do <strong>40 os\u00f3b<\/strong>. Sala znajduje si\u0119 w Budynku Centrum Innowacji: Technologie dla Zdrowia Cz\u0142owieka, zlokalizowanym przy ulicy Nowy Kisielin &#8211; Antoniego Wysockiego 4, 66-002 Zielona G\u00f3ra.<\/p>\n<p>Do Pa\u0144stwa dyspozycji jest r\u00f3wnie\u017c zaplecze cateringowe o powierzchni 20 m\u00b2, kt\u00f3re umo\u017cliwia organizacj\u0119 przerw kawowych oraz serwowanie posi\u0142k\u00f3w podczas spotka\u0144.<\/p>\n<p>Przed budynkiem znajduje si\u0119 przestronny darmowy parking.<\/p>\n<p>&nbsp;<\/p>\n\n\t\t<\/div> \n\t<\/div>  \n\t<div class=\"wpb_content_element span6 wpb_text_column\">\n\t\t<div class=\"wpb_wrapper clearfix\">\n\t\t\t\n<p><strong>Wyposa\u017cenie:<\/strong><\/p>\n<p>Klimatyzacja<\/p>\n<p>Automatyczne rolety zewn\u0119trzne<\/p>\n<p>Rzutnik multimedialny z pod\u0142\u0105czeniem poprzez port HDMI<\/p>\n<p>Ekran LCD 65&#8243; QLED, UHD\/4K, 3840 x 2160px<\/p>\n<p>Nag\u0142o\u015bnienie przestrzenne ONKYO<\/p>\n\n\t\t<\/div> \n\t<\/div> <\/div>\n <div class=\"row\">\n\t<div class=\"wpb_content_element wpb_single_image noframe span4\">\n\t\t<div class=\"wpb_wrapper\"><figure class=\"lightbox clearfix\">\n\t\t\t<a class=\"view\" href=\"http:\/\/www.pnt.uz.zgora.pl\/wp-content\/uploads\/2024\/06\/SK1-1024x576.png\" rel=\"image-gallery\"><div class=\"overlay\"><div class=\"thumb-info\"><i class=\"icon-search\"><\/i><\/div><\/div><img loading=\"lazy\" decoding=\"async\" width=\"1366\" height=\"768\" src=\"http:\/\/www.pnt.uz.zgora.pl\/wp-content\/uploads\/2024\/06\/SK1.png\" class=\"attachment-full size-full\" alt=\"\" srcset=\"http:\/\/www.pnt.uz.zgora.pl\/wp-content\/uploads\/2024\/06\/SK1.png 1366w, http:\/\/www.pnt.uz.zgora.pl\/wp-content\/uploads\/2024\/06\/SK1-300x169.png 300w, http:\/\/www.pnt.uz.zgora.pl\/wp-content\/uploads\/2024\/06\/SK1-1024x576.png 1024w, http:\/\/www.pnt.uz.zgora.pl\/wp-content\/uploads\/2024\/06\/SK1-768x432.png 768w, http:\/\/www.pnt.uz.zgora.pl\/wp-content\/uploads\/2024\/06\/SK1-1280x720.png 1280w\" sizes=\"auto, (max-width: 1366px) 100vw, 1366px\" title=\"SK1\" \/><\/a><\/figure>\n\t\t<\/div> \n\t<\/div>  \n\t<div class=\"wpb_content_element wpb_single_image noframe span4\">\n\t\t<div class=\"wpb_wrapper\"><figure class=\"lightbox clearfix\">\n\t\t\t<a class=\"view\" href=\"http:\/\/www.pnt.uz.zgora.pl\/wp-content\/uploads\/2024\/06\/SK2-1024x576.png\" rel=\"image-gallery\"><div class=\"overlay\"><div class=\"thumb-info\"><i class=\"icon-search\"><\/i><\/div><\/div><img loading=\"lazy\" decoding=\"async\" width=\"1366\" height=\"768\" src=\"http:\/\/www.pnt.uz.zgora.pl\/wp-content\/uploads\/2024\/06\/SK2.png\" class=\"attachment-full size-full\" alt=\"\" srcset=\"http:\/\/www.pnt.uz.zgora.pl\/wp-content\/uploads\/2024\/06\/SK2.png 1366w, http:\/\/www.pnt.uz.zgora.pl\/wp-content\/uploads\/2024\/06\/SK2-300x169.png 300w, http:\/\/www.pnt.uz.zgora.pl\/wp-content\/uploads\/2024\/06\/SK2-1024x576.png 1024w, http:\/\/www.pnt.uz.zgora.pl\/wp-content\/uploads\/2024\/06\/SK2-768x432.png 768w, http:\/\/www.pnt.uz.zgora.pl\/wp-content\/uploads\/2024\/06\/SK2-1280x720.png 1280w\" sizes=\"auto, (max-width: 1366px) 100vw, 1366px\" title=\"SK2\" \/><\/a><\/figure>\n\t\t<\/div> \n\t<\/div>  \n\t<div class=\"wpb_content_element wpb_single_image noframe span4\">\n\t\t<div class=\"wpb_wrapper\"><figure class=\"lightbox clearfix\">\n\t\t\t<a class=\"view\" href=\"http:\/\/www.pnt.uz.zgora.pl\/wp-content\/uploads\/2024\/06\/SK3-1024x576.png\" rel=\"image-gallery\"><div class=\"overlay\"><div class=\"thumb-info\"><i class=\"icon-search\"><\/i><\/div><\/div><img loading=\"lazy\" decoding=\"async\" width=\"1366\" height=\"768\" src=\"http:\/\/www.pnt.uz.zgora.pl\/wp-content\/uploads\/2024\/06\/SK3.png\" class=\"attachment-full size-full\" alt=\"\" srcset=\"http:\/\/www.pnt.uz.zgora.pl\/wp-content\/uploads\/2024\/06\/SK3.png 1366w, http:\/\/www.pnt.uz.zgora.pl\/wp-content\/uploads\/2024\/06\/SK3-300x169.png 300w, http:\/\/www.pnt.uz.zgora.pl\/wp-content\/uploads\/2024\/06\/SK3-1024x576.png 1024w, http:\/\/www.pnt.uz.zgora.pl\/wp-content\/uploads\/2024\/06\/SK3-768x432.png 768w, http:\/\/www.pnt.uz.zgora.pl\/wp-content\/uploads\/2024\/06\/SK3-1280x720.png 1280w\" sizes=\"auto, (max-width: 1366px) 100vw, 1366px\" title=\"SK3\" \/><\/a><\/figure>\n\t\t<\/div> \n\t<\/div> <\/div>\n <div class=\"row\">\n\t<div class=\"wpb_content_element wpb_single_image noframe span4\">\n\t\t<div class=\"wpb_wrapper\"><figure class=\"lightbox clearfix\">\n\t\t\t<a class=\"view\" href=\"http:\/\/www.pnt.uz.zgora.pl\/wp-content\/uploads\/2024\/06\/SK4-1024x576.png\" rel=\"image-gallery\"><div class=\"overlay\"><div class=\"thumb-info\"><i class=\"icon-search\"><\/i><\/div><\/div><img loading=\"lazy\" decoding=\"async\" width=\"1366\" height=\"768\" src=\"http:\/\/www.pnt.uz.zgora.pl\/wp-content\/uploads\/2024\/06\/SK4.png\" class=\"attachment-full size-full\" alt=\"\" srcset=\"http:\/\/www.pnt.uz.zgora.pl\/wp-content\/uploads\/2024\/06\/SK4.png 1366w, http:\/\/www.pnt.uz.zgora.pl\/wp-content\/uploads\/2024\/06\/SK4-300x169.png 300w, http:\/\/www.pnt.uz.zgora.pl\/wp-content\/uploads\/2024\/06\/SK4-1024x576.png 1024w, http:\/\/www.pnt.uz.zgora.pl\/wp-content\/uploads\/2024\/06\/SK4-768x432.png 768w, http:\/\/www.pnt.uz.zgora.pl\/wp-content\/uploads\/2024\/06\/SK4-1280x720.png 1280w\" sizes=\"auto, (max-width: 1366px) 100vw, 1366px\" title=\"SK4\" \/><\/a><\/figure>\n\t\t<\/div> \n\t<\/div>  \n\t<div class=\"wpb_content_element wpb_single_image noframe span4\">\n\t\t<div class=\"wpb_wrapper\"><figure class=\"lightbox clearfix\">\n\t\t\t<a class=\"view\" href=\"http:\/\/www.pnt.uz.zgora.pl\/wp-content\/uploads\/2024\/06\/SK5-1024x576.png\" rel=\"image-gallery\"><div class=\"overlay\"><div class=\"thumb-info\"><i class=\"icon-search\"><\/i><\/div><\/div><img loading=\"lazy\" decoding=\"async\" width=\"1366\" height=\"768\" src=\"http:\/\/www.pnt.uz.zgora.pl\/wp-content\/uploads\/2024\/06\/SK5.png\" class=\"attachment-full size-full\" alt=\"\" srcset=\"http:\/\/www.pnt.uz.zgora.pl\/wp-content\/uploads\/2024\/06\/SK5.png 1366w, http:\/\/www.pnt.uz.zgora.pl\/wp-content\/uploads\/2024\/06\/SK5-300x169.png 300w, http:\/\/www.pnt.uz.zgora.pl\/wp-content\/uploads\/2024\/06\/SK5-1024x576.png 1024w, http:\/\/www.pnt.uz.zgora.pl\/wp-content\/uploads\/2024\/06\/SK5-768x432.png 768w, http:\/\/www.pnt.uz.zgora.pl\/wp-content\/uploads\/2024\/06\/SK5-1280x720.png 1280w\" sizes=\"auto, (max-width: 1366px) 100vw, 1366px\" title=\"SK5\" \/><\/a><\/figure>\n\t\t<\/div> \n\t<\/div>  \n\t<div class=\"wpb_content_element wpb_single_image noframe span4\">\n\t\t<div class=\"wpb_wrapper\"><figure class=\"lightbox clearfix\">\n\t\t\t<a class=\"view\" href=\"http:\/\/www.pnt.uz.zgora.pl\/wp-content\/uploads\/2024\/06\/SK6-1024x576.png\" rel=\"image-gallery\"><div class=\"overlay\"><div class=\"thumb-info\"><i class=\"icon-search\"><\/i><\/div><\/div><img loading=\"lazy\" decoding=\"async\" width=\"1366\" height=\"768\" src=\"http:\/\/www.pnt.uz.zgora.pl\/wp-content\/uploads\/2024\/06\/SK6.png\" class=\"attachment-full size-full\" alt=\"\" srcset=\"http:\/\/www.pnt.uz.zgora.pl\/wp-content\/uploads\/2024\/06\/SK6.png 1366w, http:\/\/www.pnt.uz.zgora.pl\/wp-content\/uploads\/2024\/06\/SK6-300x169.png 300w, http:\/\/www.pnt.uz.zgora.pl\/wp-content\/uploads\/2024\/06\/SK6-1024x576.png 1024w, http:\/\/www.pnt.uz.zgora.pl\/wp-content\/uploads\/2024\/06\/SK6-768x432.png 768w, http:\/\/www.pnt.uz.zgora.pl\/wp-content\/uploads\/2024\/06\/SK6-1280x720.png 1280w\" sizes=\"auto, (max-width: 1366px) 100vw, 1366px\" title=\"SK6\" \/><\/a><\/figure>\n\t\t<\/div> \n\t<\/div> <\/div>\n <div class=\"row\"><div class=\"wpb_divider standard wpb_content_element span12 \"><\/div>\n<\/div>\n\n","protected":false},"excerpt":{"rendered":"","protected":false},"author":1,"featured_media":0,"parent":0,"menu_order":0,"comment_status":"closed","ping_status":"closed","template":"","meta":{"footnotes":""},"class_list":["post-2110","page","type-page","status-publish","hentry"],"_links":{"self":[{"href":"http:\/\/www.pnt.uz.zgora.pl\/index.php?rest_route=\/wp\/v2\/pages\/2110","targetHints":{"allow":["GET"]}}],"collection":[{"href":"http:\/\/www.pnt.uz.zgora.pl\/index.php?rest_route=\/wp\/v2\/pages"}],"about":[{"href":"http:\/\/www.pnt.uz.zgora.pl\/index.php?rest_route=\/wp\/v2\/types\/page"}],"author":[{"embeddable":true,"href":"http:\/\/www.pnt.uz.zgora.pl\/index.php?rest_route=\/wp\/v2\/users\/1"}],"replies":[{"embeddable":true,"href":"http:\/\/www.pnt.uz.zgora.pl\/index.php?rest_route=%2Fwp%2Fv2%2Fcomments&post=2110"}],"version-history":[{"count":24,"href":"http:\/\/www.pnt.uz.zgora.pl\/index.php?rest_route=\/wp\/v2\/pages\/2110\/revisions"}],"predecessor-version":[{"id":2179,"href":"http:\/\/www.pnt.uz.zgora.pl\/index.php?rest_route=\/wp\/v2\/pages\/2110\/revisions\/2179"}],"wp:attachment":[{"href":"http:\/\/www.pnt.uz.zgora.pl\/index.php?rest_route=%2Fwp%2Fv2%2Fmedia&parent=2110"}],"curies":[{"name":"wp","href":"https:\/\/api.w.org\/{rel}","templated":true}]}}