{"id":1929,"date":"2024-04-03T11:20:26","date_gmt":"2024-04-03T09:20:26","guid":{"rendered":"https:\/\/www.pnt.uz.zgora.pl\/?page_id=1929"},"modified":"2024-04-03T11:20:49","modified_gmt":"2024-04-03T09:20:49","slug":"aktualnosci","status":"publish","type":"page","link":"http:\/\/www.pnt.uz.zgora.pl\/?page_id=1929","title":{"rendered":"Aktualno\u015bci"},"content":{"rendered":"<div class=\"row\">\n\t<div class=\"wpb_blog_widget wpb_content_element span12\">\n\t\t<div class=\"wpb_wrapper blog-wrap\">\n\t\t\t\t<div class=\"blog-aux-wrap row\"><ul class=\"blog-aux-options span12\"><li><a href=\"#\" class=\"blog-slideout-trigger\" data-aux=\"categories\"><i class=\"icon-list\"><\/i>Categories<\/a><li><a href=\"#\" class=\"blog-slideout-trigger\" data-aux=\"tags\"><i class=\"icon-tags\"><\/i>Tags<\/a><li class=\"blog-aux-search\"><form method=\"get\" class=\"search-form\" action=\"http:\/\/www.pnt.uz.zgora.pl\/\"><input type=\"text\" placeholder=\"Search\" name=\"s\" \/><\/form><\/li><li><a href=\"#\" class=\"blog-slideout-trigger\" data-aux=\"archives\"><i class=\"icon-list\"><\/i>Archives<\/a><li><a href=\"?feed=rss2\" class=\"rss-link\" target=\"_blank\"><i class=\"icon-rss\"><\/i>RSS<\/a><\/ul><\/div><div class=\"filter-wrap blog-filter-wrap row clearfix\"><div class=\"filter-slide-wrap span12 alt-bg none\"><ul class=\"aux-list aux-categories row clearfix\">\t<li class=\"cat-item cat-item-11\"><a href=\"http:\/\/www.pnt.uz.zgora.pl\/?cat=11\">Aktualno\u015bci <span>(61)<\/span><\/a> \n<\/li>\n\t<li class=\"cat-item cat-item-19\"><a href=\"http:\/\/www.pnt.uz.zgora.pl\/?cat=19\">Aktualno\u015bci CBZiE <span>(32)<\/span><\/a> \n<\/li>\n\t<li class=\"cat-item cat-item-18\"><a href=\"http:\/\/www.pnt.uz.zgora.pl\/?cat=18\">Aktualno\u015bci CL <span>(23)<\/span><\/a> \n<\/li>\n\t<li class=\"cat-item cat-item-20\"><a href=\"http:\/\/www.pnt.uz.zgora.pl\/?cat=20\">Aktualno\u015bci CTI <span>(25)<\/span><\/a> \n<\/li>\n\t<li class=\"cat-item cat-item-17\"><a href=\"http:\/\/www.pnt.uz.zgora.pl\/?cat=17\">Aktualno\u015bci TdZC <span>(35)<\/span><\/a> \n<\/li>\n<\/ul><ul class=\"aux-list aux-archives row clearfix\">\t<li><a href='http:\/\/www.pnt.uz.zgora.pl\/?m=202511'>listopad 2025<\/a><\/li>\n\t<li><a href='http:\/\/www.pnt.uz.zgora.pl\/?m=202509'>wrzesie\u0144 2025<\/a><\/li>\n\t<li><a href='http:\/\/www.pnt.uz.zgora.pl\/?m=202507'>lipiec 2025<\/a><\/li>\n\t<li><a href='http:\/\/www.pnt.uz.zgora.pl\/?m=202408'>sierpie\u0144 2024<\/a><\/li>\n\t<li><a href='http:\/\/www.pnt.uz.zgora.pl\/?m=202406'>czerwiec 2024<\/a><\/li>\n\t<li><a href='http:\/\/www.pnt.uz.zgora.pl\/?m=202402'>luty 2024<\/a><\/li>\n\t<li><a href='http:\/\/www.pnt.uz.zgora.pl\/?m=202401'>stycze\u0144 2024<\/a><\/li>\n\t<li><a href='http:\/\/www.pnt.uz.zgora.pl\/?m=202311'>listopad 2023<\/a><\/li>\n\t<li><a href='http:\/\/www.pnt.uz.zgora.pl\/?m=202305'>maj 2023<\/a><\/li>\n\t<li><a href='http:\/\/www.pnt.uz.zgora.pl\/?m=202304'>kwiecie\u0144 2023<\/a><\/li>\n\t<li><a href='http:\/\/www.pnt.uz.zgora.pl\/?m=202303'>marzec 2023<\/a><\/li>\n\t<li><a href='http:\/\/www.pnt.uz.zgora.pl\/?m=202302'>luty 2023<\/a><\/li>\n\t<li><a href='http:\/\/www.pnt.uz.zgora.pl\/?m=202301'>stycze\u0144 2023<\/a><\/li>\n\t<li><a href='http:\/\/www.pnt.uz.zgora.pl\/?m=202210'>pa\u017adziernik 2022<\/a><\/li>\n\t<li><a href='http:\/\/www.pnt.uz.zgora.pl\/?m=202208'>sierpie\u0144 2022<\/a><\/li>\n\t<li><a href='http:\/\/www.pnt.uz.zgora.pl\/?m=202206'>czerwiec 2022<\/a><\/li>\n\t<li><a href='http:\/\/www.pnt.uz.zgora.pl\/?m=202204'>kwiecie\u0144 2022<\/a><\/li>\n\t<li><a href='http:\/\/www.pnt.uz.zgora.pl\/?m=202201'>stycze\u0144 2022<\/a><\/li>\n\t<li><a href='http:\/\/www.pnt.uz.zgora.pl\/?m=202110'>pa\u017adziernik 2021<\/a><\/li>\n\t<li><a href='http:\/\/www.pnt.uz.zgora.pl\/?m=202109'>wrzesie\u0144 2021<\/a><\/li>\n\t<li><a href='http:\/\/www.pnt.uz.zgora.pl\/?m=202108'>sierpie\u0144 2021<\/a><\/li>\n\t<li><a href='http:\/\/www.pnt.uz.zgora.pl\/?m=202106'>czerwiec 2021<\/a><\/li>\n\t<li><a href='http:\/\/www.pnt.uz.zgora.pl\/?m=202105'>maj 2021<\/a><\/li>\n\t<li><a href='http:\/\/www.pnt.uz.zgora.pl\/?m=202103'>marzec 2021<\/a><\/li>\n\t<li><a href='http:\/\/www.pnt.uz.zgora.pl\/?m=202102'>luty 2021<\/a><\/li>\n\t<li><a href='http:\/\/www.pnt.uz.zgora.pl\/?m=202011'>listopad 2020<\/a><\/li>\n\t<li><a href='http:\/\/www.pnt.uz.zgora.pl\/?m=202010'>pa\u017adziernik 2020<\/a><\/li>\n\t<li><a href='http:\/\/www.pnt.uz.zgora.pl\/?m=202009'>wrzesie\u0144 2020<\/a><\/li>\n\t<li><a href='http:\/\/www.pnt.uz.zgora.pl\/?m=202007'>lipiec 2020<\/a><\/li>\n\t<li><a href='http:\/\/www.pnt.uz.zgora.pl\/?m=202004'>kwiecie\u0144 2020<\/a><\/li>\n\t<li><a href='http:\/\/www.pnt.uz.zgora.pl\/?m=201912'>grudzie\u0144 2019<\/a><\/li>\n\t<li><a href='http:\/\/www.pnt.uz.zgora.pl\/?m=201911'>listopad 2019<\/a><\/li>\n\t<li><a href='http:\/\/www.pnt.uz.zgora.pl\/?m=201910'>pa\u017adziernik 2019<\/a><\/li>\n\t<li><a href='http:\/\/www.pnt.uz.zgora.pl\/?m=201906'>czerwiec 2019<\/a><\/li>\n\t<li><a href='http:\/\/www.pnt.uz.zgora.pl\/?m=201711'>listopad 2017<\/a><\/li>\n\t<li><a href='http:\/\/www.pnt.uz.zgora.pl\/?m=201403'>marzec 2014<\/a><\/li>\n<\/ul><\/div><\/div>\n\t\t\t\t<ul class=\"blog-items row mini-items clearfix\"><li class=\"blog-item span12 format-standard\"><div class=\"blog-details-wrap\"><h3><a href=\"http:\/\/www.pnt.uz.zgora.pl\/?p=2232\">Zaproszenie do realizacji grant\u00f3w w ramach projektu \u201eScience4Business \u2013 Nauka dla Biznesu\u201d \u2013 zadanie nr 1 \u201eInkubator Rozwoju\u201d<\/a><\/h3><div class=\"blog-item-details\">By <a href=\"http:\/\/www.pnt.uz.zgora.pl\/?author=12\">Agnieszka Lednik<\/a> on 4 listopada 2025<\/div><div class=\"comments-likes\"><div class=\"love-it-wrapper\"><a href=\"#\" class=\"love-it\" data-post-id=\"2232\" data-user-id=\"0\"><i class=\"icon-heart\"><\/i><\/a> <span class=\"love-count\">0<\/span><\/div><\/div><div class=\"excerpt\"><p>Park Naukowo-Technologiczny Uniwersytetu Zielonog\u00f3rskiego Sp. z o.o. (PNT-UZ) zaprasza Pracownik\u00f3w PNT-UZ do zg\u0142aszania propozycji grant\u00f3w (minigrant\u00f3w) na prace przedwdro\u017ceniowe...<\/p><\/div><\/div><\/li><li class=\"blog-item span12 format-standard\"><div class=\"blog-details-wrap\"><h3><a href=\"http:\/\/www.pnt.uz.zgora.pl\/?p=2214\">Informacja o po\u0142\u0105czeniu sp\u00f3\u0142ek<\/a><\/h3><div class=\"blog-item-details\">By <a href=\"http:\/\/www.pnt.uz.zgora.pl\/?author=12\">Agnieszka Lednik<\/a> on 30 wrze\u015bnia 2025<\/div><div class=\"comments-likes\"><div class=\"love-it-wrapper\"><a href=\"#\" class=\"love-it\" data-post-id=\"2214\" data-user-id=\"0\"><i class=\"icon-heart\"><\/i><\/a> <span class=\"love-count\">0<\/span><\/div><\/div><div class=\"excerpt\"><p>Park Naukowo-Technologiczny Uniwersytetu Zielonog\u00f3rskiego Sp. z o.o. oraz Centra Badawczo-Rozwojowe Uniwersytetu Zielonog\u00f3rskiego Sp. z o.o. realizuj\u0105 ostatni etap planu...<\/p><\/div><\/div><\/li><li class=\"blog-item span12 format-standard\"><div class=\"blog-details-wrap\"><h3><a href=\"http:\/\/www.pnt.uz.zgora.pl\/?p=2211\">Innowacje, kt\u00f3re trafiaj\u0105 do biznesu \u2013 PNT UZ w projekcie Science4Business<\/a><\/h3><div class=\"blog-item-details\">By <a href=\"http:\/\/www.pnt.uz.zgora.pl\/?author=12\">Agnieszka Lednik<\/a> on 23 lipca 2025<\/div><div class=\"comments-likes\"><div class=\"love-it-wrapper\"><a href=\"#\" class=\"love-it\" data-post-id=\"2211\" data-user-id=\"0\"><i class=\"icon-heart\"><\/i><\/a> <span class=\"love-count\">0<\/span><\/div><\/div><div class=\"excerpt\"><p>Park Naukowo Technologiczny Uniwersytetu Zielonog\u00f3rskiego realizuje projekt \u201eScience4Business \u2013 Nauka dla Biznesu\u201d, realizowanym przez Ministerstwo Nauki w ramach dzia\u0142ania...<\/p><\/div><\/div><\/li><li class=\"blog-item span12 format-standard\"><div class=\"blog-details-wrap\"><h3><a href=\"http:\/\/www.pnt.uz.zgora.pl\/?p=2161\">\u201eScience4Business &#8211; Nauka dla Biznesu\u201d &#8211; PNT partnerem w Inkubatorze Rozwoju<\/a><\/h3><div class=\"blog-item-details\">By <a href=\"http:\/\/www.pnt.uz.zgora.pl\/?author=1\"><a href=\"http:\/\/www.new.pnt.uz.zgora.pl\" title=\"Odwied\u017a witryn\u0119 internetow\u0105 osoby podpisuj\u0105cej si\u0119 &#8222;admin&#8221;\" rel=\"author external\">admin<\/a><\/a> on 27 sierpnia 2024<\/div><div class=\"comments-likes\"><div class=\"love-it-wrapper\"><a href=\"#\" class=\"love-it\" data-post-id=\"2161\" data-user-id=\"0\"><i class=\"icon-heart\"><\/i><\/a> <span class=\"love-count\">10<\/span><\/div><\/div><div class=\"excerpt\"><p>Mi\u0142o nam poinformowa\u0107, \u017ce znale\u017ali\u015bmy si\u0119 na podium konsorcj\u00f3w zakwalifikowanych do realizacji zadania nr 1 &#8222;Inkubator Rozwoju&#8221; w ramach...<\/p><\/div><\/div><\/li><li class=\"blog-item span12 format-standard\"><div class=\"blog-details-wrap\"><h3><a href=\"http:\/\/www.pnt.uz.zgora.pl\/?p=2157\">Bezp\u0142atne spotkania informacyjnie w zakresie rozwoju eksportu i inwestycji za granic\u0105<\/a><\/h3><div class=\"blog-item-details\">By <a href=\"http:\/\/www.pnt.uz.zgora.pl\/?author=1\"><a href=\"http:\/\/www.new.pnt.uz.zgora.pl\" title=\"Odwied\u017a witryn\u0119 internetow\u0105 osoby podpisuj\u0105cej si\u0119 &#8222;admin&#8221;\" rel=\"author external\">admin<\/a><\/a> on 12 sierpnia 2024<\/div><div class=\"comments-likes\"><div class=\"love-it-wrapper\"><a href=\"#\" class=\"love-it\" data-post-id=\"2157\" data-user-id=\"0\"><i class=\"icon-heart\"><\/i><\/a> <span class=\"love-count\">2<\/span><\/div><\/div><div class=\"excerpt\"><p>W imieniu Urz\u0119du Marsza\u0142kowskiego Wojew\u00f3dztwa Lubuskiego \u2013 Centrum Obs\u0142ugi Inwestor\u00f3w i Eksporter\u00f3w, serdecznie zapraszamy do udzia\u0142u w bezp\u0142atnych spotkaniach...<\/p><\/div><\/div><\/li><\/ul><div class=\"pagination-wrap\"><ul class=\"pagenavi\">\n<li><span class=\"current\">1<\/span><\/li><li><a href=\"http:\/\/www.pnt.uz.zgora.pl\/index.php?rest_route=%2Fwp%2Fv2%2Fpages%2F1929&#038;paged=2\" class=\"single_page\" title=\"2\">2<\/a><\/li><li><a href=\"http:\/\/www.pnt.uz.zgora.pl\/index.php?rest_route=%2Fwp%2Fv2%2Fpages%2F1929&#038;paged=3\" class=\"single_page\" title=\"3\">3<\/a><\/li><li><a href=\"http:\/\/www.pnt.uz.zgora.pl\/index.php?rest_route=%2Fwp%2Fv2%2Fpages%2F1929&#038;paged=4\" class=\"single_page\" title=\"4\">4<\/a><\/li><li><a href=\"http:\/\/www.pnt.uz.zgora.pl\/index.php?rest_route=%2Fwp%2Fv2%2Fpages%2F1929&#038;paged=5\" class=\"single_page\" title=\"5\">5<\/a><\/li><li><span class=\"expand\">...<\/span><\/li><li><a href=\"http:\/\/www.pnt.uz.zgora.pl\/index.php?rest_route=%2Fwp%2Fv2%2Fpages%2F1929&#038;paged=13\" class=\"last\" title=\"Last Page\">13<\/a><\/li><li class=\"next\"><a href=\"http:\/\/www.pnt.uz.zgora.pl\/index.php?rest_route=%2Fwp%2Fv2%2Fpages%2F1929&#038;paged=2\" >Next <i class='icon-angle-right'><\/i><\/a><\/li><\/ul>\n<\/div>\n\t\t<\/div> \n\t<\/div> <\/div>\n\n","protected":false},"excerpt":{"rendered":"","protected":false},"author":1,"featured_media":0,"parent":0,"menu_order":0,"comment_status":"closed","ping_status":"closed","template":"","meta":{"footnotes":""},"class_list":["post-1929","page","type-page","status-publish","hentry"],"_links":{"self":[{"href":"http:\/\/www.pnt.uz.zgora.pl\/index.php?rest_route=\/wp\/v2\/pages\/1929","targetHints":{"allow":["GET"]}}],"collection":[{"href":"http:\/\/www.pnt.uz.zgora.pl\/index.php?rest_route=\/wp\/v2\/pages"}],"about":[{"href":"http:\/\/www.pnt.uz.zgora.pl\/index.php?rest_route=\/wp\/v2\/types\/page"}],"author":[{"embeddable":true,"href":"http:\/\/www.pnt.uz.zgora.pl\/index.php?rest_route=\/wp\/v2\/users\/1"}],"replies":[{"embeddable":true,"href":"http:\/\/www.pnt.uz.zgora.pl\/index.php?rest_route=%2Fwp%2Fv2%2Fcomments&post=1929"}],"version-history":[{"count":2,"href":"http:\/\/www.pnt.uz.zgora.pl\/index.php?rest_route=\/wp\/v2\/pages\/1929\/revisions"}],"predecessor-version":[{"id":1931,"href":"http:\/\/www.pnt.uz.zgora.pl\/index.php?rest_route=\/wp\/v2\/pages\/1929\/revisions\/1931"}],"wp:attachment":[{"href":"http:\/\/www.pnt.uz.zgora.pl\/index.php?rest_route=%2Fwp%2Fv2%2Fmedia&parent=1929"}],"curies":[{"name":"wp","href":"https:\/\/api.w.org\/{rel}","templated":true}]}}