{"id":180,"date":"2020-09-24T10:48:49","date_gmt":"2020-09-24T08:48:49","guid":{"rendered":"http:\/\/www.new.pnt.uz.zgora.pl\/?page_id=180"},"modified":"2020-10-30T08:11:09","modified_gmt":"2020-10-30T07:11:09","slug":"proinnowacyjne-centrum-wsparcia-dla-msp","status":"publish","type":"page","link":"http:\/\/www.pnt.uz.zgora.pl\/?page_id=180","title":{"rendered":"Proinnowacyjne Centrum Wsparcia dla M\u015aP"},"content":{"rendered":"<div class=\"row\">\n\t<div class=\"wpb_content_element span12 wpb_text_column\">\n\t\t<div class=\"wpb_wrapper clearfix\">\n\t\t\t\n<p style=\"font-weight: 400;\">Projekt\u00a0 pn.\u00a0<b><strong><i><em>\u201eProinnowacyjne Centrum Wsparcia dla M\u015aP\u201d<\/em><\/i><\/strong><\/b>\u00a0(PCW), wsp\u00f3\u0142finansowany przez Uni\u0119 Europejsk\u0105 ze \u015brodk\u00f3w Europejskiego Funduszu Spo\u0142ecznego w ramach Regionalnego Programu Operacyjnego \u2013 Lubuskie 2020, O\u015b Priorytetowa I Gospodarka i innowacja, 1.2 Dzia\u0142anie rozw\u00f3j przedsi\u0119biorczo\u015bci,<br \/>\nnr umowy RPLB.01.02.00-08-0009\/16-00.<\/p>\n<p style=\"font-weight: 400;\">Projekt zak\u0142ada budowanie systemu wspierania innowacyjnej struktury PNT UZ Sp. z o.o. maj\u0105cej na celu prze\u0142amanie istniej\u0105cych barier. Obejmuje \u015bwiadczenie us\u0142ug proinnowacyjnych dla M\u015aP\u00a0w zakresie zarz\u0105dzania innowacyjnymi projektami, transferu technologii oraz komercjalizacji produkt\u00f3w i us\u0142ug, doradztwa technicznego i patentowego, szkole\u0144 i specjalistycznych baz danych. Dzi\u0119ki realizacji tego projektu PNT UZ Sp. z o.o. rozszerzy swoje us\u0142ugi m.in. o wykonywanie audyt\u00f3w, o udzielanie doradztwa z zakresu zarz\u0105dzania firm\u0105, o pomoc w komercjalizacji technologii,\u00a0a tak\u017ce o udost\u0119pnienie przedsi\u0119biorcom proinnowacyjnej us\u0142ugi na lubuskim rynku, jak\u0105 jest wycena w\u0142asno\u015bci intelektualnej.<\/p>\n<p style=\"font-weight: 400;\">Dzia\u0142ania, kt\u00f3re zostan\u0105 podj\u0119te w ramach projektu :<\/p>\n<ol>\n<li style=\"font-weight: 400;\">Budowanie system\u00f3w umo\u017cliwiaj\u0105cych komercjalizacj\u0119 technologii dla M\u015aP.<\/li>\n<li style=\"font-weight: 400;\">Wskazanie procedur zarz\u0105dzania w\u0142asno\u015bci\u0105 intelektualn\u0105 dla M\u015aP.<\/li>\n<li style=\"font-weight: 400;\">Utworzenie Punktu\u00a0 Doradczego z ww. zakresu dla M\u015aP.<\/li>\n<li style=\"font-weight: 400;\">Realizowanie us\u0142ug szkoleniowych.<\/li>\n<li style=\"font-weight: 400;\">Wykonywanie opracowa\u0144 merytorycznych dla M\u015aP.<\/li>\n<\/ol>\n<p style=\"font-weight: 400;\">Celem projektu jest zwi\u0119kszenie zainteresowania wdro\u017ceniem nowatorskich rozwi\u0105za\u0144 przez firmy, wzrost liczby zg\u0142osze\u0144 patentowych, komercjalizowanych technologii i rozwi\u0105za\u0144 innowacyjnych,\u00a0 zwi\u0119kszenie efektywno\u015bci i skuteczno\u015bci dzia\u0142a\u0144 Parku, podniesienie kompetencji M\u015aP dotycz\u0105cych komercjalizacji wiedzy oraz ochrony praw w\u0142asno\u015bci intelektualnej.<\/p>\n\n\t\t<\/div> \n\t<\/div> <\/div>\n <div class=\"row\"><div class=\"wpb_divider standard wpb_content_element span12 \"><\/div>\n<\/div>\n <div class=\"row\">\n\t<div class=\"wpb_content_element span12 wpb_text_column\">\n\t\t<div class=\"wpb_wrapper clearfix\">\n\t\t\t\n<h3><a href=\"http:\/\/www.pnt.uz.zgora.pl\/?page_id=709\">PLATFORMA INFORMACYJNA I WSPOMAGAJ\u0104CA KOMERCJALIZACJ\u0118 TECHNOLOGII I ZARZ\u0104DZANIA W\u0141ASNO\u015aCI\u0104 INTELEKTUALN\u0104 M\u015aP<\/a><\/h3>\n\n\t\t<\/div> \n\t<\/div> <\/div>\n <div class=\"row\"><div class=\"wpb_divider standard wpb_content_element span12 \"><\/div>\n<\/div>\n <div class=\"row\">\n\t<div class=\"wpb_content_element span12 wpb_text_column\">\n\t\t<div class=\"wpb_wrapper clearfix\">\n\t\t\t\n<h3><a href=\"http:\/\/www.pnt.uz.zgora.pl\/?page_id=707\">PROCEDURA INFORMACYJNO-WSPOMAGAJ\u0104CA KOMERCJALIZACJ\u0118 TECHNOLOGII I ZARZ\u0104DZANIA W\u0141ASNO\u015aCI\u0104 INTELEKTUALN\u0104. ZG\u0141OSZENIAMI PATENTOWYMI, WDRO\u017bENIAMI, ZARZ\u0104DZANIE WZORAMI U\u017bYTKOWYMI<\/a><\/h3>\n\n\t\t<\/div> \n\t<\/div> <\/div>\n <div class=\"row\"><div class=\"wpb_divider standard wpb_content_element span12 \"><\/div>\n<\/div>\n <div class=\"row\">\n\t<div class=\"wpb_content_element span12 wpb_text_column\">\n\t\t<div class=\"wpb_wrapper clearfix\">\n\t\t\t\n<h3><a href=\"http:\/\/www.pnt.uz.zgora.pl\/?page_id=1017\">Baza danych innowacyjnych technologii M\u015aP<\/a><\/h3>\n\n\t\t<\/div> \n\t<\/div> <\/div>\n <div class=\"row\"><div class=\"wpb_divider thin wpb_content_element alt-bg span12 \"><\/div>\n<\/div>\n <div class=\"row\">\n\t<div class=\"wpb_content_element wpb_single_image noframe span12\">\n\t\t<div class=\"wpb_wrapper\"><figure class=\"clearfix\">\n\t\t\t<img loading=\"lazy\" decoding=\"async\" width=\"1200\" height=\"139\" src=\"http:\/\/www.pnt.uz.zgora.pl\/wp-content\/uploads\/2020\/09\/logo_unia.png\" class=\"attachment-full size-full\" alt=\"\" srcset=\"http:\/\/www.pnt.uz.zgora.pl\/wp-content\/uploads\/2020\/09\/logo_unia.png 1200w, http:\/\/www.pnt.uz.zgora.pl\/wp-content\/uploads\/2020\/09\/logo_unia-300x35.png 300w, http:\/\/www.pnt.uz.zgora.pl\/wp-content\/uploads\/2020\/09\/logo_unia-1024x119.png 1024w, http:\/\/www.pnt.uz.zgora.pl\/wp-content\/uploads\/2020\/09\/logo_unia-768x89.png 768w\" sizes=\"auto, (max-width: 1200px) 100vw, 1200px\" title=\"logo_unia\" \/><\/figure>\n\t\t<\/div> \n\t<\/div> <\/div>\n\n","protected":false},"excerpt":{"rendered":"","protected":false},"author":2,"featured_media":0,"parent":0,"menu_order":0,"comment_status":"closed","ping_status":"closed","template":"","meta":{"footnotes":""},"class_list":["post-180","page","type-page","status-publish","hentry"],"_links":{"self":[{"href":"http:\/\/www.pnt.uz.zgora.pl\/index.php?rest_route=\/wp\/v2\/pages\/180","targetHints":{"allow":["GET"]}}],"collection":[{"href":"http:\/\/www.pnt.uz.zgora.pl\/index.php?rest_route=\/wp\/v2\/pages"}],"about":[{"href":"http:\/\/www.pnt.uz.zgora.pl\/index.php?rest_route=\/wp\/v2\/types\/page"}],"author":[{"embeddable":true,"href":"http:\/\/www.pnt.uz.zgora.pl\/index.php?rest_route=\/wp\/v2\/users\/2"}],"replies":[{"embeddable":true,"href":"http:\/\/www.pnt.uz.zgora.pl\/index.php?rest_route=%2Fwp%2Fv2%2Fcomments&post=180"}],"version-history":[{"count":15,"href":"http:\/\/www.pnt.uz.zgora.pl\/index.php?rest_route=\/wp\/v2\/pages\/180\/revisions"}],"predecessor-version":[{"id":1090,"href":"http:\/\/www.pnt.uz.zgora.pl\/index.php?rest_route=\/wp\/v2\/pages\/180\/revisions\/1090"}],"wp:attachment":[{"href":"http:\/\/www.pnt.uz.zgora.pl\/index.php?rest_route=%2Fwp%2Fv2%2Fmedia&parent=180"}],"curies":[{"name":"wp","href":"https:\/\/api.w.org\/{rel}","templated":true}]}}