{"id":158,"date":"2020-09-24T10:38:51","date_gmt":"2020-09-24T08:38:51","guid":{"rendered":"http:\/\/www.new.pnt.uz.zgora.pl\/?page_id=158"},"modified":"2020-10-02T12:41:04","modified_gmt":"2020-10-02T10:41:04","slug":"polityka-prywatnosci-2","status":"publish","type":"page","link":"http:\/\/www.pnt.uz.zgora.pl\/?page_id=158","title":{"rendered":"Polityka prywatno\u015bci"},"content":{"rendered":"<div class=\"row\">\n\t<div class=\"wpb_content_element span12 wpb_text_column\">\n\t\t<div class=\"wpb_wrapper clearfix\">\n\t\t\t\n<p><em>Szanowna U\u017cytkowniczko, Szanowny U\u017cytkowniku<\/em>,<\/p>\n<p>Na naszej stronie u\u017cywamy technologii (takich jak pliki cookies) do zbierania i przetwarzania danych osobowych w celu analizowania ruchu na stronie\u00a0www.pnt.uz.zgora.pl. Pragniemy zapozna\u0107 Ci\u0119 ze szczeg\u00f3\u0142ami stosowanych przez nas technologii oraz z przepisami, kt\u00f3re niebawem wejd\u0105 w \u017cycie, tak aby da\u0107 Ci pe\u0142n\u0105 wiedz\u0119 i komfort w korzystaniu z naszego serwisu internetowego. Zapoznaj si\u0119 z poni\u017cszymi informacjami przed przej\u015bciem do serwisu.<\/p>\n<p><strong>RODO<\/strong><\/p>\n<p>Z dniem 25 maja 2018 r. rozpoczyna obowi\u0105zywanie Rozporz\u0105dzenie Parlamentu Europejskiego i Rady (UE) 2016\/679 z dnia 27 kwietnia 2016 r. w sprawie ochrony os\u00f3b fizycznych w zwi\u0105zku z przetwarzaniem danych osobowych i w sprawie swobodnego przep\u0142ywu takich danych oraz uchylenia dyrektywy 95\/46\/WE (okre\u015blane popularnie jako \u201eRODO\u201d). RODO obowi\u0105zywa\u0107 b\u0119dzie w identycznym zakresie we wszystkich krajach Unii Europejskiej, a wi\u0119c tak\u017ce w Polsce i wprowadza szereg zmian w zasadach reguluj\u0105cych przetwarzanie danych osobowych. W tej informacji przedstawiamy skr\u00f3t najwa\u017cniejszych zagadnie\u0144 dotycz\u0105cych przetwarzania Twoich danych osobowych, jakie mo\u017ce mie\u0107 miejsce po 25 maja 2018 r. w zwi\u0105zku z korzystaniem z naszych us\u0142ug. Prosimy Ci\u0119 o jej przeczytanie.<\/p>\n<p><strong>Czym s\u0105 dane osobowe?<\/strong><\/p>\n<p>Dane osobowe to, zgodnie z RODO, informacje o zidentyfikowanej lub mo\u017cliwej do zidentyfikowania osobie fizycznej. W przypadku korzystania z naszego serwisu takimi danymi s\u0105 np. adres e-mail, adres IP lub Twoje dane w koncie poczty elektronicznej. Dane osobowe mog\u0105 by\u0107 zapisywane w plikach cookies lub podobnych technologiach instalowanych przez nas na naszej stronie i urz\u0105dzeniach, kt\u00f3rych u\u017cywasz podczas korzystania z naszej strony www.<\/p>\n<p><strong>Podstawa i cel przetwarzania<\/strong><\/p>\n<p>Przetwarzanie danych osobowych wymaga podstawy prawnej. RODO przewiduje kilka rodzaj\u00f3w takich podstaw prawnych dla przetwarzania danych, a w przypadkach korzystania z naszych us\u0142ug wyst\u0105pi\u0105, co do zasady trzy z nich:<\/p>\n<p>1. Niezb\u0119dno\u015b\u0107 przetwarzania do cel\u00f3w wynikaj\u0105cych z prawnie uzasadnionych interes\u00f3w realizowanych przez administrator. Ta podstawa przetwarzania danych dotyczy przypadk\u00f3w, gdy ich przetwarzanie jest uzasadnione z uwagi na nasze usprawiedliwione potrzeby, co obejmuje mi\u0119dzy innymi konieczno\u015b\u0107 zapewnienia bezpiecze\u0144stwa us\u0142ugi, dokonanie pomiar\u00f3w statystycznych, ulepszania naszych us\u0142ug, jak r\u00f3wnie\u017c prowadzenie marketingu i promocji w\u0142asnych us\u0142ug administratora PNT UZ Sp. z o.o.<\/p>\n<p>2. Udzielenie takiej zgody jest ca\u0142kowicie dobrowolne, i je\u015bli nie chcesz, nie musisz jej udziela\u0107. Dzi\u0119ki naszemu rozwi\u0105zaniu masz r\u00f3wnie\u017c mo\u017cliwo\u015b\u0107 ograniczenia zakresu lub zmiany zgody w dowolnym momencie. Twoje pozosta\u0142e uprawnienia wynikaj\u0105ce z udzielenia zgody s\u0105 opisane poni\u017cej. Twoje dane, w ramach naszych us\u0142ug, przetwarzane b\u0119d\u0105 wy\u0142\u0105cznie w przypadku posiadania przez nas lub inny podmiot przetwarzaj\u0105cy dane jednej z dopuszczonych przez RODO podstaw prawnych i wy\u0142\u0105cznie w celu dostosowanym do danej podstawy, zgodnie z opisem powy\u017cej. Twoje dane przetwarzane b\u0119d\u0105 do czasu istnienia podstawy do ich przetwarzania \u2013 czyli w przypadku udzielenia zgody do momentu jej cofni\u0119cia, ograniczenia lub innych dzia\u0142a\u0144 z Twojej strony ograniczaj\u0105cych t\u0119 zgod\u0119, w przypadku niezb\u0119dno\u015bci danych do wykonania umowy \u2013 przez czas jej wykonywania, a w przypadku, gdy podstaw\u0105 przetwarzania danych jest uzasadniony interes administratora \u2013 do czasu istnienia tego uzasadnionego interesu.<\/p>\n<p><strong>Administratorzy<\/strong><\/p>\n<p>Administratorem Twoich danych osobowych b\u0119dzie PNT UZ Sp. z o.o., na kt\u00f3rego stron\u0119 wszed\u0142e\u015b.<\/p>\n<p><strong>Przekazywanie danych<\/strong><\/p>\n<p>Twoje dane b\u0119dzie przetwarza\u0142 PNT UZ Sp. z o.o., je\u015bli wyrazisz im zgod\u0119. W ka\u017cdym takim przypadku przekazanie danych nie uprawnia ich odbiorcy do dowolnego korzystania z nich, a przekazywanie danych ma miejsce na og\u00f3\u0142 w przypadku wsp\u00f3\u0142pracy z us\u0142ugodawc\u0105 (np. Akson Elektro, CK UZ). W ka\u017cdym przypadku przekazanie danych nie zwalnia przekazuj\u0105cego z odpowiedzialno\u015bci za ich przetwarzanie. Dane mog\u0105 by\u0107 te\u017c przekazywane organom publicznym, o ile upowa\u017cniaj\u0105 ich do tego obowi\u0105zuj\u0105ce przepisy i przedstawi\u0105 odpowiednie \u017c\u0105danie, jednak nigdy w innym przypadku.<\/p>\n<p><strong>Cookies<\/strong><\/p>\n<p>Na naszej stronie internetowej u\u017cywamy technologii, takich jak pliki cookie, local storage i podobnych s\u0142u\u017c\u0105cych do zbierania i przetwarzania danych osobowych. Cookies to dane informatyczne zapisywane w plikach i przechowywane na Twoim urz\u0105dzeniu ko\u0144cowym (tj. Tw\u00f3j komputer, tablet, smartphone itp.), kt\u00f3re przegl\u0105darka wysy\u0142a do serwera przy ka\u017cdorazowym wej\u015bciu na stron\u0119 z tego urz\u0105dzenia, podczas gdy odwiedzasz r\u00f3\u017cne strony w Internecie.<\/p>\n<p><strong>Twoje uprawnienia<\/strong><\/p>\n<p>Zgodnie z RODO przys\u0142uguj\u0105 Ci nast\u0119puj\u0105ce uprawnienia wobec Twoich danych i ich przetwarzania przez nas:<\/p>\n<p>Je\u015bli udzieli\u0142e\u015b zgody na przetwarzanie danych mo\u017cesz j\u0105 w ka\u017cdej chwili wycofa\u0107.<\/p>\n<p>Masz r\u00f3wnie\u017c prawo \u017c\u0105dania dost\u0119pu do Twoich danych osobowych, ich sprostowania, usuni\u0119cia lub ograniczenia przetwarzania, prawo do przeniesienia danych, wyra\u017cenia sprzeciwu wobec przetwarzani danych oraz prawo do wniesienia skargi do organu nadzorczego \u2013 PUODO. Uprawnienia powy\u017csze przys\u0142uguj\u0105 tak\u017ce w przypadku prawid\u0142owego przetwarzania danych przez administratora.<\/p>\n<p><strong>Zgoda<\/strong><\/p>\n<p>Je\u015bli chcesz zgodzi\u0107 si\u0119 na przetwarzanie przez PNT UZ Sp. z o.o. Twoich danych osobowych zebranych w zwi\u0105zku z korzystaniem przez Ciebie ze strony internetowej, mo\u017cesz w \u0142atwy spos\u00f3b wyrazi\u0107 t\u0119 zgod\u0119, klikaj\u0105c w przycisk \u201eI agree\u201d lub nie wyra\u017caj\u0105c zgody klikn\u0105\u0107 przycisk \u201eI decline\u201d. Wyra\u017cenie zgody jest dobrowolne. W ka\u017cdym momencie mo\u017cesz tak\u017ce edytowa\u0107 Twoje preferencje w zakresie udzielonej zgody, w tym nawet wycofa\u0107 j\u0105 ca\u0142kowicie. Powy\u017csza zgoda dotyczy przetwarzania w celach marketingowych. Informujemy jednocze\u015bnie, i\u017c PNT UZ Sp. z o.o. przetwarza\u0107 b\u0119dzie Twoje dane we w\u0142asnych celach marketingowych w oparciu o ich prawnie uzasadniony interes, jako administratora.<\/p>\n\n\t\t<\/div> \n\t<\/div> <\/div>\n <div class=\"row\"><div class=\"wpb_divider thin wpb_content_element alt-bg span12 \"><\/div>\n<\/div>\n <div class=\"row\">\n\t<div class=\"wpb_content_element wpb_single_image noframe span12\">\n\t\t<div class=\"wpb_wrapper\"><figure class=\"clearfix\">\n\t\t\t<img loading=\"lazy\" decoding=\"async\" width=\"1200\" height=\"139\" src=\"http:\/\/www.pnt.uz.zgora.pl\/wp-content\/uploads\/2020\/09\/logo_unia.png\" class=\"attachment-full size-full\" alt=\"\" srcset=\"http:\/\/www.pnt.uz.zgora.pl\/wp-content\/uploads\/2020\/09\/logo_unia.png 1200w, http:\/\/www.pnt.uz.zgora.pl\/wp-content\/uploads\/2020\/09\/logo_unia-300x35.png 300w, http:\/\/www.pnt.uz.zgora.pl\/wp-content\/uploads\/2020\/09\/logo_unia-1024x119.png 1024w, http:\/\/www.pnt.uz.zgora.pl\/wp-content\/uploads\/2020\/09\/logo_unia-768x89.png 768w\" sizes=\"auto, (max-width: 1200px) 100vw, 1200px\" title=\"logo_unia\" \/><\/figure>\n\t\t<\/div> \n\t<\/div> <\/div>\n\n","protected":false},"excerpt":{"rendered":"","protected":false},"author":2,"featured_media":0,"parent":0,"menu_order":0,"comment_status":"closed","ping_status":"closed","template":"","meta":{"footnotes":""},"class_list":["post-158","page","type-page","status-publish","hentry"],"_links":{"self":[{"href":"http:\/\/www.pnt.uz.zgora.pl\/index.php?rest_route=\/wp\/v2\/pages\/158","targetHints":{"allow":["GET"]}}],"collection":[{"href":"http:\/\/www.pnt.uz.zgora.pl\/index.php?rest_route=\/wp\/v2\/pages"}],"about":[{"href":"http:\/\/www.pnt.uz.zgora.pl\/index.php?rest_route=\/wp\/v2\/types\/page"}],"author":[{"embeddable":true,"href":"http:\/\/www.pnt.uz.zgora.pl\/index.php?rest_route=\/wp\/v2\/users\/2"}],"replies":[{"embeddable":true,"href":"http:\/\/www.pnt.uz.zgora.pl\/index.php?rest_route=%2Fwp%2Fv2%2Fcomments&post=158"}],"version-history":[{"count":3,"href":"http:\/\/www.pnt.uz.zgora.pl\/index.php?rest_route=\/wp\/v2\/pages\/158\/revisions"}],"predecessor-version":[{"id":572,"href":"http:\/\/www.pnt.uz.zgora.pl\/index.php?rest_route=\/wp\/v2\/pages\/158\/revisions\/572"}],"wp:attachment":[{"href":"http:\/\/www.pnt.uz.zgora.pl\/index.php?rest_route=%2Fwp%2Fv2%2Fmedia&parent=158"}],"curies":[{"name":"wp","href":"https:\/\/api.w.org\/{rel}","templated":true}]}}