{"id":1551,"date":"2022-10-07T09:22:09","date_gmt":"2022-10-07T07:22:09","guid":{"rendered":"https:\/\/www.pnt.uz.zgora.pl\/?page_id=1551"},"modified":"2022-10-11T15:12:22","modified_gmt":"2022-10-11T13:12:22","slug":"inkubator-przedsiebiorczosci","status":"publish","type":"page","link":"http:\/\/www.pnt.uz.zgora.pl\/?page_id=1551","title":{"rendered":"Inkubator Przedsi\u0119biorczo\u015bci"},"content":{"rendered":"<div class=\"row\">\n\t<div class=\"wpb_content_element span12 wpb_text_column\">\n\t\t<div class=\"wpb_wrapper clearfix\">\n\t\t\t\n<h1 style=\"text-align: center;\">Dane kontaktowe<\/h1>\n<p style=\"text-align: center;\">e-mail: <a href=\"mailto:sekretariat@pnt.uz.zgora.pl\">sekretariat@pnt.uz.zgora.pl<\/a>\u00a0tel:\u00a0\u00a0+48 693 223 983<\/p>\n\n\t\t<\/div> \n\t<\/div> <\/div>\n <div class=\"row\"><div class=\"wpb_divider standard wpb_content_element span12 \"><\/div>\n<\/div>\n <div class=\"row\">\n\t<div class=\"wpb_content_element span12 wpb_text_column\">\n\t\t<div class=\"wpb_wrapper clearfix\">\n\t\t\t\n<p>Inkubator Przedsi\u0119biorczo\u015bci stanowi element merytorycznego wsparcia oferowanego przez\u00a0Park Naukowo \u2013 Technologiczny Uniwersytetu Zielonog\u00f3rskiego lokalnym firmom w pierwszej fazie ich dzia\u0142alno\u015bci. G\u0142\u00f3wnym za\u0142o\u017ceniem dzia\u0142alno\u015bci Inkubatora jest pomoc w dynamicznym rozwoju firm.<\/p>\n<p>Oferta Inkubatora skierowana jest do pocz\u0105tkuj\u0105cych przedsi\u0119biorc\u00f3w z sektora ma\u0142ych i \u015brednich przedsi\u0119biorstw, rozpoczynaj\u0105cych lub dopiero zamierzaj\u0105cych rozpocz\u0105\u0107 dzia\u0142alno\u015b\u0107 gospodarcz\u0105.<\/p>\n<p>Inkubator oferuje wynajem powierzchni biurowych i magazynowo &#8211; produkcyjnych na preferencyjnych warunkach.<\/p>\n<p>O miejsce w Inkubatorze Przedsi\u0119biorczo\u015bci mog\u0105 stara\u0107 si\u0119:<\/p>\n<p>a)podmioty rozpoczynaj\u0105ce dzia\u0142alno\u015b\u0107 gospodarcz\u0105 bez wzgl\u0119du na ich form\u0119 prawn\u0105,<\/p>\n<p>b)przedsi\u0119biorcy prowadz\u0105cy dzia\u0142alno\u015b\u0107 gospodarcz\u0105 nie d\u0142u\u017cej ni\u017c 3 lata od momentu jej\u00a0rejestracji.<\/p>\n<p>O przyj\u0119cie do Inkubatora mo\u017ce ubiega\u0107 si\u0119 tak\u017ce podmiot strategiczny (dzia\u0142a na rynku powy\u017cej 3 lat ale prowadzona przez ten podmiot dzia\u0142alno\u015b\u0107 jest wysoce innowacyjna) pod warunkiem, i\u017c prowadzona przez ten podmiot dzia\u0142alno\u015b\u0107 b\u0119dzie mia\u0142a pozytywny wp\u0142yw na rozw\u00f3j pozosta\u0142ych Rezydent\u00f3w Parku Naukowo-Technologicznego Uniwersytetu Zielonog\u00f3rskiego.<\/p>\n\n\t\t<\/div> \n\t<\/div> <\/div>\n\n","protected":false},"excerpt":{"rendered":"","protected":false},"author":1,"featured_media":0,"parent":0,"menu_order":0,"comment_status":"closed","ping_status":"closed","template":"","meta":{"footnotes":""},"class_list":["post-1551","page","type-page","status-publish","hentry"],"_links":{"self":[{"href":"http:\/\/www.pnt.uz.zgora.pl\/index.php?rest_route=\/wp\/v2\/pages\/1551","targetHints":{"allow":["GET"]}}],"collection":[{"href":"http:\/\/www.pnt.uz.zgora.pl\/index.php?rest_route=\/wp\/v2\/pages"}],"about":[{"href":"http:\/\/www.pnt.uz.zgora.pl\/index.php?rest_route=\/wp\/v2\/types\/page"}],"author":[{"embeddable":true,"href":"http:\/\/www.pnt.uz.zgora.pl\/index.php?rest_route=\/wp\/v2\/users\/1"}],"replies":[{"embeddable":true,"href":"http:\/\/www.pnt.uz.zgora.pl\/index.php?rest_route=%2Fwp%2Fv2%2Fcomments&post=1551"}],"version-history":[{"count":4,"href":"http:\/\/www.pnt.uz.zgora.pl\/index.php?rest_route=\/wp\/v2\/pages\/1551\/revisions"}],"predecessor-version":[{"id":1559,"href":"http:\/\/www.pnt.uz.zgora.pl\/index.php?rest_route=\/wp\/v2\/pages\/1551\/revisions\/1559"}],"wp:attachment":[{"href":"http:\/\/www.pnt.uz.zgora.pl\/index.php?rest_route=%2Fwp%2Fv2%2Fmedia&parent=1551"}],"curies":[{"name":"wp","href":"https:\/\/api.w.org\/{rel}","templated":true}]}}