{"id":152,"date":"2020-09-24T10:38:13","date_gmt":"2020-09-24T08:38:13","guid":{"rendered":"http:\/\/www.new.pnt.uz.zgora.pl\/?page_id=152"},"modified":"2026-04-28T11:24:28","modified_gmt":"2026-04-28T09:24:28","slug":"zespol","status":"publish","type":"page","link":"http:\/\/www.pnt.uz.zgora.pl\/?page_id=152","title":{"rendered":"Zesp\u00f3\u0142"},"content":{"rendered":"<div class=\"row\">\n\t<div class=\"wpb_content_element span6 wpb_text_column\">\n\t\t<div class=\"wpb_wrapper clearfix\">\n\t\t\t\n<p style=\"text-align: left;\"><div class=\"one_fourth\"><img loading=\"lazy\" decoding=\"async\" class=\"alignnone size-medium wp-image-975\" src=\"http:\/\/www.new.pnt.uz.zgora.pl\/wp-content\/uploads\/2020\/10\/bLANKfACE-267x300.png\" alt=\"\" width=\"267\" height=\"300\" srcset=\"http:\/\/www.pnt.uz.zgora.pl\/wp-content\/uploads\/2020\/10\/bLANKfACE-267x300.png 267w, http:\/\/www.pnt.uz.zgora.pl\/wp-content\/uploads\/2020\/10\/bLANKfACE-911x1024.png 911w, http:\/\/www.pnt.uz.zgora.pl\/wp-content\/uploads\/2020\/10\/bLANKfACE-768x864.png 768w, http:\/\/www.pnt.uz.zgora.pl\/wp-content\/uploads\/2020\/10\/bLANKfACE-1366x1536.png 1366w, http:\/\/www.pnt.uz.zgora.pl\/wp-content\/uploads\/2020\/10\/bLANKfACE-1821x2048.png 1821w, http:\/\/www.pnt.uz.zgora.pl\/wp-content\/uploads\/2020\/10\/bLANKfACE-1280x1439.png 1280w\" sizes=\"auto, (max-width: 267px) 100vw, 267px\" \/><\/p>\n<p style=\"text-align: left;\"><\/div>\n<p style=\"text-align: left;\"><div class=\"three_fourth last\">\n<p style=\"font-weight: 400; text-align: left;\"><b><strong>mgr in\u017c. Rados\u0142aw Grech<\/strong><\/b><br \/>\nPrezes Zarz\u0105du<\/p>\n<p style=\"font-weight: 400; text-align: left;\">tel.: +48 693 223 983<br \/>\ne-mail: <a href=\"mailto:r.grech@pnt.uz.zgora.pl\">r.grech@pnt.uz.zgora.pl<\/a><\/p>\n<p style=\"text-align: left;\"><\/div><div class=\"clearboth\"><\/div>\n\n\t\t<\/div> \n\t<\/div> <\/div>\n <div class=\"row\"><div class=\"wpb_divider standard wpb_content_element span12 \"><\/div>\n<\/div>\n <div class=\"row\">\n\t<div class=\"full-width-text wpb_content_element span12 wpb_text_column\">\n\t\t<div class=\"wpb_wrapper clearfix\">\n\t\t\t\n<h2 style=\"text-align: center;\">Centrum Logistyczne i Platformy na rzecz Nauki i Gospodarki<\/h2>\n\n\t\t<\/div> \n\t<\/div> <\/div>\n <div class=\"row\">\n\t<div class=\"wpb_content_element span12 wpb_text_column\">\n\t\t<div class=\"wpb_wrapper clearfix\">\n\t\t\t\n<div class=\"one_fourth\"><img loading=\"lazy\" decoding=\"async\" class=\"alignnone size-medium wp-image-975\" src=\"http:\/\/www.new.pnt.uz.zgora.pl\/wp-content\/uploads\/2020\/10\/bLANKfACE-267x300.png\" alt=\"\" width=\"267\" height=\"300\" srcset=\"http:\/\/www.pnt.uz.zgora.pl\/wp-content\/uploads\/2020\/10\/bLANKfACE-267x300.png 267w, http:\/\/www.pnt.uz.zgora.pl\/wp-content\/uploads\/2020\/10\/bLANKfACE-911x1024.png 911w, http:\/\/www.pnt.uz.zgora.pl\/wp-content\/uploads\/2020\/10\/bLANKfACE-768x864.png 768w, http:\/\/www.pnt.uz.zgora.pl\/wp-content\/uploads\/2020\/10\/bLANKfACE-1366x1536.png 1366w, http:\/\/www.pnt.uz.zgora.pl\/wp-content\/uploads\/2020\/10\/bLANKfACE-1821x2048.png 1821w, http:\/\/www.pnt.uz.zgora.pl\/wp-content\/uploads\/2020\/10\/bLANKfACE-1280x1439.png 1280w\" sizes=\"auto, (max-width: 267px) 100vw, 267px\" \/><\/p>\n<\/div>\n<div class=\"three_fourth last\">\n<p style=\"font-weight: 400;\"><strong>lic. Marcin Kami\u0144ski<\/strong><br \/>\nSpecjalista BHP<\/p>\n<p>tel. kom. +789 44 13 56<\/p>\n<p style=\"font-weight: 400;\">e-mail: <a href=\"mailto:m.kaminski@pnt.uz.zgora.pl\">m.kaminski@pnt.uz.zgora.pl<\/a><\/p>\n<\/div><div class=\"clearboth\"><\/div>\n<p>&nbsp;<\/p>\n\n\t\t<\/div> \n\t<\/div> <\/div>\n <div class=\"row\"><div class=\"wpb_divider standard wpb_content_element span12 \"><\/div>\n<\/div>\n <div class=\"row\">\n\t<div class=\"full-width-text wpb_content_element span12 wpb_text_column\">\n\t\t<div class=\"wpb_wrapper clearfix\">\n\t\t\t\n<h2 style=\"text-align: center;\">Centrum Budownictwa Zr\u00f3wnowa\u017conego i Energii<\/h2>\n\n\t\t<\/div> \n\t<\/div> <\/div>\n <div class=\"row\">\n\t<div class=\"wpb_content_element span6 wpb_text_column\">\n\t\t<div class=\"wpb_wrapper clearfix\">\n\t\t\t\n<div class=\"one_fourth\"><img loading=\"lazy\" decoding=\"async\" class=\"alignnone size-medium wp-image-975\" src=\"http:\/\/www.new.pnt.uz.zgora.pl\/wp-content\/uploads\/2020\/10\/bLANKfACE-267x300.png\" alt=\"\" width=\"267\" height=\"300\" srcset=\"http:\/\/www.pnt.uz.zgora.pl\/wp-content\/uploads\/2020\/10\/bLANKfACE-267x300.png 267w, http:\/\/www.pnt.uz.zgora.pl\/wp-content\/uploads\/2020\/10\/bLANKfACE-911x1024.png 911w, http:\/\/www.pnt.uz.zgora.pl\/wp-content\/uploads\/2020\/10\/bLANKfACE-768x864.png 768w, http:\/\/www.pnt.uz.zgora.pl\/wp-content\/uploads\/2020\/10\/bLANKfACE-1366x1536.png 1366w, http:\/\/www.pnt.uz.zgora.pl\/wp-content\/uploads\/2020\/10\/bLANKfACE-1821x2048.png 1821w, http:\/\/www.pnt.uz.zgora.pl\/wp-content\/uploads\/2020\/10\/bLANKfACE-1280x1439.png 1280w\" sizes=\"auto, (max-width: 267px) 100vw, 267px\" \/><\/p>\n<\/div>\n<div class=\"three_fourth last\">\n<p><span class=\"apple-converted-space\"><b>Prof. dr hab. in\u017c. Robert Smole\u0144ski\u00a0<\/b><\/span><br \/>\nLaboratorium\u00a0kompatybilno\u015bci elektromagnetycznej<\/p>\n<\/div><div class=\"clearboth\"><\/div>\n<p>&nbsp;<\/p>\n\n\t\t<\/div> \n\t<\/div>  \n\t<div class=\"wpb_content_element span6 wpb_text_column\">\n\t\t<div class=\"wpb_wrapper clearfix\">\n\t\t\t\n<div class=\"one_fourth\"><img loading=\"lazy\" decoding=\"async\" class=\"alignnone size-medium wp-image-975\" src=\"http:\/\/www.new.pnt.uz.zgora.pl\/wp-content\/uploads\/2020\/10\/bLANKfACE-267x300.png\" alt=\"\" width=\"267\" height=\"300\" srcset=\"http:\/\/www.pnt.uz.zgora.pl\/wp-content\/uploads\/2020\/10\/bLANKfACE-267x300.png 267w, http:\/\/www.pnt.uz.zgora.pl\/wp-content\/uploads\/2020\/10\/bLANKfACE-911x1024.png 911w, http:\/\/www.pnt.uz.zgora.pl\/wp-content\/uploads\/2020\/10\/bLANKfACE-768x864.png 768w, http:\/\/www.pnt.uz.zgora.pl\/wp-content\/uploads\/2020\/10\/bLANKfACE-1366x1536.png 1366w, http:\/\/www.pnt.uz.zgora.pl\/wp-content\/uploads\/2020\/10\/bLANKfACE-1821x2048.png 1821w, http:\/\/www.pnt.uz.zgora.pl\/wp-content\/uploads\/2020\/10\/bLANKfACE-1280x1439.png 1280w\" sizes=\"auto, (max-width: 267px) 100vw, 267px\" \/><\/p>\n<\/div>\n<div class=\"three_fourth last\">\n<p><span class=\"apple-converted-space\"><b><strong>dr hab. in\u017c.\u00a0Krzysztof Soza\u0144ski\u00a0<\/strong>\u00a0<\/b><\/span><br \/>\nLaboratorium\u00a0akustyki i elektroakustyki<\/p>\n<\/div><div class=\"clearboth\"><\/div>\n<p>&nbsp;<\/p>\n\n\t\t<\/div> \n\t<\/div> <\/div>\n <div class=\"row\">\n\t<div class=\"wpb_content_element span6 wpb_text_column\">\n\t\t<div class=\"wpb_wrapper clearfix\">\n\t\t\t\n<div class=\"one_fourth\"><img loading=\"lazy\" decoding=\"async\" class=\"alignnone size-medium wp-image-975\" src=\"http:\/\/www.new.pnt.uz.zgora.pl\/wp-content\/uploads\/2020\/10\/bLANKfACE-267x300.png\" alt=\"\" width=\"267\" height=\"300\" srcset=\"http:\/\/www.pnt.uz.zgora.pl\/wp-content\/uploads\/2020\/10\/bLANKfACE-267x300.png 267w, http:\/\/www.pnt.uz.zgora.pl\/wp-content\/uploads\/2020\/10\/bLANKfACE-911x1024.png 911w, http:\/\/www.pnt.uz.zgora.pl\/wp-content\/uploads\/2020\/10\/bLANKfACE-768x864.png 768w, http:\/\/www.pnt.uz.zgora.pl\/wp-content\/uploads\/2020\/10\/bLANKfACE-1366x1536.png 1366w, http:\/\/www.pnt.uz.zgora.pl\/wp-content\/uploads\/2020\/10\/bLANKfACE-1821x2048.png 1821w, http:\/\/www.pnt.uz.zgora.pl\/wp-content\/uploads\/2020\/10\/bLANKfACE-1280x1439.png 1280w\" sizes=\"auto, (max-width: 267px) 100vw, 267px\" \/><\/p>\n<\/div>\n<div class=\"three_fourth last\">\n<p><strong>dr in\u017c. Piotr Ziembicki<\/strong><span class=\"apple-converted-space\"><b>\u00a0<\/b><\/span><br \/>\nLaboratorium wytwarzania energii<\/p>\n<\/div><div class=\"clearboth\"><\/div>\n<p>&nbsp;<\/p>\n\n\t\t<\/div> \n\t<\/div> <\/div>\n <div class=\"row\"><div class=\"wpb_divider standard wpb_content_element span12 \"><\/div>\n<\/div>\n <div class=\"row\">\n\t<div class=\"full-width-text wpb_content_element span12 wpb_text_column\">\n\t\t<div class=\"wpb_wrapper clearfix\">\n\t\t\t\n<h2 style=\"text-align: center;\">Centrum Logistyczne i Platformy na rzecz Nauki i Gospodarki<\/h2>\n\n\t\t<\/div> \n\t<\/div> <\/div>\n <div class=\"row\">\n\t<div class=\"wpb_content_element span12 wpb_text_column\">\n\t\t<div class=\"wpb_wrapper clearfix\">\n\t\t\t\n<div class=\"one_fourth\"><img loading=\"lazy\" decoding=\"async\" class=\"alignnone size-medium wp-image-975\" src=\"http:\/\/www.new.pnt.uz.zgora.pl\/wp-content\/uploads\/2020\/10\/bLANKfACE-267x300.png\" alt=\"\" width=\"267\" height=\"300\" srcset=\"http:\/\/www.pnt.uz.zgora.pl\/wp-content\/uploads\/2020\/10\/bLANKfACE-267x300.png 267w, http:\/\/www.pnt.uz.zgora.pl\/wp-content\/uploads\/2020\/10\/bLANKfACE-911x1024.png 911w, http:\/\/www.pnt.uz.zgora.pl\/wp-content\/uploads\/2020\/10\/bLANKfACE-768x864.png 768w, http:\/\/www.pnt.uz.zgora.pl\/wp-content\/uploads\/2020\/10\/bLANKfACE-1366x1536.png 1366w, http:\/\/www.pnt.uz.zgora.pl\/wp-content\/uploads\/2020\/10\/bLANKfACE-1821x2048.png 1821w, http:\/\/www.pnt.uz.zgora.pl\/wp-content\/uploads\/2020\/10\/bLANKfACE-1280x1439.png 1280w\" sizes=\"auto, (max-width: 267px) 100vw, 267px\" \/><\/p>\n<\/div>\n<div class=\"three_fourth last\">\n<p style=\"font-weight: 400;\"><strong>lic. Marcin Kami\u0144ski<\/strong><br \/>\nSpecjalista BHP<\/p>\n<p>tel. kom. +789 44 13 56<\/p>\n<p style=\"font-weight: 400;\">e-mail: <a href=\"mailto:m.kaminski@pnt.uz.zgora.pl\">m.kaminski@pnt.uz.zgora.pl<\/a><\/p>\n<\/div><div class=\"clearboth\"><\/div>\n<p>&nbsp;<\/p>\n\n\t\t<\/div> \n\t<\/div> <\/div>\n <div class=\"row\"><div class=\"wpb_divider standard wpb_content_element span12 \"><\/div>\n<\/div>\n <div class=\"row\">\n\t<div class=\"full-width-text wpb_content_element span12 wpb_text_column\">\n\t\t<div class=\"wpb_wrapper clearfix\">\n\t\t\t\n<h2 style=\"text-align: center;\">Centrum Budownictwa Zr\u00f3wnowa\u017conego i Energii<\/h2>\n\n\t\t<\/div> \n\t<\/div> <\/div>\n <div class=\"row\">\n\t<div class=\"wpb_content_element span6 wpb_text_column\">\n\t\t<div class=\"wpb_wrapper clearfix\">\n\t\t\t\n<div class=\"one_fourth\"><img loading=\"lazy\" decoding=\"async\" class=\"alignnone size-medium wp-image-975\" src=\"http:\/\/www.new.pnt.uz.zgora.pl\/wp-content\/uploads\/2020\/10\/bLANKfACE-267x300.png\" alt=\"\" width=\"267\" height=\"300\" srcset=\"http:\/\/www.pnt.uz.zgora.pl\/wp-content\/uploads\/2020\/10\/bLANKfACE-267x300.png 267w, http:\/\/www.pnt.uz.zgora.pl\/wp-content\/uploads\/2020\/10\/bLANKfACE-911x1024.png 911w, http:\/\/www.pnt.uz.zgora.pl\/wp-content\/uploads\/2020\/10\/bLANKfACE-768x864.png 768w, http:\/\/www.pnt.uz.zgora.pl\/wp-content\/uploads\/2020\/10\/bLANKfACE-1366x1536.png 1366w, http:\/\/www.pnt.uz.zgora.pl\/wp-content\/uploads\/2020\/10\/bLANKfACE-1821x2048.png 1821w, http:\/\/www.pnt.uz.zgora.pl\/wp-content\/uploads\/2020\/10\/bLANKfACE-1280x1439.png 1280w\" sizes=\"auto, (max-width: 267px) 100vw, 267px\" \/><\/p>\n<\/div>\n<div class=\"three_fourth last\">\n<p><span class=\"apple-converted-space\"><b>Prof. dr hab. in\u017c. Robert Smole\u0144ski\u00a0<\/b><\/span><br \/>\nLaboratorium\u00a0kompatybilno\u015bci elektromagnetycznej<\/p>\n<\/div><div class=\"clearboth\"><\/div>\n<p>&nbsp;<\/p>\n\n\t\t<\/div> \n\t<\/div>  \n\t<div class=\"wpb_content_element span6 wpb_text_column\">\n\t\t<div class=\"wpb_wrapper clearfix\">\n\t\t\t\n<div class=\"one_fourth\"><img loading=\"lazy\" decoding=\"async\" class=\"alignnone size-medium wp-image-975\" src=\"http:\/\/www.new.pnt.uz.zgora.pl\/wp-content\/uploads\/2020\/10\/bLANKfACE-267x300.png\" alt=\"\" width=\"267\" height=\"300\" srcset=\"http:\/\/www.pnt.uz.zgora.pl\/wp-content\/uploads\/2020\/10\/bLANKfACE-267x300.png 267w, http:\/\/www.pnt.uz.zgora.pl\/wp-content\/uploads\/2020\/10\/bLANKfACE-911x1024.png 911w, http:\/\/www.pnt.uz.zgora.pl\/wp-content\/uploads\/2020\/10\/bLANKfACE-768x864.png 768w, http:\/\/www.pnt.uz.zgora.pl\/wp-content\/uploads\/2020\/10\/bLANKfACE-1366x1536.png 1366w, http:\/\/www.pnt.uz.zgora.pl\/wp-content\/uploads\/2020\/10\/bLANKfACE-1821x2048.png 1821w, http:\/\/www.pnt.uz.zgora.pl\/wp-content\/uploads\/2020\/10\/bLANKfACE-1280x1439.png 1280w\" sizes=\"auto, (max-width: 267px) 100vw, 267px\" \/><\/p>\n<\/div>\n<div class=\"three_fourth last\">\n<p><span class=\"apple-converted-space\"><b><strong>dr hab. in\u017c.\u00a0Krzysztof Soza\u0144ski\u00a0<\/strong>\u00a0<\/b><\/span><br \/>\nLaboratorium\u00a0akustyki i elektroakustyki<\/p>\n<\/div><div class=\"clearboth\"><\/div>\n<p>&nbsp;<\/p>\n\n\t\t<\/div> \n\t<\/div> <\/div>\n <div class=\"row\">\n\t<div class=\"wpb_content_element span6 wpb_text_column\">\n\t\t<div class=\"wpb_wrapper clearfix\">\n\t\t\t\n<div class=\"one_fourth\"><img loading=\"lazy\" decoding=\"async\" class=\"alignnone size-medium wp-image-975\" src=\"http:\/\/www.new.pnt.uz.zgora.pl\/wp-content\/uploads\/2020\/10\/bLANKfACE-267x300.png\" alt=\"\" width=\"267\" height=\"300\" srcset=\"http:\/\/www.pnt.uz.zgora.pl\/wp-content\/uploads\/2020\/10\/bLANKfACE-267x300.png 267w, http:\/\/www.pnt.uz.zgora.pl\/wp-content\/uploads\/2020\/10\/bLANKfACE-911x1024.png 911w, http:\/\/www.pnt.uz.zgora.pl\/wp-content\/uploads\/2020\/10\/bLANKfACE-768x864.png 768w, http:\/\/www.pnt.uz.zgora.pl\/wp-content\/uploads\/2020\/10\/bLANKfACE-1366x1536.png 1366w, http:\/\/www.pnt.uz.zgora.pl\/wp-content\/uploads\/2020\/10\/bLANKfACE-1821x2048.png 1821w, http:\/\/www.pnt.uz.zgora.pl\/wp-content\/uploads\/2020\/10\/bLANKfACE-1280x1439.png 1280w\" sizes=\"auto, (max-width: 267px) 100vw, 267px\" \/><\/p>\n<\/div>\n<div class=\"three_fourth last\">\n<p><strong>dr in\u017c. Piotr Ziembicki<\/strong><span class=\"apple-converted-space\"><b>\u00a0<\/b><\/span><br \/>\nLaboratorium wytwarzania energii<\/p>\n<\/div><div class=\"clearboth\"><\/div>\n<p>&nbsp;<\/p>\n\n\t\t<\/div> \n\t<\/div> <\/div>\n <div class=\"row\"><div class=\"wpb_divider standard wpb_content_element span12 \"><\/div>\n<\/div>\n <div class=\"row\">\n\t<div class=\"full-width-text wpb_content_element span12 wpb_text_column\">\n\t\t<div class=\"wpb_wrapper clearfix\">\n\t\t\t\n<h2 style=\"text-align: center;\">Centrum Innowacji: Technologie dla Zdrowia Cz\u0142owieka<\/h2>\n\n\t\t<\/div> \n\t<\/div> <\/div>\n <div class=\"row\">\n\t<div class=\"wpb_content_element span12 wpb_text_column\">\n\t\t<div class=\"wpb_wrapper clearfix\">\n\t\t\t\n<div class=\"one_fourth\"><img loading=\"lazy\" decoding=\"async\" class=\"alignnone size-medium wp-image-975\" src=\"http:\/\/www.new.pnt.uz.zgora.pl\/wp-content\/uploads\/2020\/10\/bLANKfACE-267x300.png\" alt=\"\" width=\"267\" height=\"300\" srcset=\"http:\/\/www.pnt.uz.zgora.pl\/wp-content\/uploads\/2020\/10\/bLANKfACE-267x300.png 267w, http:\/\/www.pnt.uz.zgora.pl\/wp-content\/uploads\/2020\/10\/bLANKfACE-911x1024.png 911w, http:\/\/www.pnt.uz.zgora.pl\/wp-content\/uploads\/2020\/10\/bLANKfACE-768x864.png 768w, http:\/\/www.pnt.uz.zgora.pl\/wp-content\/uploads\/2020\/10\/bLANKfACE-1366x1536.png 1366w, http:\/\/www.pnt.uz.zgora.pl\/wp-content\/uploads\/2020\/10\/bLANKfACE-1821x2048.png 1821w, http:\/\/www.pnt.uz.zgora.pl\/wp-content\/uploads\/2020\/10\/bLANKfACE-1280x1439.png 1280w\" sizes=\"auto, (max-width: 267px) 100vw, 267px\" \/><\/p>\n<\/div>\n<div class=\"three_fourth last\">\n<p style=\"font-weight: 400;\"><b><strong>dr Kamil Majewski<\/strong><\/b><br \/>\nKierownik Centrum<\/p>\n<p style=\"font-weight: 400;\">tel.: 68 328 2729<br \/>\ntel. kom.+48\u00a0504 825 726<br \/>\ne-mail:\u00a0<a href=\"mailto:k.majewski@pnt.uz.zgora.pl\">k.majewski@pnt.uz.zgora.pl<\/a><\/p>\n<\/div><div class=\"clearboth\"><\/div>\n<p>&nbsp;<\/p>\n\n\t\t<\/div> \n\t<\/div> <\/div>\n <div class=\"row\"><div class=\"wpb_divider standard wpb_content_element span12 \"><\/div>\n<\/div>\n <div class=\"row\">\n\t<div class=\"full-width-text wpb_content_element span12 wpb_text_column\">\n\t\t<div class=\"wpb_wrapper clearfix\">\n\t\t\t\n<h2 style=\"text-align: center;\">Centrum Technologii Informatycznych<\/h2>\n\n\t\t<\/div> \n\t<\/div> <\/div>\n <div class=\"row\">\n\t<div class=\"wpb_content_element span6 wpb_text_column\">\n\t\t<div class=\"wpb_wrapper clearfix\">\n\t\t\t\n<div class=\"one_fourth\"><img loading=\"lazy\" decoding=\"async\" class=\"alignnone size-medium wp-image-975\" src=\"http:\/\/www.new.pnt.uz.zgora.pl\/wp-content\/uploads\/2020\/10\/bLANKfACE-267x300.png\" alt=\"\" width=\"267\" height=\"300\" srcset=\"http:\/\/www.pnt.uz.zgora.pl\/wp-content\/uploads\/2020\/10\/bLANKfACE-267x300.png 267w, http:\/\/www.pnt.uz.zgora.pl\/wp-content\/uploads\/2020\/10\/bLANKfACE-911x1024.png 911w, http:\/\/www.pnt.uz.zgora.pl\/wp-content\/uploads\/2020\/10\/bLANKfACE-768x864.png 768w, http:\/\/www.pnt.uz.zgora.pl\/wp-content\/uploads\/2020\/10\/bLANKfACE-1366x1536.png 1366w, http:\/\/www.pnt.uz.zgora.pl\/wp-content\/uploads\/2020\/10\/bLANKfACE-1821x2048.png 1821w, http:\/\/www.pnt.uz.zgora.pl\/wp-content\/uploads\/2020\/10\/bLANKfACE-1280x1439.png 1280w\" sizes=\"auto, (max-width: 267px) 100vw, 267px\" \/><\/p>\n<\/div>\n<div class=\"three_fourth last\">\n<p style=\"font-weight: 400;\"><strong>dr hab. in\u017c. Micha\u0142 S\u0105siadek, prof. UZ<\/strong><br \/>\nIn\u017cynieria mechaniczna<\/p>\n<\/div><div class=\"clearboth\"><\/div>\n<p>&nbsp;<\/p>\n\n\t\t<\/div> \n\t<\/div> <\/div>\n <div class=\"row\"><div class=\"wpb_divider thin wpb_content_element alt-bg span12 \"><\/div>\n<\/div>\n <div class=\"row\">\n\t<div class=\"wpb_content_element wpb_single_image noframe span12\">\n\t\t<div class=\"wpb_wrapper\"><figure class=\"lightbox clearfix\">\n\t\t\t<a class=\"view\" href=\"http:\/\/www.pnt.uz.zgora.pl\/wp-content\/uploads\/2020\/09\/logo_unia-1024x119.png\" rel=\"image-gallery\"><div class=\"overlay\"><div class=\"thumb-info\"><i class=\"icon-search\"><\/i><\/div><\/div><img loading=\"lazy\" decoding=\"async\" width=\"1200\" height=\"139\" src=\"http:\/\/www.pnt.uz.zgora.pl\/wp-content\/uploads\/2020\/09\/logo_unia.png\" class=\"attachment-full size-full\" alt=\"\" srcset=\"http:\/\/www.pnt.uz.zgora.pl\/wp-content\/uploads\/2020\/09\/logo_unia.png 1200w, http:\/\/www.pnt.uz.zgora.pl\/wp-content\/uploads\/2020\/09\/logo_unia-300x35.png 300w, http:\/\/www.pnt.uz.zgora.pl\/wp-content\/uploads\/2020\/09\/logo_unia-1024x119.png 1024w, http:\/\/www.pnt.uz.zgora.pl\/wp-content\/uploads\/2020\/09\/logo_unia-768x89.png 768w\" sizes=\"auto, (max-width: 1200px) 100vw, 1200px\" title=\"logo_unia\" \/><\/a><\/figure>\n\t\t<\/div> \n\t<\/div> <\/div>\n <div class=\"row\"><div class=\"wpb_divider standard wpb_content_element span12 \"><\/div>\n<\/div>\n <div class=\"row\">\n\t<div class=\"full-width-text wpb_content_element span12 wpb_text_column\">\n\t\t<div class=\"wpb_wrapper clearfix\">\n\t\t\t\n<h2 style=\"text-align: center;\">Centrum Technologii Informatycznych<\/h2>\n\n\t\t<\/div> \n\t<\/div> <\/div>\n <div class=\"row\">\n\t<div class=\"wpb_content_element span6 wpb_text_column\">\n\t\t<div class=\"wpb_wrapper clearfix\">\n\t\t\t\n<div class=\"one_fourth\"><img loading=\"lazy\" decoding=\"async\" class=\"alignnone size-medium wp-image-975\" src=\"http:\/\/www.new.pnt.uz.zgora.pl\/wp-content\/uploads\/2020\/10\/bLANKfACE-267x300.png\" alt=\"\" width=\"267\" height=\"300\" srcset=\"http:\/\/www.pnt.uz.zgora.pl\/wp-content\/uploads\/2020\/10\/bLANKfACE-267x300.png 267w, http:\/\/www.pnt.uz.zgora.pl\/wp-content\/uploads\/2020\/10\/bLANKfACE-911x1024.png 911w, http:\/\/www.pnt.uz.zgora.pl\/wp-content\/uploads\/2020\/10\/bLANKfACE-768x864.png 768w, http:\/\/www.pnt.uz.zgora.pl\/wp-content\/uploads\/2020\/10\/bLANKfACE-1366x1536.png 1366w, http:\/\/www.pnt.uz.zgora.pl\/wp-content\/uploads\/2020\/10\/bLANKfACE-1821x2048.png 1821w, http:\/\/www.pnt.uz.zgora.pl\/wp-content\/uploads\/2020\/10\/bLANKfACE-1280x1439.png 1280w\" sizes=\"auto, (max-width: 267px) 100vw, 267px\" \/><\/p>\n<\/div>\n<div class=\"three_fourth last\">\n<p style=\"font-weight: 400;\"><strong>dr hab. in\u017c. Micha\u0142 S\u0105siadek, prof. UZ<\/strong><br \/>\nIn\u017cynieria mechaniczna<\/p>\n<\/div><div class=\"clearboth\"><\/div>\n<p>&nbsp;<\/p>\n\n\t\t<\/div> \n\t<\/div> <\/div>\n <div class=\"row\"><div class=\"wpb_divider thin wpb_content_element alt-bg span12 \"><\/div>\n<\/div>\n <div class=\"row\">\n\t<div class=\"wpb_content_element wpb_single_image noframe span12\">\n\t\t<div class=\"wpb_wrapper\"><figure class=\"lightbox clearfix\">\n\t\t\t<a class=\"view\" href=\"http:\/\/www.pnt.uz.zgora.pl\/wp-content\/uploads\/2020\/09\/logo_unia-1024x119.png\" rel=\"image-gallery\"><div class=\"overlay\"><div class=\"thumb-info\"><i class=\"icon-search\"><\/i><\/div><\/div><img loading=\"lazy\" decoding=\"async\" width=\"1200\" height=\"139\" src=\"http:\/\/www.pnt.uz.zgora.pl\/wp-content\/uploads\/2020\/09\/logo_unia.png\" class=\"attachment-full size-full\" alt=\"\" srcset=\"http:\/\/www.pnt.uz.zgora.pl\/wp-content\/uploads\/2020\/09\/logo_unia.png 1200w, http:\/\/www.pnt.uz.zgora.pl\/wp-content\/uploads\/2020\/09\/logo_unia-300x35.png 300w, http:\/\/www.pnt.uz.zgora.pl\/wp-content\/uploads\/2020\/09\/logo_unia-1024x119.png 1024w, http:\/\/www.pnt.uz.zgora.pl\/wp-content\/uploads\/2020\/09\/logo_unia-768x89.png 768w\" sizes=\"auto, (max-width: 1200px) 100vw, 1200px\" title=\"logo_unia\" \/><\/a><\/figure>\n\t\t<\/div> \n\t<\/div> <\/div>\n\n","protected":false},"excerpt":{"rendered":"","protected":false},"author":2,"featured_media":0,"parent":0,"menu_order":0,"comment_status":"closed","ping_status":"closed","template":"","meta":{"footnotes":""},"class_list":["post-152","page","type-page","status-publish","hentry"],"_links":{"self":[{"href":"http:\/\/www.pnt.uz.zgora.pl\/index.php?rest_route=\/wp\/v2\/pages\/152","targetHints":{"allow":["GET"]}}],"collection":[{"href":"http:\/\/www.pnt.uz.zgora.pl\/index.php?rest_route=\/wp\/v2\/pages"}],"about":[{"href":"http:\/\/www.pnt.uz.zgora.pl\/index.php?rest_route=\/wp\/v2\/types\/page"}],"author":[{"embeddable":true,"href":"http:\/\/www.pnt.uz.zgora.pl\/index.php?rest_route=\/wp\/v2\/users\/2"}],"replies":[{"embeddable":true,"href":"http:\/\/www.pnt.uz.zgora.pl\/index.php?rest_route=%2Fwp%2Fv2%2Fcomments&post=152"}],"version-history":[{"count":75,"href":"http:\/\/www.pnt.uz.zgora.pl\/index.php?rest_route=\/wp\/v2\/pages\/152\/revisions"}],"predecessor-version":[{"id":2265,"href":"http:\/\/www.pnt.uz.zgora.pl\/index.php?rest_route=\/wp\/v2\/pages\/152\/revisions\/2265"}],"wp:attachment":[{"href":"http:\/\/www.pnt.uz.zgora.pl\/index.php?rest_route=%2Fwp%2Fv2%2Fmedia&parent=152"}],"curies":[{"name":"wp","href":"https:\/\/api.w.org\/{rel}","templated":true}]}}