{"id":1369,"date":"2021-08-30T11:55:54","date_gmt":"2021-08-30T09:55:54","guid":{"rendered":"https:\/\/www.pnt.uz.zgora.pl\/?page_id=1369"},"modified":"2021-09-13T14:59:24","modified_gmt":"2021-09-13T12:59:24","slug":"prace-przedwdrozeniowe-prowadzone-w-pnt-w-ramach-programu-inkubator-innowacyjnosci-4-0","status":"publish","type":"page","link":"http:\/\/www.pnt.uz.zgora.pl\/?page_id=1369","title":{"rendered":"Prace przedwdro\u017ceniowe prowadzone w PNT w ramach programu: \u201eInkubator Innowacyjno\u015bci 4.0\u201d"},"content":{"rendered":"<div class=\"row\">\n\t<div class=\"wpb_content_element wpb_single_image noframe span6\">\n\t\t<div class=\"wpb_wrapper\"><figure class=\"lightbox clearfix\">\n\t\t\t<a class=\"view\" href=\"http:\/\/www.pnt.uz.zgora.pl\/wp-content\/uploads\/2021\/08\/PP1-724x1024.jpg\" rel=\"image-gallery\"><div class=\"overlay\"><div class=\"thumb-info\"><i class=\"icon-search\"><\/i><\/div><\/div><img loading=\"lazy\" decoding=\"async\" width=\"1587\" height=\"2245\" src=\"http:\/\/www.pnt.uz.zgora.pl\/wp-content\/uploads\/2021\/08\/PP1.jpg\" class=\"attachment-full size-full\" alt=\"\" srcset=\"http:\/\/www.pnt.uz.zgora.pl\/wp-content\/uploads\/2021\/08\/PP1.jpg 1587w, http:\/\/www.pnt.uz.zgora.pl\/wp-content\/uploads\/2021\/08\/PP1-212x300.jpg 212w, http:\/\/www.pnt.uz.zgora.pl\/wp-content\/uploads\/2021\/08\/PP1-724x1024.jpg 724w, http:\/\/www.pnt.uz.zgora.pl\/wp-content\/uploads\/2021\/08\/PP1-768x1086.jpg 768w, http:\/\/www.pnt.uz.zgora.pl\/wp-content\/uploads\/2021\/08\/PP1-1086x1536.jpg 1086w, http:\/\/www.pnt.uz.zgora.pl\/wp-content\/uploads\/2021\/08\/PP1-1448x2048.jpg 1448w, http:\/\/www.pnt.uz.zgora.pl\/wp-content\/uploads\/2021\/08\/PP1-1280x1811.jpg 1280w\" sizes=\"auto, (max-width: 1587px) 100vw, 1587px\" title=\"PP1\" \/><\/a><\/figure>\n\t\t<\/div> \n\t<\/div>  \n\t<div class=\"wpb_content_element span6 wpb_text_column\">\n\t\t<div class=\"wpb_wrapper clearfix\">\n\t\t\t\n<h3 class=\"_04xlpA direction-ltr align-start para-style-body\"><span class=\"JsGRdQ\">Przeprowadzenie pomiar\u00f3w czynnik\u00f3w \u015brodowiskowych na stanowiskach naprawy i regeneracji rozrusznik\u00f3w <\/span><span class=\"JsGRdQ\">i alternator\u00f3w oraz obs\u0142ugi monta\u017cownicy do wymiany opon. Zaproponowanie innowacyjnych rozwi\u0105za\u0144 pozwalaj\u0105cych na zmniejszenie obci\u0105\u017cenia czynnikami zidentyfikowanymi na stanowiskach pracy<\/span><\/h3>\n\n\t\t<\/div> \n\t<\/div> <\/div>\n <div class=\"row\"><div class=\"wpb_divider thin wpb_content_element span12 \"><\/div>\n<\/div>\n <div class=\"row\">\n\t<div class=\"wpb_content_element wpb_single_image noframe span6\">\n\t\t<div class=\"wpb_wrapper\"><figure class=\"lightbox clearfix\">\n\t\t\t<a class=\"view\" href=\"http:\/\/www.pnt.uz.zgora.pl\/wp-content\/uploads\/2021\/09\/PP3-724x1024.jpg\" rel=\"image-gallery\"><div class=\"overlay\"><div class=\"thumb-info\"><i class=\"icon-search\"><\/i><\/div><\/div><img loading=\"lazy\" decoding=\"async\" width=\"1587\" height=\"2245\" src=\"http:\/\/www.pnt.uz.zgora.pl\/wp-content\/uploads\/2021\/09\/PP3.jpg\" class=\"attachment-full size-full\" alt=\"\" srcset=\"http:\/\/www.pnt.uz.zgora.pl\/wp-content\/uploads\/2021\/09\/PP3.jpg 1587w, http:\/\/www.pnt.uz.zgora.pl\/wp-content\/uploads\/2021\/09\/PP3-212x300.jpg 212w, http:\/\/www.pnt.uz.zgora.pl\/wp-content\/uploads\/2021\/09\/PP3-724x1024.jpg 724w, http:\/\/www.pnt.uz.zgora.pl\/wp-content\/uploads\/2021\/09\/PP3-768x1086.jpg 768w, http:\/\/www.pnt.uz.zgora.pl\/wp-content\/uploads\/2021\/09\/PP3-1086x1536.jpg 1086w, http:\/\/www.pnt.uz.zgora.pl\/wp-content\/uploads\/2021\/09\/PP3-1448x2048.jpg 1448w, http:\/\/www.pnt.uz.zgora.pl\/wp-content\/uploads\/2021\/09\/PP3-1280x1811.jpg 1280w\" sizes=\"auto, (max-width: 1587px) 100vw, 1587px\" title=\"PP3\" \/><\/a><\/figure>\n\t\t<\/div> \n\t<\/div>  \n\t<div class=\"wpb_content_element span6 wpb_text_column\">\n\t\t<div class=\"wpb_wrapper clearfix\">\n\t\t\t\n<h3 class=\"_04xlpA direction-ltr align-start para-style-body\">Opracowanie metody identyfikacji pr\u00f3bki materia\u0142u z polimeru biodegradowalnego<\/h3>\n\n\t\t<\/div> \n\t<\/div> <\/div>\n <div class=\"row\"><div class=\"wpb_divider thin wpb_content_element span12 \"><\/div>\n<\/div>\n <div class=\"row\">\n\t<div class=\"wpb_content_element wpb_single_image noframe span6\">\n\t\t<div class=\"wpb_wrapper\"><figure class=\"lightbox clearfix\">\n\t\t\t<a class=\"view\" href=\"http:\/\/www.pnt.uz.zgora.pl\/wp-content\/uploads\/2021\/09\/PP2-724x1024.jpg\" rel=\"image-gallery\"><div class=\"overlay\"><div class=\"thumb-info\"><i class=\"icon-search\"><\/i><\/div><\/div><img loading=\"lazy\" decoding=\"async\" width=\"1587\" height=\"2245\" src=\"http:\/\/www.pnt.uz.zgora.pl\/wp-content\/uploads\/2021\/09\/PP2.jpg\" class=\"attachment-full size-full\" alt=\"\" srcset=\"http:\/\/www.pnt.uz.zgora.pl\/wp-content\/uploads\/2021\/09\/PP2.jpg 1587w, http:\/\/www.pnt.uz.zgora.pl\/wp-content\/uploads\/2021\/09\/PP2-212x300.jpg 212w, http:\/\/www.pnt.uz.zgora.pl\/wp-content\/uploads\/2021\/09\/PP2-724x1024.jpg 724w, http:\/\/www.pnt.uz.zgora.pl\/wp-content\/uploads\/2021\/09\/PP2-768x1086.jpg 768w, http:\/\/www.pnt.uz.zgora.pl\/wp-content\/uploads\/2021\/09\/PP2-1086x1536.jpg 1086w, http:\/\/www.pnt.uz.zgora.pl\/wp-content\/uploads\/2021\/09\/PP2-1448x2048.jpg 1448w, http:\/\/www.pnt.uz.zgora.pl\/wp-content\/uploads\/2021\/09\/PP2-1280x1811.jpg 1280w\" sizes=\"auto, (max-width: 1587px) 100vw, 1587px\" title=\"PP2\" \/><\/a><\/figure>\n\t\t<\/div> \n\t<\/div>  \n\t<div class=\"wpb_content_element span6 wpb_text_column\">\n\t\t<div class=\"wpb_wrapper clearfix\">\n\t\t\t\n<h3 class=\"_04xlpA direction-ltr align-start para-style-body\"><span class=\"JsGRdQ\">Wp\u0142yw rodzaju materia\u0142\u00f3w konstrukcyjnych na w\u0142a\u015bciwo\u015bci akustyczne oraz mikroklimatyczne uli pszczelich<\/span><\/h3>\n\n\t\t<\/div> \n\t<\/div> <\/div>\n <div class=\"row\"><div class=\"wpb_divider thin wpb_content_element span12 \"><\/div>\n<\/div>\n <div class=\"row\">\n\t<div class=\"wpb_content_element wpb_single_image noframe span6\">\n\t\t<div class=\"wpb_wrapper\"><figure class=\"lightbox clearfix\">\n\t\t\t<a class=\"view\" href=\"http:\/\/www.pnt.uz.zgora.pl\/wp-content\/uploads\/2021\/09\/PP4-724x1024.jpg\" rel=\"image-gallery\"><div class=\"overlay\"><div class=\"thumb-info\"><i class=\"icon-search\"><\/i><\/div><\/div><img loading=\"lazy\" decoding=\"async\" width=\"1587\" height=\"2245\" src=\"http:\/\/www.pnt.uz.zgora.pl\/wp-content\/uploads\/2021\/09\/PP4.jpg\" class=\"attachment-full size-full\" alt=\"\" srcset=\"http:\/\/www.pnt.uz.zgora.pl\/wp-content\/uploads\/2021\/09\/PP4.jpg 1587w, http:\/\/www.pnt.uz.zgora.pl\/wp-content\/uploads\/2021\/09\/PP4-212x300.jpg 212w, http:\/\/www.pnt.uz.zgora.pl\/wp-content\/uploads\/2021\/09\/PP4-724x1024.jpg 724w, http:\/\/www.pnt.uz.zgora.pl\/wp-content\/uploads\/2021\/09\/PP4-768x1086.jpg 768w, http:\/\/www.pnt.uz.zgora.pl\/wp-content\/uploads\/2021\/09\/PP4-1086x1536.jpg 1086w, http:\/\/www.pnt.uz.zgora.pl\/wp-content\/uploads\/2021\/09\/PP4-1448x2048.jpg 1448w, http:\/\/www.pnt.uz.zgora.pl\/wp-content\/uploads\/2021\/09\/PP4-1280x1811.jpg 1280w\" sizes=\"auto, (max-width: 1587px) 100vw, 1587px\" title=\"PP4\" \/><\/a><\/figure>\n\t\t<\/div> \n\t<\/div>  \n\t<div class=\"wpb_content_element span6 wpb_text_column\">\n\t\t<div class=\"wpb_wrapper clearfix\">\n\t\t\t\n<h3 class=\"_04xlpA direction-ltr align-start para-style-body\"><span class=\"JsGRdQ\">Ocena przydatno\u015bci mikroskopii si\u0142 atomowych w analizie geometrii nanocz\u0105teczek<\/span><\/h3>\n\n\t\t<\/div> \n\t<\/div> <\/div>\n <div class=\"row\"><div class=\"wpb_divider thin wpb_content_element span12 \"><\/div>\n<\/div>\n <div class=\"row\">\n\t<div class=\"wpb_content_element span12 wpb_text_column\">\n\t\t<div class=\"wpb_wrapper clearfix\">\n\t\t\t\n<p style=\"text-align: center;\"><span class=\"JsGRdQ\">Projekt w ramach programu \u201eInkubator Innowacyjno\u015bci 4.0\u201d w ramach projektu pozakonkursowego \u201eWsparcie zarz\u0105dzania badaniami naukowymi i komercjalizacja wynik\u00f3w prac B+R w jednostkach naukowych i przedsi\u0119biorstwach\u201d, Dzia\u0142anie 4.4 Programu Operacyjnego Inteligentny Rozw\u00f3j 2014-2020<\/span><\/p>\n\n\t\t<\/div> \n\t<\/div> <\/div>\n <div class=\"row\">\n\t<div class=\"wpb_content_element wpb_single_image noframe span12\">\n\t\t<div class=\"wpb_wrapper\"><figure class=\"clearfix\">\n\t\t\t<img loading=\"lazy\" decoding=\"async\" width=\"5496\" height=\"756\" src=\"http:\/\/www.pnt.uz.zgora.pl\/wp-content\/uploads\/2021\/01\/FE_POIR_poziom_pl-1_rgb.png\" class=\"attachment-full size-full\" alt=\"\" srcset=\"http:\/\/www.pnt.uz.zgora.pl\/wp-content\/uploads\/2021\/01\/FE_POIR_poziom_pl-1_rgb.png 5496w, http:\/\/www.pnt.uz.zgora.pl\/wp-content\/uploads\/2021\/01\/FE_POIR_poziom_pl-1_rgb-300x41.png 300w, http:\/\/www.pnt.uz.zgora.pl\/wp-content\/uploads\/2021\/01\/FE_POIR_poziom_pl-1_rgb-1024x141.png 1024w, http:\/\/www.pnt.uz.zgora.pl\/wp-content\/uploads\/2021\/01\/FE_POIR_poziom_pl-1_rgb-768x106.png 768w, http:\/\/www.pnt.uz.zgora.pl\/wp-content\/uploads\/2021\/01\/FE_POIR_poziom_pl-1_rgb-1536x211.png 1536w, http:\/\/www.pnt.uz.zgora.pl\/wp-content\/uploads\/2021\/01\/FE_POIR_poziom_pl-1_rgb-2048x282.png 2048w, http:\/\/www.pnt.uz.zgora.pl\/wp-content\/uploads\/2021\/01\/FE_POIR_poziom_pl-1_rgb-1280x176.png 1280w\" sizes=\"auto, (max-width: 5496px) 100vw, 5496px\" title=\"FE_POIR_poziom_pl-1_rgb\" \/><\/figure>\n\t\t<\/div> \n\t<\/div> <\/div>\n\n","protected":false},"excerpt":{"rendered":"","protected":false},"author":1,"featured_media":0,"parent":1165,"menu_order":0,"comment_status":"closed","ping_status":"closed","template":"","meta":{"footnotes":""},"class_list":["post-1369","page","type-page","status-publish","hentry"],"_links":{"self":[{"href":"http:\/\/www.pnt.uz.zgora.pl\/index.php?rest_route=\/wp\/v2\/pages\/1369","targetHints":{"allow":["GET"]}}],"collection":[{"href":"http:\/\/www.pnt.uz.zgora.pl\/index.php?rest_route=\/wp\/v2\/pages"}],"about":[{"href":"http:\/\/www.pnt.uz.zgora.pl\/index.php?rest_route=\/wp\/v2\/types\/page"}],"author":[{"embeddable":true,"href":"http:\/\/www.pnt.uz.zgora.pl\/index.php?rest_route=\/wp\/v2\/users\/1"}],"replies":[{"embeddable":true,"href":"http:\/\/www.pnt.uz.zgora.pl\/index.php?rest_route=%2Fwp%2Fv2%2Fcomments&post=1369"}],"version-history":[{"count":11,"href":"http:\/\/www.pnt.uz.zgora.pl\/index.php?rest_route=\/wp\/v2\/pages\/1369\/revisions"}],"predecessor-version":[{"id":1412,"href":"http:\/\/www.pnt.uz.zgora.pl\/index.php?rest_route=\/wp\/v2\/pages\/1369\/revisions\/1412"}],"up":[{"embeddable":true,"href":"http:\/\/www.pnt.uz.zgora.pl\/index.php?rest_route=\/wp\/v2\/pages\/1165"}],"wp:attachment":[{"href":"http:\/\/www.pnt.uz.zgora.pl\/index.php?rest_route=%2Fwp%2Fv2%2Fmedia&parent=1369"}],"curies":[{"name":"wp","href":"https:\/\/api.w.org\/{rel}","templated":true}]}}