{"id":1165,"date":"2021-01-19T11:52:50","date_gmt":"2021-01-19T10:52:50","guid":{"rendered":"http:\/\/www.pnt.uz.zgora.pl\/?page_id=1165"},"modified":"2023-10-10T10:29:09","modified_gmt":"2023-10-10T08:29:09","slug":"inkubator-innowacyjnosci-4-0","status":"publish","type":"page","link":"http:\/\/www.pnt.uz.zgora.pl\/?page_id=1165","title":{"rendered":"\u201eInkubator Innowacyjno\u015bci 4.0\u201d"},"content":{"rendered":"<div class=\"row\">\n\t<div class=\"wpb_content_element span8 wpb_text_column\">\n\t\t<div class=\"wpb_wrapper clearfix\">\n\t\t\t\n<p>Park Naukowo-Technologiczny Uniwersytetu Zielonog\u00f3rskiego Sp. z o.o. jest cz\u0142onkiem konsorcjum realizuj\u0105cego <strong><em>Program Ministra &#8222;Inkubator Innowacyjno\u015bci 4.0&#8221; w ramach projektu pozakonkursowego MNiSW \u201eWsparcie zarz\u0105dzania badaniami naukowymi i komercjalizacja wynik\u00f3w prac B+R w jednostkach naukowych i przedsi\u0119biorstwach\u201d\u00a0 nr POIR.04.04.00-00-0004\/15 realizowanego na podstawie umowy o dofinansowanie zawartej mi\u0119dzy Ministrem Nauki i Szkolnictwa Wy\u017cszego a Ministrem Rozwoju i Finans\u00f3w w dniu 16 listopada 2016 r. Priorytet IV, Dzia\u0142anie 4.4 Programu Operacyjnego Inteligentny Rozw\u00f3j 2014-2020.<\/em><\/strong><\/p>\n<p>Celem programu jest wsparcie procesu zarz\u0105dzania wynikami bada\u0144 naukowych i prac rozwojowych, w szczeg\u00f3lno\u015bci w zakresie komercjalizacji. Realizacja programu powinna przyczyni\u0107 si\u0119 do promocji osi\u0105gni\u0119\u0107 naukowych, zwi\u0119kszenia ich wp\u0142ywu na rozw\u00f3j innowacyjno\u015bci oraz wzmocnienia wsp\u00f3\u0142pracy mi\u0119dzy \u015brodowiskiem naukowym a otoczeniem gospodarczym.<\/p>\n\n\t\t<\/div> \n\t<\/div> <\/div>\n <div class=\"row\">\n\t<div class=\"wpb_content_element span8 wpb_text_column\">\n\t\t<div class=\"wpb_wrapper clearfix\">\n\t\t\t\n<div class=\"progress standard\">\n<div class=\"bar\" data-value=\"100\" style=\"background-color:#292F39!important;\">\n<div class=\"bar-text\">Ca\u0142kowita kwota projektu: <span>1.122.756,10 z\u0142<\/span><\/div>\n<\/div>\n<\/div>\n\n<div class=\"progress standard\">\n<div class=\"bar\" data-value=\"27\" style=\"background-color:#292F39!important;\">\n<div class=\"bar-text\">Wk\u0142ad w\u0142asny: <span>112.275,61 z\u0142<\/span><\/div>\n<\/div>\n<\/div>\n\n<div class=\"progress standard\">\n<div class=\"bar\" data-value=\"90\" style=\"background-color:#292F39!important;\">\n<div class=\"bar-text\">Dofinansowanie EFRR: <span>1.010.480,49 z\u0142<\/span><\/div>\n<\/div>\n<\/div>\n\n\n\t\t<\/div> \n\t<\/div> <\/div>\n <div class=\"row\">\n\t<div class=\"wpb_content_element span8 wpb_text_column\">\n\t\t<div class=\"wpb_wrapper clearfix\">\n\t\t\t\n<p>Zadania do zrealizowania<\/p>\n<ul>\n<li>Inicjowanie oraz wzmacnianie wsp\u00f3\u0142pracy mi\u0119dzy \u015brodowiskiem naukowym a otoczeniem gospodarczym, w tym poszukiwanie podmiot\u00f3w zainteresowanych wdro\u017ceniem wynik\u00f3w bada\u0144 naukowych i prac rozwojowych, przez promocj\u0119 oferty technologicznej oraz udzia\u0142 w wystawach i targach typu \u201escience to business\u201d.<\/li>\n<li>Przygotowanie projekt\u00f3w komercjalizacji wynik\u00f3w bada\u0144 naukowych i prac rozwojowych, zawieraj\u0105cych w szczeg\u00f3lno\u015bci analizy potencja\u0142u rynkowego wynalazk\u00f3w oraz analizy ich gotowo\u015bci wdro\u017ceniowej, a tak\u017ce wyceny praw w\u0142asno\u015bci przemys\u0142owej.<\/li>\n<li>Prowadzenie prac przedwdro\u017ceniowych, w tym dodatkowych test\u00f3w laboratoryjnych lub dostosowania wynalazku do potrzeb zainteresowanego nabywcy, kt\u00f3rych koszt nie mo\u017ce przekroczy\u0107 100 ty\u015b. z\u0142.<\/li>\n<li>Dzia\u0142alno\u015b\u0107 Broker\u00f3w Innowacji<\/li>\n<\/ul>\n\n\t\t<\/div> \n\t<\/div> <\/div>\n <div class=\"row\"><div class=\"wpb_divider standard wpb_content_element span8 \"><\/div>\n<\/div>\n <div class=\"row\">\n\t<div class=\"wpb_content_element span8 wpb_text_column\">\n\t\t<div class=\"wpb_wrapper clearfix\">\n\t\t\t\n<h2>1.12.2021<\/h2>\n<h2>Informacja o wyborze najkorzystniejszej oferty:<\/h2>\n<p>\u2022 Przygotowanie zg\u0142oszenia patentowego lub wzoru u\u017cytkowego: 1500 z\u0142 netto<\/p>\n<p>\u2022 Przygotowanie zg\u0142oszenia wzoru przemys\u0142owego: 1000 z\u0142 netto<\/p>\n<p>IP MAN Jaros\u0142aw Mirkowski<br \/>\nUl. Pi\u0119kna 21<br \/>\n65-223 Zielona G\u00f3ra<br \/>\nNIP: 9730197741<\/p>\n<p>&nbsp;<\/p>\n<p>&nbsp;<\/p>\n\n\t\t<\/div> \n\t<\/div> <\/div>\n <div class=\"row\"><div class=\"wpb_divider standard wpb_content_element span8 \"><\/div>\n<\/div>\n <div class=\"row\">\n\t<div class=\"wpb_content_element span8 wpb_text_column\">\n\t\t<div class=\"wpb_wrapper clearfix\">\n\t\t\t\n<h2>ZAPYTANIE OFERTOWE Z DNIA 02.11.2021<\/h2>\n<p>Tre\u015b\u0107:<\/p>\n<p>W zwi\u0105zku z realizacj\u0105 projektu realizowanego w ramach Programu Operacyjnego Inteligentny Rozw\u00f3j 2014-2020: \u201eInkubator Innowacyjno\u015bci 4.0\u201d, Park Naukowo \u2013 Technologiczny Uniwersytetu Zielonog\u00f3rskiego Sp. z o.o. zaprasza do z\u0142o\u017cenia oferty cenowej w zakresie przygotowania zg\u0142osze\u0144 patentowych, wzor\u00f3w u\u017cytkowych i wzor\u00f3w przemys\u0142owych zgodnie z tre\u015bci\u0105 za\u0142\u0105cznika.<\/p>\n<p>Miejsce oraz termin sk\u0142adania ofert<br \/>\nOfert\u0119 nale\u017cy przes\u0142a\u0107 do godz. 23.59 dnia: 30.11.2021 r. na adres :<\/p>\n<p>Park Naukowo Technologiczny Uniwersytetu Zielonog\u00f3rskiego Sp. z o.o. Nowy Kisielin \u2013 Syrkiewicza 6, 66-001 Zielona G\u00f3ra<\/p>\n<p>B\u0105d\u017a email: <span dir=\"ltr\" role=\"presentation\"><a href=\"sekretariat@pnt.uz.zgora.pl\">sekretariat@pnt.uz.zgora.p<\/a>l<\/span><\/p>\n<p><a href=\"http:\/\/www.pnt.uz.zgora.pl\/wp-content\/uploads\/2023\/10\/zapytanie-ofertowe.pdf\">http:\/\/www.pnt.uz.zgora.pl\/wp-content\/uploads\/2023\/10\/zapytanie-ofertowe.pdf<\/a><\/p>\n\n\t\t<\/div> \n\t<\/div> <\/div>\n <div class=\"row\"><div class=\"wpb_divider standard wpb_content_element span8 \"><\/div>\n<\/div>\n <div class=\"row\">\n\t<div class=\"wpb_content_element span8 wpb_text_column\">\n\t\t<div class=\"wpb_wrapper clearfix\">\n\t\t\t\n<h2>12.04.2021<\/h2>\n<h2>Informacja o wyborze najkorzystniejszej oferty:<\/h2>\n<p><strong>\u201eInnova Jaros\u0142aw Osiadacz\u201d <\/strong>NIP:755-105-75-77<\/p>\n<p>Cena brutto wykonania 1 raportu: 15.990,00 PLN w tym obowi\u0105zuj\u0105cy podatek VAT(s\u0142ownie: pi\u0119tna\u015bcie tysi\u0119cy dziewi\u0119\u0107set dziewi\u0119\u0107dziesi\u0105t z\u0142otych zero groszy).<\/p>\n<p>Termin wykonania pojedynczego raportu: .20 dni kalendarzowych od wys\u0142ania zlecenia<\/p>\n<p>&nbsp;<\/p>\n<p>&nbsp;<\/p>\n\n\t\t<\/div> \n\t<\/div> <\/div>\n <div class=\"row\"><div class=\"wpb_divider standard wpb_content_element span8 \"><\/div>\n<\/div>\n <div class=\"row\">\n\t<div class=\"wpb_content_element span8 wpb_text_column\">\n\t\t<div class=\"wpb_wrapper clearfix\">\n\t\t\t\n<h2>ZAPYTANIE OFERTOWE Z DNIA 01.04.2021<\/h2>\n<p>Tre\u015b\u0107:<\/p>\n<p>\u015awiadczenie us\u0142ug przygotowywania i opracowywania raport\u00f3w \u201eWycena w\u0142asno\u015bci intelektualnej\u201d rozwi\u0105za\u0144, wynalazk\u00f3w, technologii i know-how powsta\u0142ych w wyniku bada\u0144 naukowych lub prac rozwojowych w ramach projektu <u>\u201eInkubator Innowacyjno\u015bci 4.0\u201d<\/u><\/p>\n<p>Miejsce oraz termin sk\u0142adania ofert<br \/>\nOfert\u0119 nale\u017cy przes\u0142a\u0107 do godz. 23.59 dnia: 08.04.2020 r. na adres :<\/p>\n<p>Park Naukowo Technologiczny Uniwersytetu Zielonog\u00f3rskiego Sp. z o.o. Nowy Kisielin \u2013 Syrkiewicza 6, 66-001 Zielona G\u00f3ra<\/p>\n<p>B\u0105d\u017a email: <a href=\"mailto:l.hoffmann@pnt.uz.zgora.pl\">l.hoffmann@pnt.uz.zgora.pl<\/a><\/p>\n<p>W temacie wiadomo\u015bci nale\u017cy wpisa\u0107: Zapytanie ofertowe \u2013 umowa na wyceny w\u0142asno\u015bci intelektualnej<\/p>\n<p>&nbsp;<\/p>\n<p>&nbsp;<\/p>\n\n\t\t<\/div> \n\t<\/div> <\/div>\n <div class=\"row\"><div class=\"wpb_divider standard wpb_content_element span8 \"><\/div>\n<\/div>\n <div class=\"row\"><div class=\"wpb_impact_text wpb_content_element clearfix span8 cta_align_right\">\n<div class=\"impact-text-wrap clearfix\">\n<div class=\"wpb_call_text\">\n<h4>Prace przedwdro\u017ceniowe prowadzone w PNT w ramach programu: \u201eInkubator Innowacyjno\u015bci 4.0\u201d<\/h4>\n<\/div>\n<a class=\"wpb_button sf-button normal accent standard\" href=\"https:\/\/www.pnt.uz.zgora.pl\/?page_id=1369\" target=\"_self\"><span>Przejd\u017a<\/span><\/a>\n<\/div>\n<\/div> \n<\/div>\n <div class=\"row\"><div class=\"wpb_impact_text wpb_content_element clearfix span8 cta_align_right\">\n<div class=\"impact-text-wrap clearfix\">\n<div class=\"wpb_call_text\">\n<h4>Zg\u0142oszenia Patentowe dokonane przez Park w ramach Projektu \u201eInkubator Innowacyjno\u015bci 4.0\u201d.<\/h4>\n<\/div>\n<a class=\"wpb_button sf-button normal accent standard\" href=\"https:\/\/www.pnt.uz.zgora.pl\/?p=1638\" target=\"_self\"><span>Przejd\u017a<\/span><\/a>\n<\/div>\n<\/div> \n<\/div>\n <div class=\"row\"><div class=\"wpb_divider standard wpb_content_element span8 \"><\/div>\n<\/div>\n <div class=\"row\">\n\t<div class=\"wpb_content_element wpb_single_image noframe span8\">\n\t\t<div class=\"wpb_wrapper\"><figure class=\"clearfix\">\n\t\t\t<img loading=\"lazy\" decoding=\"async\" width=\"5496\" height=\"756\" src=\"http:\/\/www.pnt.uz.zgora.pl\/wp-content\/uploads\/2021\/01\/FE_POIR_poziom_pl-1_rgb.png\" class=\"attachment-full size-full\" alt=\"\" srcset=\"http:\/\/www.pnt.uz.zgora.pl\/wp-content\/uploads\/2021\/01\/FE_POIR_poziom_pl-1_rgb.png 5496w, http:\/\/www.pnt.uz.zgora.pl\/wp-content\/uploads\/2021\/01\/FE_POIR_poziom_pl-1_rgb-300x41.png 300w, http:\/\/www.pnt.uz.zgora.pl\/wp-content\/uploads\/2021\/01\/FE_POIR_poziom_pl-1_rgb-1024x141.png 1024w, http:\/\/www.pnt.uz.zgora.pl\/wp-content\/uploads\/2021\/01\/FE_POIR_poziom_pl-1_rgb-768x106.png 768w, http:\/\/www.pnt.uz.zgora.pl\/wp-content\/uploads\/2021\/01\/FE_POIR_poziom_pl-1_rgb-1536x211.png 1536w, http:\/\/www.pnt.uz.zgora.pl\/wp-content\/uploads\/2021\/01\/FE_POIR_poziom_pl-1_rgb-2048x282.png 2048w, http:\/\/www.pnt.uz.zgora.pl\/wp-content\/uploads\/2021\/01\/FE_POIR_poziom_pl-1_rgb-1280x176.png 1280w\" sizes=\"auto, (max-width: 5496px) 100vw, 5496px\" title=\"FE_POIR_poziom_pl-1_rgb\" \/><\/figure>\n\t\t<\/div> \n\t<\/div> <\/div>\n <div class=\"row\"><div class=\"wpb_divider standard wpb_content_element span8 \"><\/div>\n<\/div>\n\n","protected":false},"excerpt":{"rendered":"","protected":false},"author":1,"featured_media":0,"parent":0,"menu_order":0,"comment_status":"closed","ping_status":"closed","template":"","meta":{"footnotes":""},"class_list":["post-1165","page","type-page","status-publish","hentry"],"_links":{"self":[{"href":"http:\/\/www.pnt.uz.zgora.pl\/index.php?rest_route=\/wp\/v2\/pages\/1165","targetHints":{"allow":["GET"]}}],"collection":[{"href":"http:\/\/www.pnt.uz.zgora.pl\/index.php?rest_route=\/wp\/v2\/pages"}],"about":[{"href":"http:\/\/www.pnt.uz.zgora.pl\/index.php?rest_route=\/wp\/v2\/types\/page"}],"author":[{"embeddable":true,"href":"http:\/\/www.pnt.uz.zgora.pl\/index.php?rest_route=\/wp\/v2\/users\/1"}],"replies":[{"embeddable":true,"href":"http:\/\/www.pnt.uz.zgora.pl\/index.php?rest_route=%2Fwp%2Fv2%2Fcomments&post=1165"}],"version-history":[{"count":36,"href":"http:\/\/www.pnt.uz.zgora.pl\/index.php?rest_route=\/wp\/v2\/pages\/1165\/revisions"}],"predecessor-version":[{"id":1725,"href":"http:\/\/www.pnt.uz.zgora.pl\/index.php?rest_route=\/wp\/v2\/pages\/1165\/revisions\/1725"}],"wp:attachment":[{"href":"http:\/\/www.pnt.uz.zgora.pl\/index.php?rest_route=%2Fwp%2Fv2%2Fmedia&parent=1165"}],"curies":[{"name":"wp","href":"https:\/\/api.w.org\/{rel}","templated":true}]}}