{"id":111,"date":"2020-09-23T13:51:16","date_gmt":"2020-09-23T11:51:16","guid":{"rendered":"http:\/\/www.new.pnt.uz.zgora.pl\/?page_id=111"},"modified":"2025-01-22T13:20:07","modified_gmt":"2025-01-22T12:20:07","slug":"powierzchnie-biurowe","status":"publish","type":"page","link":"http:\/\/www.pnt.uz.zgora.pl\/?page_id=111","title":{"rendered":"Wynajem powierzchni"},"content":{"rendered":"<div class=\"row\">\n\t<div class=\"wpb_content_element span12 wpb_text_column\">\n\t\t<div class=\"wpb_wrapper clearfix\">\n\t\t\t\n<p>Zapraszamy do Parku Naukowo-Technologicznego Uniwersytetu Zielonog\u00f3rskiego w Zielonej G\u00f3rze firmy maj\u0105ce w planach rozw\u00f3j swoich innowacji i bada\u0144 nad nowymi technologiami. Szczeg\u00f3lnie zach\u0119camy do otwierania lub przenoszenia kom\u00f3rek i dzia\u0142\u00f3w badawczo-rozwojowych. Dla tego typu dzia\u0142alno\u015bci proponujemy wiele udogodnie\u0144 m.in. dost\u0119p do \u015brodowisk akademickich i naukowych oraz specjalistycznej infrastruktury laboratoryjnej.<\/p>\n\n\t\t<\/div> \n\t<\/div> <\/div>\n <div class=\"row\"><div class=\"wpb_divider thin wpb_content_element alt-bg span12 \"><\/div>\n<\/div>\n <div class=\"row\">\n\t<div class=\"wpb_content_element wpb_single_image noframe span12\">\n\t\t<div class=\"wpb_wrapper\"><figure class=\"clearfix\">\n\t\t\t<img loading=\"lazy\" decoding=\"async\" width=\"1200\" height=\"139\" src=\"http:\/\/www.pnt.uz.zgora.pl\/wp-content\/uploads\/2020\/09\/logo_unia.png\" class=\"attachment-full size-full\" alt=\"\" srcset=\"http:\/\/www.pnt.uz.zgora.pl\/wp-content\/uploads\/2020\/09\/logo_unia.png 1200w, http:\/\/www.pnt.uz.zgora.pl\/wp-content\/uploads\/2020\/09\/logo_unia-300x35.png 300w, http:\/\/www.pnt.uz.zgora.pl\/wp-content\/uploads\/2020\/09\/logo_unia-1024x119.png 1024w, http:\/\/www.pnt.uz.zgora.pl\/wp-content\/uploads\/2020\/09\/logo_unia-768x89.png 768w\" sizes=\"auto, (max-width: 1200px) 100vw, 1200px\" title=\"logo_unia\" \/><\/figure>\n\t\t<\/div> \n\t<\/div> <\/div>\n\n","protected":false},"excerpt":{"rendered":"","protected":false},"author":2,"featured_media":0,"parent":0,"menu_order":0,"comment_status":"closed","ping_status":"closed","template":"","meta":{"footnotes":""},"class_list":["post-111","page","type-page","status-publish","hentry"],"_links":{"self":[{"href":"http:\/\/www.pnt.uz.zgora.pl\/index.php?rest_route=\/wp\/v2\/pages\/111","targetHints":{"allow":["GET"]}}],"collection":[{"href":"http:\/\/www.pnt.uz.zgora.pl\/index.php?rest_route=\/wp\/v2\/pages"}],"about":[{"href":"http:\/\/www.pnt.uz.zgora.pl\/index.php?rest_route=\/wp\/v2\/types\/page"}],"author":[{"embeddable":true,"href":"http:\/\/www.pnt.uz.zgora.pl\/index.php?rest_route=\/wp\/v2\/users\/2"}],"replies":[{"embeddable":true,"href":"http:\/\/www.pnt.uz.zgora.pl\/index.php?rest_route=%2Fwp%2Fv2%2Fcomments&post=111"}],"version-history":[{"count":20,"href":"http:\/\/www.pnt.uz.zgora.pl\/index.php?rest_route=\/wp\/v2\/pages\/111\/revisions"}],"predecessor-version":[{"id":2184,"href":"http:\/\/www.pnt.uz.zgora.pl\/index.php?rest_route=\/wp\/v2\/pages\/111\/revisions\/2184"}],"wp:attachment":[{"href":"http:\/\/www.pnt.uz.zgora.pl\/index.php?rest_route=%2Fwp%2Fv2%2Fmedia&parent=111"}],"curies":[{"name":"wp","href":"https:\/\/api.w.org\/{rel}","templated":true}]}}