{"id":109,"date":"2020-09-23T13:49:47","date_gmt":"2020-09-23T11:49:47","guid":{"rendered":"http:\/\/www.new.pnt.uz.zgora.pl\/?page_id=109"},"modified":"2020-10-19T10:17:32","modified_gmt":"2020-10-19T08:17:32","slug":"uslugi","status":"publish","type":"page","link":"http:\/\/www.pnt.uz.zgora.pl\/?page_id=109","title":{"rendered":"Us\u0142ugi"},"content":{"rendered":"<div class=\"row\">\n\t<div class=\"wpb_accordion wpb_content_element span12 not-column-inherit\" data-active=\"\">\n\t\t<div class=\"wpb_wrapper wpb_accordion_wrapper \">\n\t\t\t \n\t\t\t<div class=\"wpb_accordion_section group\">\n\t\t\t\t<h3><a href=\"#\">Us\u0142ugi z zakresu doradztwa biznesowego<\/a><\/h3>\n\t\t\t\t<div class=\"row-fluid\">\n\t\t\t\t <div class=\"row\">\n\t<div class=\"wpb_content_element span12 wpb_text_column\">\n\t\t<div class=\"wpb_wrapper clearfix\">\n\t\t\t\n<p>W ramach projektu pn. \u201eProinnowacyjne Centrum Wsparcia dla M\u015aP\u201d (PCW), wsp\u00f3\u0142finansowanego przez Uni\u0119 Europejsk\u0105 ze \u015brodk\u00f3w Europejskiego Funduszu Spo\u0142ecznego w ramach Regionalnego Programu Operacyjnego \u2013 Lubuskie 2020, O\u015b Priorytetowa I Gospodarka i innowacja, 1.2 Dzia\u0142anie rozw\u00f3j przedsi\u0119biorczo\u015bci nr RPLB.01.02.00-08-0009\/16-00 Park Naukowo \u2013 Technologiczny Uniwersytetu Zielonog\u00f3rskiego Sp. z o.o. wprowadzi\u0142 do swojej oferty nowe i ulepszone us\u0142ugi z zakresu doradztwa biznesowego.<\/p>\n<p>1. Wycena w\u0142asno\u015bci intelektualnej<\/p>\n<p>Jest\u00a0 to analiza pozwalaj\u0105ca pozna\u0107 warto\u015b\u0107 pieni\u0119\u017cn\u0105 posiadanych przez firm\u0119 b\u0105d\u017a uczelni\u0119\/instytut praw do r\u00f3\u017cnych form w\u0142asno\u015bci intelektualnej. Wycenie podlegaj\u0105 szeroko poj\u0119te technologie, wynalazki, usprawnienia, znaki towarowe, know-how i inne prawa wy\u0142\u0105czne.<\/p>\n<p>2. Audyt technologiczny<\/p>\n<p>Jest to identyfikacja s\u0142abych i mocnych stron przedsi\u0119biorstwa przeprowadzona w oparciu o m.in. ocen\u0119 infrastruktury, kluczowych technologii, praw w\u0142asno\u015bci intelektualnych i know-how firmy. To r\u00f3wnie\u017c metoda oceny przedsi\u0119biorstwa pod k\u0105tem potencja\u0142u technologicznego, stosowanych procedur oraz ewentualnych potrzeb.<\/p>\n<p>3. Audyt procesu<\/p>\n<p>Jest to weryfikacja spe\u0142nienia wymaga\u0144 danego procesu produkcyjnego lub us\u0142ugowego.<\/p>\n<p>&nbsp;<\/p>\n\n\t\t<\/div> \n\t<\/div> <\/div>\n \n\t\t\t\t<\/div>\n\t\t\t<\/div> \n \n\t\t\t<div class=\"wpb_accordion_section group\">\n\t\t\t\t<h3><a href=\"#\">Profesjonalna analiza sk\u0142adu spalin i badanie jako\u015bci procesu spalania<\/a><\/h3>\n\t\t\t\t<div class=\"row-fluid\">\n\t\t\t\t <div class=\"row\">\n\t<div class=\"wpb_content_element span12 wpb_text_column\">\n\t\t<div class=\"wpb_wrapper clearfix\">\n\t\t\t\n<p style=\"font-weight: 400;\">Wykonywanie analizy sk\u0142adu spalin\u00a0i bada\u0144 jako\u015bci spalania paliw przy wykorzystaniu profesjonalnego analizatora spalin.<\/p>\n<p style=\"font-weight: 400;\">Oferta obejmuje m. in.:<\/p>\n<ul>\n<li style=\"font-weight: 400;\">badanie \u017ar\u00f3de\u0142 ciep\u0142a w kierunku spe\u0142niania oficjalnych limit\u00f3w emisji w spalinach,<\/li>\n<li style=\"font-weight: 400;\">pomiary operacyjne na palnikach przemys\u0142owych, silnikach i turbinach gazowych,<\/li>\n<li style=\"font-weight: 400;\">badania jako\u015bci spalania na podstawie udzia\u0142u spalania ca\u0142kowitego,<\/li>\n<li style=\"font-weight: 400;\">kontrola zdefiniowanych parametr\u00f3w gaz\u00f3w w pomieszczeniach kot\u0142owni,<\/li>\n<li style=\"font-weight: 400;\">badania skuteczno\u015bci system\u00f3w oczyszczania spalin i stanu sprawno\u015bci katalizator\u00f3w,<\/li>\n<li style=\"font-weight: 400;\">pomiary st\u0119\u017cenia NO<sub>x<\/sub>\u00a0emitowanego w procesach termicznych z uwzgl\u0119dnieniem udzia\u0142\u00f3w NO oraz NO<sub>2<\/sub>.<\/li>\n<\/ul>\n\n\t\t<\/div> \n\t<\/div> <\/div>\n \n\t\t\t\t<\/div>\n\t\t\t<\/div> \n \n\t\t\t<div class=\"wpb_accordion_section group\">\n\t\t\t\t<h3><a href=\"#\">Badania i pomiary termowizyjne<\/a><\/h3>\n\t\t\t\t<div class=\"row-fluid\">\n\t\t\t\t <div class=\"row\">\n\t<div class=\"wpb_content_element span12 wpb_text_column\">\n\t\t<div class=\"wpb_wrapper clearfix\">\n\t\t\t\n<p style=\"font-weight: 400;\">Wykonywanie bada\u0144 i pomiar\u00f3w przy wykorzystaniu kamery termowizyjnej.<\/p>\n<p style=\"font-weight: 400;\">Oferta obejmuje:<\/p>\n<ul>\n<li style=\"font-weight: 400;\">badanie jako\u015bci i stanu izolacji termicznej budynk\u00f3w,<\/li>\n<li style=\"font-weight: 400;\">lokalizacj\u0119 oraz analiz\u0119 stanu izolacji podziemnych sieci ciep\u0142owniczych,<\/li>\n<li style=\"font-weight: 400;\">ocen\u0119 jako\u015bci wykonania stolarki okiennej i drzwiowej,<\/li>\n<li style=\"font-weight: 400;\">oznaczanie mostk\u00f3w cieplnych,<\/li>\n<li style=\"font-weight: 400;\">lokalizacj\u0119 zawilgoce\u0144 w przegrodach budynku,<\/li>\n<li style=\"font-weight: 400;\">wykrywanie nieszczelno\u015bci i strat ciep\u0142a w wewn\u0119trznych instalacjach centralnego,<\/li>\n<li style=\"font-weight: 400;\">ogrzewania,<\/li>\n<li style=\"font-weight: 400;\">ocen\u0119 pracy ogrzewania powierzchniowego (pod\u0142ogowego, \u015bciennego itd.),<\/li>\n<li style=\"font-weight: 400;\">ocen\u0119 poprawno\u015bci dzia\u0142ania kolektor\u00f3w s\u0142onecznych<\/li>\n<li style=\"font-weight: 400;\">badanie szczelno\u015bci kana\u0142\u00f3w wentylacyjnych i klimatyzacyjnych.<\/li>\n<\/ul>\n\n\t\t<\/div> \n\t<\/div> <\/div>\n \n\t\t\t\t<\/div>\n\t\t\t<\/div> \n \n\t\t\t<div class=\"wpb_accordion_section group\">\n\t\t\t\t<h3><a href=\"#\">Planowanie energetyczne i gospodarka niskoemisyjna<\/a><\/h3>\n\t\t\t\t<div class=\"row-fluid\">\n\t\t\t\t <div class=\"row\">\n\t<div class=\"wpb_content_element span12 wpb_text_column\">\n\t\t<div class=\"wpb_wrapper clearfix\">\n\t\t\t\n<p style=\"font-weight: 400;\">Oferta\u00a0w zakresie:<\/p>\n<ul>\n<li style=\"font-weight: 400;\">pomocy we wdra\u017caniu PGN, a tak\u017ce dzia\u0142a\u0144 promocyjnych oraz upowszechniaj\u0105cych za\u0142o\u017cenia niskoemisyjnej gospodarki energetycznej w regionie,<\/li>\n<li style=\"font-weight: 400;\">szkolenia pracownik\u00f3w JST w zakresie wdra\u017cania plan\u00f3w gospodarki niskoemisyjnej, a tak\u017ce rozwi\u0105za\u0144 i technologii niskoemisyjnych, w tym odnawialnych \u017ar\u00f3de\u0142 energii,<\/li>\n<li style=\"font-weight: 400;\">szkole\u0144 pracownik\u00f3w JST, a tak\u017ce dyrektor\u00f3w oraz pracownik\u00f3w podleg\u0142ych instytucji (szko\u0142y, przedszkola, biblioteki itd.) w zakresie efektywno\u015bci energetycznej oraz zarz\u0105dzania energi\u0105 na szczeblu lokalnym.<\/li>\n<\/ul>\n\n\t\t<\/div> \n\t<\/div> <\/div>\n \n\t\t\t\t<\/div>\n\t\t\t<\/div> \n \n\t\t\t<div class=\"wpb_accordion_section group\">\n\t\t\t\t<h3><a href=\"#\">Przeprowadzanie audyt\u00f3w energetycznych<\/a><\/h3>\n\t\t\t\t<div class=\"row-fluid\">\n\t\t\t\t <div class=\"row\">\n\t<div class=\"wpb_content_element span12 wpb_text_column\">\n\t\t<div class=\"wpb_wrapper clearfix\">\n\t\t\t\n<p style=\"font-weight: 400;\">Wsparcie inwestor\u00f3w w zakresie przygotowania i przeprowadzania proces\u00f3w g\u0142\u0119bokiej termomodernizacji budynk\u00f3w dowolnego przeznaczenia i wielko\u015bci, a tak\u017ce uk\u0142ad\u00f3w technologicznych.<\/p>\n<p style=\"font-weight: 400;\">Wsparcie obejmuje w szczeg\u00f3lno\u015bci:<\/p>\n<ul>\n<li style=\"font-weight: 400;\">opracowanie audyt\u00f3w energetycznych budynk\u00f3w mieszkalnych i u\u017cyteczno\u015bci publicznej,<\/li>\n<li style=\"font-weight: 400;\">opracowanie audyt\u00f3w energetycznych \u017ar\u00f3de\u0142 ciep\u0142a i sieci ciep\u0142owniczych, a tak\u017ce instalacji i budynk\u00f3w przemys\u0142owych,<\/li>\n<li style=\"font-weight: 400;\">pomoc w poszukiwaniu mo\u017cliwo\u015bci uzyskania dofinansowania inwestycji termomodernizacyjnych.<\/li>\n<\/ul>\n<p style=\"font-weight: 400;\">Dodatkowo CBZiE mo\u017ce prowadzi\u0107 nadz\u00f3r autorski nad prowadzon\u0105 inwestycj\u0105 oraz monitorowa\u0107 osi\u0105gni\u0119cie za\u0142o\u017conych w audytach wska\u017anik\u00f3w energetycznych.<\/p>\n\n\t\t<\/div> \n\t<\/div> <\/div>\n \n\t\t\t\t<\/div>\n\t\t\t<\/div> \n \n\t\t\t<div class=\"wpb_accordion_section group\">\n\t\t\t\t<h3><a href=\"#\">Analizy i badania wykonywane w zakres budownictwa<\/a><\/h3>\n\t\t\t\t<div class=\"row-fluid\">\n\t\t\t\t <div class=\"row\">\n\t<div class=\"wpb_content_element span12 wpb_text_column\">\n\t\t<div class=\"wpb_wrapper clearfix\">\n\t\t\t\n<p style=\"font-weight: 400;\">1)\u00a0\u00a0\u00a0\u00a0\u00a0\u00a0\u00a0\u00a0\u00a0\u00a0\u00a0Symulacja energetyczna budynk\u00f3w, instalacji i uk\u0142ad\u00f3w technologicznych:<\/p>\n<ul>\n<li style=\"font-weight: 400;\">DesignBuilder,<\/li>\n<li style=\"font-weight: 400;\">EnergyPlus, SketchUp + NREL OpenStudio,<\/li>\n<li style=\"font-weight: 400;\">TRNSYS,<\/li>\n<li style=\"font-weight: 400;\">Autodesk Building,<\/li>\n<li style=\"font-weight: 400;\">Design Suite.<\/li>\n<\/ul>\n<p style=\"font-weight: 400;\">\n<p style=\"font-weight: 400;\">2)\u00a0\u00a0\u00a0\u00a0\u00a0\u00a0\u00a0\u00a0\u00a0\u00a0\u00a0Symulacja system\u00f3w energetycznych, sieci zewn\u0119trznych, elektrociep\u0142owni:<\/p>\n<ul>\n<li style=\"font-weight: 400;\">AudytorSCW,<\/li>\n<li style=\"font-weight: 400;\">Bentley sisHYD Heat,<\/li>\n<li style=\"font-weight: 400;\">Autodesk Infrastructure Design Suite,<\/li>\n<li style=\"font-weight: 400;\">MIKE Urban (Model Manager (MM),<\/li>\n<li style=\"font-weight: 400;\">CS Pipeflow,<\/li>\n<li style=\"font-weight: 400;\">Water Distribution,<\/li>\n<li style=\"font-weight: 400;\">CS Rainfall Runoff (RR),<\/li>\n<li style=\"font-weight: 400;\">CS\u00a0Catchment Analys (CA).<\/li>\n<\/ul>\n<p style=\"font-weight: 400;\">3)\u00a0\u00a0\u00a0\u00a0\u00a0\u00a0\u00a0\u00a0\u00a0\u00a0\u00a0Modelowanie i symulacja pracy kot\u0142\u00f3w fluidalnych, skraplaczy blok\u00f3w energetycznych, fali powodziowej, z mo\u017cliwo\u015bci\u0105 wykorzystania w systemach ostrzegania przeciwpowodziowego, przep\u0142yw\u00f3w z wymian\u0105 ciep\u0142a:<\/p>\n<ul>\n<li style=\"font-weight: 400;\">oprogramowanie ANSYS Fluid Dynamics (Fluent),<\/li>\n<li style=\"font-weight: 400;\">oprogramowanie uniwersalne:<\/li>\n<\/ul>\n<p style=\"font-weight: 400;\">&#8211;\u00a0 \u00a0 \u00a0 &#8211;\u00a0Matlab + Simulink,<\/p>\n<p style=\"font-weight: 400;\">&#8211;\u00a0 \u00a0 \u00a0 &#8211;\u00a0SolidWorks, R-project,<\/p>\n<p style=\"font-weight: 400;\">&#8211;\u00a0 \u00a0 \u00a0 &#8211;\u00a0Mathematica, SciLab, C++,<\/p>\n<p style=\"font-weight: 400;\">&#8211;\u00a0 \u00a0 \u00a0 &#8211;\u00a0Python,<\/p>\n<p style=\"font-weight: 400;\">&#8211;\u00a0 \u00a0 \u00a0 &#8211;\u00a0PHP,<\/p>\n<p style=\"font-weight: 400;\">&#8211;\u00a0 \u00a0 \u00a0 &#8211;\u00a0JavaScript,<\/p>\n<p style=\"font-weight: 400;\">&#8211;\u00a0 \u00a0 \u00a0 &#8211;\u00a0MySql.<\/p>\n<p style=\"font-weight: 400;\">\n\n\t\t<\/div> \n\t<\/div> <\/div>\n \n\t\t\t\t<\/div>\n\t\t\t<\/div> \n \n\t\t\t<div class=\"wpb_accordion_section group\">\n\t\t\t\t<h3><a href=\"#\">Pomiar napi\u0119cia i charakteru powierzchniowego cieczy<\/a><\/h3>\n\t\t\t\t<div class=\"row-fluid\">\n\t\t\t\t <div class=\"row\">\n\t<div class=\"wpb_content_element span12 wpb_text_column\">\n\t\t<div class=\"wpb_wrapper clearfix\">\n\t\t\t\n<p>Pomiar tensjometrem BPA 2P (Donserv), kt\u00f3ry pracuje na zasadzie pomiaru ci\u015bnie\u0144 w ba\u0144ce i ich zale\u017cno\u015bci czasowych.<\/p>\n\n\t\t<\/div> \n\t<\/div> <\/div>\n \n\t\t\t\t<\/div>\n\t\t\t<\/div> \n \n\t\t\t<div class=\"wpb_accordion_section group\">\n\t\t\t\t<h3><a href=\"#\">Pomiar wielko\u015bci cz\u0105stek metod\u0105 DLS, pomiar potencja\u0142u zeta<\/a><\/h3>\n\t\t\t\t<div class=\"row-fluid\">\n\t\t\t\t <div class=\"row\">\n\t<div class=\"wpb_content_element span12 wpb_text_column\">\n\t\t<div class=\"wpb_wrapper clearfix\">\n\t\t\t\n<p>Analizator Zetasizer Nano ZS (Malvern Instruments Ltd.) s\u0142u\u017cy do pomiaru stopnia dyspresji nanometrycznej materia\u0142\u00f3w (zakres wielko\u015bci cz\u0105stek\u00a00,3 nm \u00f7 10 \u00b5m), elektroforetycznej mobilno\u015bci bia\u0142ek oraz do oceny stabilno\u015bci uk\u0142ad\u00f3w koloidalnych poprzez pomiar potencja\u0142u zeta.<\/p>\n\n\t\t<\/div> \n\t<\/div> <\/div>\n \n\t\t\t\t<\/div>\n\t\t\t<\/div> \n \n\t\t\t<div class=\"wpb_accordion_section group\">\n\t\t\t\t<h3><a href=\"#\">Pomiar grubo\u015bci cienkich warstw<\/a><\/h3>\n\t\t\t\t<div class=\"row-fluid\">\n\t\t\t\t <div class=\"row\">\n\t<div class=\"wpb_content_element span12 wpb_text_column\">\n\t\t<div class=\"wpb_wrapper clearfix\">\n\t\t\t\n<p>Profilometr interferencyjny \u015bwiat\u0142a bia\u0142ego (AvaSpec AVANTES) pozwala na nieniszcz\u0105cy pomiar grubo\u015bci cienkich warstw w zakresie od kilku nm do kilku \u03bcm.<\/p>\n\n\t\t<\/div> \n\t<\/div> <\/div>\n \n\t\t\t\t<\/div>\n\t\t\t<\/div> \n \n\t\t\t<div class=\"wpb_accordion_section group\">\n\t\t\t\t<h3><a href=\"#\">Morfologia powierzchni<\/a><\/h3>\n\t\t\t\t<div class=\"row-fluid\">\n\t\t\t\t <div class=\"row\">\n\t<div class=\"wpb_content_element span12 wpb_text_column\">\n\t\t<div class=\"wpb_wrapper clearfix\">\n\t\t\t\n<p>Mikroskop si\u0142 atomowych BioScope Catalyst (Bruker) z przeznaczeniem do pomiar\u00f3w dyspersji oraz morfologii materia\u0142\u00f3w w skali nanometrycznej wyposa\u017cony w komor\u0119 inkubacyjn\u0105 z przep\u0142ywem cieczy umo\u017cliwiaj\u0105c\u0105 obserwacj\u0119 transportu materia\u0142\u00f3w o dyspersji nanometrycznej w hodowlach bakteryjnych i tkankowych r\u00f3wnie\u017c w funkcji czasu.<\/p>\n\n\t\t<\/div> \n\t<\/div> <\/div>\n \n\t\t\t\t<\/div>\n\t\t\t<\/div> \n \n\t\t\t<div class=\"wpb_accordion_section group\">\n\t\t\t\t<h3><a href=\"#\">Spektroskopia ramanowska<\/a><\/h3>\n\t\t\t\t<div class=\"row-fluid\">\n\t\t\t\t <div class=\"row\">\n\t<div class=\"wpb_content_element span12 wpb_text_column\">\n\t\t<div class=\"wpb_wrapper clearfix\">\n\t\t\t\n<p>Spektrometr ramanowski (inVia Raman Renishaw) ze wzbudzeniem laserowym do pomiar\u00f3w widm oscylacyjnych promieniowania rozproszonego z przeznaczeniem do analiz jako\u015bciowych materia\u0142\u00f3w.<\/p>\n\n\t\t<\/div> \n\t<\/div> <\/div>\n \n\t\t\t\t<\/div>\n\t\t\t<\/div> \n \n\t\t\t<div class=\"wpb_accordion_section group\">\n\t\t\t\t<h3><a href=\"#\">Mikroskopia konfokalna<\/a><\/h3>\n\t\t\t\t<div class=\"row-fluid\">\n\t\t\t\t <div class=\"row\">\n\t<div class=\"wpb_content_element span12 wpb_text_column\">\n\t\t<div class=\"wpb_wrapper clearfix\">\n\t\t\t\n<p>Mikroskop badawczy LSM 710 VIS AXIO Observer Z1 z wyposa\u017ceniem (Zeiss) z punktowym laserowym systemem konfokalnym. Aparat posiada obiektywy 10x, 20x, 40x (wodny), 63x (olejowy), systemy laserowe (405nm, 458nm, 488nm, 514nm, 561nm, 633nm) oraz 3 rodzaje filtr\u00f3w, przeznaczony do bada\u0144 pr\u00f3bek biologicznych na poziomie tkankowym i kom\u00f3rkowym. Urz\u0105dzenie wyposa\u017cone jest w modu\u0142y, kt\u00f3re umo\u017cliwiaj\u0105 zadanie temperatury i st\u0119\u017cenia CO<sub>2<\/sub>\u00a0dostosowanych do wymaga\u0144 hodowli kom\u00f3rkowych.<\/p>\n\n\t\t<\/div> \n\t<\/div> <\/div>\n \n\t\t\t\t<\/div>\n\t\t\t<\/div> \n \n\t\t\t<div class=\"wpb_accordion_section group\">\n\t\t\t\t<h3><a href=\"#\">Pomiar zewn\u0119trznej efektywno\u015bci kwantowej ogniw s\u0142onecznych (EQE)<\/a><\/h3>\n\t\t\t\t<div class=\"row-fluid\">\n\t\t\t\t <div class=\"row\">\n\t<div class=\"wpb_content_element span12 wpb_text_column\">\n\t\t<div class=\"wpb_wrapper clearfix\">\n\t\t\t\n<p>Zestaw do pomiaru zewn\u0119trznej efektywno\u015bci kwantowej Oriel&#8217;s (QEPVSI-b) jest uk\u0142adem pomiarowym do oceny zewn\u0119trznej efektywno\u015bci kwantowej (EQE).<\/p>\n\n\t\t<\/div> \n\t<\/div> <\/div>\n \n\t\t\t\t<\/div>\n\t\t\t<\/div> \n \n\t\t\t<div class=\"wpb_accordion_section group\">\n\t\t\t\t<h3><a href=\"#\">Pomiar powierzchni w\u0142a\u015bciwej i porowato\u015bci<\/a><\/h3>\n\t\t\t\t<div class=\"row-fluid\">\n\t\t\t\t <div class=\"row\">\n\t<div class=\"wpb_content_element span12 wpb_text_column\">\n\t\t<div class=\"wpb_wrapper clearfix\">\n\t\t\t\n<p>Analizator powierzchni w\u0142a\u015bciwej i porowato\u015bci metod\u0105 sorpcji gaz\u00f3w THERMO SCIENTIFIC SURFER. Urz\u0105dzenie ma mo\u017cliwo\u015b\u0107 pomiaru poprzez zjawisko sorpcji fizycznej (analiza powierzchni w\u0142a\u015bciwej oraz charakterystyka por\u00f3w wykorzystuj\u0105ca zjawisko adsorpcji cz\u0105stek gazu oboj\u0119tnego na powierzchni pr\u00f3bki w temperaturach kriogenicznych) oraz chemisorpcji (oznaczenie miejsc aktywnych w podwy\u017cszonych temperaturach).Wyznaczenie wielko\u015bci powierzchni w\u0142a\u015bciwej od 5e-4 m2\/g (w zale\u017cno\u015bci od gazu sorbuj\u0105cego i konfiguracji aparatu), wyznaczenie obj\u0119to\u015bci por\u00f3w od 1e-4 cm3\/g, wyznaczenie wielko\u015bci \u015brednicy por\u00f3w od 0.3 nm.<\/p>\n\n\t\t<\/div> \n\t<\/div> <\/div>\n \n\t\t\t\t<\/div>\n\t\t\t<\/div> \n \n\t\t\t<div class=\"wpb_accordion_section group\">\n\t\t\t\t<h3><a href=\"#\">Spektroskopia w podczerwieni<\/a><\/h3>\n\t\t\t\t<div class=\"row-fluid\">\n\t\t\t\t <div class=\"row\">\n\t<div class=\"wpb_content_element span12 wpb_text_column\">\n\t\t<div class=\"wpb_wrapper clearfix\">\n\t\t\t\n<p>Spektrometr FTIR wielozakresowy THERMO SCIENTIFIC NICOLET iS50 pracuj\u0105cy w zakresach FAR-IR, MID-IR oraz NIR z przeznaczeniem do bada\u0144 jako\u015bciowych materia\u0142\u00f3w organicznych.<\/p>\n\n\t\t<\/div> \n\t<\/div> <\/div>\n \n\t\t\t\t<\/div>\n\t\t\t<\/div> \n \n\t\t\t<div class=\"wpb_accordion_section group\">\n\t\t\t\t<h3><a href=\"#\">Wytwarzanie element\u00f3w na maszynach CNC<\/a><\/h3>\n\t\t\t\t<div class=\"row-fluid\">\n\t\t\t\t <div class=\"row\">\n\t<div class=\"wpb_content_element span12 wpb_text_column\">\n\t\t<div class=\"wpb_wrapper clearfix\">\n\t\t\t\n<p style=\"font-weight: 400;\">Dysponujemy maszynami:<\/p>\n<ul>\n<li style=\"font-weight: 400;\">Frezarka 5-osiowa sterowana numerycznie DMU 70 firmy DMG\/MORI SEIKI z oprogramowaniem Siemens 840D.<\/li>\n<li>Tokarka 2-osiowa sterowana numerycznie DMG Ecoturn 510 firmy DMG\/MORI SEIKI z oprogramowaniem Siemens 840D.<\/li>\n<\/ul>\n\n\t\t<\/div> \n\t<\/div> <\/div>\n \n\t\t\t\t<\/div>\n\t\t\t<\/div> \n \n\t\t\t<div class=\"wpb_accordion_section group\">\n\t\t\t\t<h3><a href=\"#\">Opracowywanie konstrukcji 3D<\/a><\/h3>\n\t\t\t\t<div class=\"row-fluid\">\n\t\t\t\t <div class=\"row\">\n\t<div class=\"wpb_content_element span12 wpb_text_column\">\n\t\t<div class=\"wpb_wrapper clearfix\">\n\t\t\t\n<p>Tworzenie projekt\u00f3w, a tak\u017ce wykonywanie\u00a0konstrukcji 3D w programie SolidWORKS.<\/p>\n\n\t\t<\/div> \n\t<\/div> <\/div>\n \n\t\t\t\t<\/div>\n\t\t\t<\/div> \n \n\t\t\t<div class=\"wpb_accordion_section group\">\n\t\t\t\t<h3><a href=\"#\">Pomiary na maszynie Mitutoyo<\/a><\/h3>\n\t\t\t\t<div class=\"row-fluid\">\n\t\t\t\t <div class=\"row\">\n\t<div class=\"wpb_content_element span12 wpb_text_column\">\n\t\t<div class=\"wpb_wrapper clearfix\">\n\t\t\t\n<p>Wykonywanie precyzyjnych pomiar\u00f3w na manualnej maszynie wsp\u00f3\u0142rz\u0119dno\u015bciowej Mitutoyo CRT Plus M443.<\/p>\n<p>Maszyna posiada \u015bwiadectwo wzorcowania wydane przez MITUTOYO Polska Sp. z o.o.<\/p>\n\n\t\t<\/div> \n\t<\/div> <\/div>\n \n\t\t\t\t<\/div>\n\t\t\t<\/div> \n \n\t\t<\/div> \n\t<\/div> <\/div>\n <div class=\"row\"><div class=\"wpb_divider thin wpb_content_element alt-bg span12 \"><\/div>\n<\/div>\n <div class=\"row\">\n\t<div class=\"wpb_content_element wpb_single_image noframe span12\">\n\t\t<div class=\"wpb_wrapper\"><figure class=\"clearfix\">\n\t\t\t<img loading=\"lazy\" decoding=\"async\" width=\"1200\" height=\"139\" src=\"http:\/\/www.pnt.uz.zgora.pl\/wp-content\/uploads\/2020\/09\/logo_unia.png\" class=\"attachment-full size-full\" alt=\"\" srcset=\"http:\/\/www.pnt.uz.zgora.pl\/wp-content\/uploads\/2020\/09\/logo_unia.png 1200w, http:\/\/www.pnt.uz.zgora.pl\/wp-content\/uploads\/2020\/09\/logo_unia-300x35.png 300w, http:\/\/www.pnt.uz.zgora.pl\/wp-content\/uploads\/2020\/09\/logo_unia-1024x119.png 1024w, http:\/\/www.pnt.uz.zgora.pl\/wp-content\/uploads\/2020\/09\/logo_unia-768x89.png 768w\" sizes=\"auto, (max-width: 1200px) 100vw, 1200px\" title=\"logo_unia\" \/><\/figure>\n\t\t<\/div> \n\t<\/div> <\/div>\n\n","protected":false},"excerpt":{"rendered":"","protected":false},"author":2,"featured_media":0,"parent":0,"menu_order":0,"comment_status":"closed","ping_status":"closed","template":"","meta":{"footnotes":""},"class_list":["post-109","page","type-page","status-publish","hentry"],"_links":{"self":[{"href":"http:\/\/www.pnt.uz.zgora.pl\/index.php?rest_route=\/wp\/v2\/pages\/109","targetHints":{"allow":["GET"]}}],"collection":[{"href":"http:\/\/www.pnt.uz.zgora.pl\/index.php?rest_route=\/wp\/v2\/pages"}],"about":[{"href":"http:\/\/www.pnt.uz.zgora.pl\/index.php?rest_route=\/wp\/v2\/types\/page"}],"author":[{"embeddable":true,"href":"http:\/\/www.pnt.uz.zgora.pl\/index.php?rest_route=\/wp\/v2\/users\/2"}],"replies":[{"embeddable":true,"href":"http:\/\/www.pnt.uz.zgora.pl\/index.php?rest_route=%2Fwp%2Fv2%2Fcomments&post=109"}],"version-history":[{"count":5,"href":"http:\/\/www.pnt.uz.zgora.pl\/index.php?rest_route=\/wp\/v2\/pages\/109\/revisions"}],"predecessor-version":[{"id":1002,"href":"http:\/\/www.pnt.uz.zgora.pl\/index.php?rest_route=\/wp\/v2\/pages\/109\/revisions\/1002"}],"wp:attachment":[{"href":"http:\/\/www.pnt.uz.zgora.pl\/index.php?rest_route=%2Fwp%2Fv2%2Fmedia&parent=109"}],"curies":[{"name":"wp","href":"https:\/\/api.w.org\/{rel}","templated":true}]}}