{"id":105,"date":"2020-09-23T13:49:18","date_gmt":"2020-09-23T11:49:18","guid":{"rendered":"http:\/\/www.new.pnt.uz.zgora.pl\/?page_id=105"},"modified":"2020-10-19T09:59:48","modified_gmt":"2020-10-19T07:59:48","slug":"szkolenia","status":"publish","type":"page","link":"http:\/\/www.pnt.uz.zgora.pl\/?page_id=105","title":{"rendered":"Szkolenia"},"content":{"rendered":"<div class=\"row\">\n\t<div class=\"wpb_accordion wpb_content_element span12 not-column-inherit\" data-active=\"\">\n\t\t<div class=\"wpb_wrapper wpb_accordion_wrapper \">\n\t\t\t \n\t\t\t<div class=\"wpb_accordion_section group\">\n\t\t\t\t<h3><a href=\"#\">Programowanie maszyn CNC<\/a><\/h3>\n\t\t\t\t<div class=\"row-fluid\">\n\t\t\t\t <div class=\"row\">\n\t<div class=\"wpb_content_element span12 wpb_text_column\">\n\t\t<div class=\"wpb_wrapper clearfix\">\n\t\t\t\n<p>Szkolenia z programowania maszyn\u00a0CNC\u00a0z\u00a0wykorzystaniem oprogramowania SINUTRAIN (ShopMill i ShopTurn) oraz symulator\u00f3w (paneli)\u00a0firmy DMG dla sterowania SINUMERIK 828D\/840D sl.<\/p>\n\n\t\t<\/div> \n\t<\/div> <\/div>\n \n\t\t\t\t<\/div>\n\t\t\t<\/div> \n \n\t\t\t<div class=\"wpb_accordion_section group\">\n\t\t\t\t<h3><a href=\"#\">Obs\u0142uga maszyn CNC<\/a><\/h3>\n\t\t\t\t<div class=\"row-fluid\">\n\t\t\t\t <div class=\"row\">\n\t<div class=\"wpb_content_element span12 wpb_text_column\">\n\t\t<div class=\"wpb_wrapper clearfix\">\n\t\t\t\n<p>Szkolenia dla operator\u00f3w i programist\u00f3w z wykorzystaniem nowoczesnych maszyn CNC:<\/p>\n<ul>\n<li style=\"font-weight: 400;\">Frezarka 5-osiowa DMG MORI SEIKI DMU 70<\/li>\n<\/ul>\n<p style=\"font-weight: 400;\"><img loading=\"lazy\" decoding=\"async\" class=\"alignnone size-full wp-image-940\" src=\"http:\/\/www.new.pnt.uz.zgora.pl\/wp-content\/uploads\/2020\/10\/cti11.jpg\" alt=\"\" width=\"300\" height=\"225\" srcset=\"http:\/\/www.pnt.uz.zgora.pl\/wp-content\/uploads\/2020\/10\/cti11.jpg 300w, http:\/\/www.pnt.uz.zgora.pl\/wp-content\/uploads\/2020\/10\/cti11-94x70.jpg 94w\" sizes=\"auto, (max-width: 300px) 100vw, 300px\" \/><\/p>\n<p style=\"font-weight: 400;\"><b><strong>DANE TECHNICZNE:<\/strong><\/b><\/p>\n<p style=\"font-weight: 400;\"><b><strong>G\u0142owica frezerska<\/strong><\/b><\/p>\n<p style=\"font-weight: 400;\">Pr\u0119dko\u015b\u0107 obrotowa 20-10\u00a0000 obr.\/min<\/p>\n<p style=\"font-weight: 400;\">Moc silnika 13kW<\/p>\n<p style=\"font-weight: 400;\"><b><strong>Nap\u0119d posuwu<\/strong><\/b><\/p>\n<p style=\"font-weight: 400;\">Serwomotory AC dla osi X, Y, Z<\/p>\n<p style=\"font-weight: 400;\">Pr\u0119dko\u015b\u0107 posuwu dla osi X, Y, Z do 24\u00a0000 mm\/min<\/p>\n<p style=\"font-weight: 400;\"><b><strong>Droga przejazdu<\/strong><\/b><\/p>\n<p style=\"font-weight: 400;\">O\u015b X 750 mm<\/p>\n<p style=\"font-weight: 400;\">O\u015b Y 600 mm<\/p>\n<p style=\"font-weight: 400;\">O\u015b Z 520 mm<\/p>\n<p style=\"font-weight: 400;\">O\u015b B -0\/+95\u00b0<\/p>\n<p style=\"font-weight: 400;\">O\u015b C 360<\/p>\n<p style=\"font-weight: 400;\"><b><strong>System laserowego pomiaru narz\u0119dzia<\/strong><\/b><\/p>\n<p style=\"font-weight: 400;\">Pomiar narz\u0119dzia \u00d8 0,4-80 mm<\/p>\n<p style=\"font-weight: 400;\">D\u0142ugo\u015b\u0107 narz\u0119dzia min. 60 mm<\/p>\n<p style=\"font-weight: 400;\">Dok\u0142adno\u015b\u0107 pomiaru +\/- 0,02<\/p>\n<ul>\n<li style=\"font-weight: 400;\">Tokarka 2-osiowa DMG MORI SEIKI CTX 510<\/li>\n<\/ul>\n<p style=\"font-weight: 400;\"><img loading=\"lazy\" decoding=\"async\" class=\"alignnone size-full wp-image-941\" src=\"http:\/\/www.new.pnt.uz.zgora.pl\/wp-content\/uploads\/2020\/10\/cti21.jpg\" alt=\"\" width=\"300\" height=\"225\" srcset=\"http:\/\/www.pnt.uz.zgora.pl\/wp-content\/uploads\/2020\/10\/cti21.jpg 300w, http:\/\/www.pnt.uz.zgora.pl\/wp-content\/uploads\/2020\/10\/cti21-94x70.jpg 94w\" sizes=\"auto, (max-width: 300px) 100vw, 300px\" \/><\/p>\n<p style=\"font-weight: 400;\"><b><strong>DANE TECHNICZNE:<\/strong><\/b><\/p>\n<p style=\"font-weight: 400;\"><b><strong>Wrzeciono g\u0142\u00f3wne<\/strong><\/b><\/p>\n<p style=\"font-weight: 400;\">Mocowanie wrzeciona (ko\u0142nierz) Typ 220 h5<\/p>\n<p style=\"font-weight: 400;\">\u015arednica uchwytu mocuj\u0105cego 250 mm<\/p>\n<p style=\"font-weight: 400;\">Przepust pr\u0119ta 76 mm<\/p>\n<p style=\"font-weight: 400;\">\u015arednica otworu wrzeciona 103 mm<\/p>\n<p style=\"font-weight: 400;\">\u015arednica w przednim \u0142o\u017cysku 140 mm<\/p>\n<p style=\"font-weight: 400;\">Maksymalna moc wrzeciona (100% czasu w\u0142\u0105czenia) 22kW<\/p>\n<p style=\"font-weight: 400;\">Maksymalna moc wrzeciona (40% czasu w\u0142\u0105czenia) 33kW<\/p>\n<p style=\"font-weight: 400;\">Maksymalna pr\u0119dko\u015b\u0107 obrotowa wrzeciona 3\u00a0250 1\/min<\/p>\n<p style=\"font-weight: 400;\">Maksymalny moment obrotowy (100% czasu w\u0142\u0105czenia) 420 Nm<\/p>\n<p style=\"font-weight: 400;\">Maksymalny moment obrotowy (40% czasu w\u0142\u0105czenia) 630 Nm<\/p>\n<p style=\"font-weight: 400;\"><b><strong>Nap\u0119d posuwu<\/strong><\/b><\/p>\n<p style=\"font-weight: 400;\"><b><strong><em>Nap\u0119d \u015bruby poci\u0105gowej tocznej osi X\/Z (DxP)<\/em><\/strong><\/b>\u00a040&#215;10 mm<\/p>\n<p style=\"font-weight: 400;\"><b><strong><em>Si\u0142a posuwu X\/Z<\/em><\/strong><\/b>\u00a07,5 kN<\/p>\n<p style=\"font-weight: 400;\"><b><strong><em>Ruch szybki<\/em><\/strong><\/b><\/p>\n<p style=\"font-weight: 400;\">O\u015b Z 30 m\/min<\/p>\n<p style=\"font-weight: 400;\">O\u015b X 30 m\/min<\/p>\n<p style=\"font-weight: 400;\">O\u015b C1\u00a0100 m\/min<\/p>\n<p style=\"font-weight: 400;\">Moment obrotowy osi C1\u00a0420 Nm<\/p>\n<p style=\"font-weight: 400;\"><b><strong><em>Obszar roboczy<\/em><\/strong><\/b><\/p>\n<p style=\"font-weight: 400;\">Odst\u0119p osi 1\u00a0150 mm<\/p>\n<p style=\"font-weight: 400;\">Wysoko\u015b\u0107 k\u0142a 360 mm<\/p>\n<p style=\"font-weight: 400;\">Maksymalny zakres obrotu nad \u0142o\u017cem 680 mm<\/p>\n<p style=\"font-weight: 400;\">Zakres obrotu nad sankami X 465 mm<\/p>\n<p style=\"font-weight: 400;\">Maksymalna \u015brednica toczenia 465 mm<\/p>\n<p style=\"font-weight: 400;\">\u015arednica uchwytu mocuj\u0105cego 250 mm<\/p>\n<p style=\"font-weight: 400;\">Droga przemieszczenia X 300 mm<\/p>\n<p style=\"font-weight: 400;\">Droga przemieszczenia Z 1\u00a0050 mm<\/p>\n<p style=\"font-weight: 400;\"><b><strong>Rewolwer<\/strong><\/b><\/p>\n<p style=\"font-weight: 400;\">Liczba narz\u0119dzi 12<\/p>\n<p style=\"font-weight: 400;\">Liczba narz\u0119dzi z nap\u0119dem 12<\/p>\n<p style=\"font-weight: 400;\">Pr\u0119dko\u015b\u0107 narz\u0119dzi nap\u0119dzanych 4 0001\/min<\/p>\n<p style=\"font-weight: 400;\">Maksymalna moc S1 (100% czasu za\u0142\u0105czenia) 3,3 kW<\/p>\n<p style=\"font-weight: 400;\">Maksymalna moc S6 (40% czasu za\u0142\u0105czenia) 4,4 kW<\/p>\n<p style=\"font-weight: 400;\">Maksymalny moment obrotowy, 100% czasu za\u0142\u0105czenia 16 Nm<\/p>\n<p style=\"font-weight: 400;\">Maksymalny moment obrotowy, 40% czasu za\u0142\u0105czenia 21 Nm<\/p>\n<p style=\"font-weight: 400;\"><b><strong>Konik<\/strong><\/b><\/p>\n<p style=\"font-weight: 400;\">Droga przemieszczenia 850 mm<\/p>\n<p style=\"font-weight: 400;\">Maksymalna si\u0142a docisku 12\u00a0000 N<\/p>\n<p style=\"font-weight: 400;\">Mocowanie tulei wrzecionowej 5 MK<\/p>\n<p style=\"font-weight: 400;\">Wysuw pinoli 150 mm<\/p>\n<p style=\"font-weight: 400;\">Ruch konika hydrauliczny<\/p>\n\n\t\t<\/div> \n\t<\/div> <\/div>\n \n\t\t\t\t<\/div>\n\t\t\t<\/div> \n \n\t\t\t<div class=\"wpb_accordion_section group\">\n\t\t\t\t<h3><a href=\"#\">Szkolenia z konstrukcji 3D<\/a><\/h3>\n\t\t\t\t<div class=\"row-fluid\">\n\t\t\t\t <div class=\"row\">\n\t<div class=\"wpb_content_element span12 wpb_text_column\">\n\t\t<div class=\"wpb_wrapper clearfix\">\n\t\t\t\n<p>Szkolenia dla konstruktor\u00f3w w oparciu o oprogramowanie SolidWORKS 3D.<\/p>\n\n\t\t<\/div> \n\t<\/div> <\/div>\n \n\t\t\t\t<\/div>\n\t\t\t<\/div> \n \n\t\t\t<div class=\"wpb_accordion_section group\">\n\t\t\t\t<h3><a href=\"#\">Szkolenie z obs\u0142ugi maszyny pomiarowej wsp\u00f3\u0142rz\u0119dno\u015bciowej<\/a><\/h3>\n\t\t\t\t<div class=\"row-fluid\">\n\t\t\t\t <div class=\"row\">\n\t<div class=\"wpb_content_element span12 wpb_text_column\">\n\t\t<div class=\"wpb_wrapper clearfix\">\n\t\t\t\n<p>Szkolenia z obs\u0142ugi manualnej maszyny pomiarowej wsp\u00f3\u0142rz\u0119dno\u015bciowej Mitutoyo Crystal CRT Plus M443.<\/p>\n<p>Maszyna posiada \u015bwiadectwo wzorcowania wydane przez MITUTOYO Polska Sp. z o.o.<\/p>\n<p><img loading=\"lazy\" decoding=\"async\" class=\"alignnone wp-image-691\" src=\"http:\/\/www.new.pnt.uz.zgora.pl\/wp-content\/uploads\/2020\/10\/lab14-300x70.jpg\" alt=\"\" width=\"917\" height=\"214\" srcset=\"http:\/\/www.pnt.uz.zgora.pl\/wp-content\/uploads\/2020\/10\/lab14-300x70.jpg 300w, http:\/\/www.pnt.uz.zgora.pl\/wp-content\/uploads\/2020\/10\/lab14-1024x239.jpg 1024w, http:\/\/www.pnt.uz.zgora.pl\/wp-content\/uploads\/2020\/10\/lab14-768x179.jpg 768w, http:\/\/www.pnt.uz.zgora.pl\/wp-content\/uploads\/2020\/10\/lab14-1280x299.jpg 1280w, http:\/\/www.pnt.uz.zgora.pl\/wp-content\/uploads\/2020\/10\/lab14.jpg 1414w\" sizes=\"auto, (max-width: 917px) 100vw, 917px\" \/><\/p>\n<p style=\"font-weight: 400;\"><b><strong>DANE TECHNICZNE WZORCOWANIA<\/strong><\/b><\/p>\n<p style=\"font-weight: 400;\"><b><strong>Zakres pomiarowy:<\/strong><\/b><\/p>\n<p style=\"font-weight: 400;\">O\u015b X: 400 mm<\/p>\n<p style=\"font-weight: 400;\">O\u015b Y: 400 mm<\/p>\n<p style=\"font-weight: 400;\">O\u015b Z: 300 mm<\/p>\n<p style=\"font-weight: 400;\">Rozdzielczo\u015b\u0107 systemowa: 0.0005 mm<\/p>\n<p style=\"font-weight: 400;\">Sonda pomiarowa: TP20<\/p>\n<p style=\"font-weight: 400;\"><b><strong>Maksymalny dopuszczalny b\u0142\u0105d wskaza\u0144 zgodny z PN-EN ISO 10360-2:2003<\/strong><\/b><\/p>\n<p style=\"font-weight: 400;\">B\u0142\u0105d wskaza\u0144 d\u0142ugo\u015bci MPE\u00a0<sub>E\u00a0<\/sub>= (3.0 + 4.0 \u00b7 L\/1000) \u00b5m, gdzie L jest d\u0142ugo\u015bci\u0105 mierzon\u0105 wyra\u017con\u0105 w milimetrach<\/p>\n<p style=\"font-weight: 400;\">B\u0142\u0105d g\u0142owicy pomiarowej MPE<sub>P\u00a0<\/sub>= 4.0 \u00b5m<\/p>\n<p style=\"font-weight: 400;\"><b><strong>Niepewno\u015b\u0107 pomiarowa<\/strong><\/b><\/p>\n<p style=\"font-weight: 400;\">Dla b\u0142\u0119du wskaza\u0144 d\u0142ugo\u015bci: U<sub>E<\/sub>\u00a0= 0,4 \u00b5m +1,0 \u00b7 10<sup>-6<\/sup>\u00a0\u00b7 L<\/p>\n<p style=\"font-weight: 400;\">Dla b\u0142\u0119du g\u0142owicy pomiarowej: U<sub>P<\/sub>= 0,3 \u00b5m<\/p>\n<p style=\"font-weight: 400;\">Niepewno\u015b\u0107 pomiaru zosta\u0142a okre\u015blona zgodnie z dokumentacj\u0105 EA-4\/02. Podane warto\u015bci niepewno\u015bci stanowi\u0105 niepewno\u015bci rozszerzone przy poziomie ufno\u015bci oko\u0142o 95% i wsp\u00f3\u0142czynniku rozszerzenia k=2.<\/p>\n\n\t\t<\/div> \n\t<\/div> <\/div>\n \n\t\t\t\t<\/div>\n\t\t\t<\/div> \n \n\t\t\t<div class=\"wpb_accordion_section group\">\n\t\t\t\t<h3><a href=\"#\">Warsztaty ''Spektroskopia Ramanowska\/Mikroskopia konfokalna''<\/a><\/h3>\n\t\t\t\t<div class=\"row-fluid\">\n\t\t\t\t <div class=\"row\">\n\t<div class=\"wpb_content_element span12 wpb_text_column\">\n\t\t<div class=\"wpb_wrapper clearfix\">\n\t\t\t\n<div class=\"one_fourth\"><img loading=\"lazy\" decoding=\"async\" class=\"alignnone size-medium wp-image-907\" src=\"http:\/\/www.new.pnt.uz.zgora.pl\/wp-content\/uploads\/2020\/10\/Wokno-R18Bit-300x300.jpg\" alt=\"\" width=\"300\" height=\"300\" srcset=\"http:\/\/www.pnt.uz.zgora.pl\/wp-content\/uploads\/2020\/10\/Wokno-R18Bit-300x300.jpg 300w, http:\/\/www.pnt.uz.zgora.pl\/wp-content\/uploads\/2020\/10\/Wokno-R18Bit-1024x1024.jpg 1024w, http:\/\/www.pnt.uz.zgora.pl\/wp-content\/uploads\/2020\/10\/Wokno-R18Bit-150x150.jpg 150w, http:\/\/www.pnt.uz.zgora.pl\/wp-content\/uploads\/2020\/10\/Wokno-R18Bit-768x768.jpg 768w, http:\/\/www.pnt.uz.zgora.pl\/wp-content\/uploads\/2020\/10\/Wokno-R18Bit-1536x1536.jpg 1536w, http:\/\/www.pnt.uz.zgora.pl\/wp-content\/uploads\/2020\/10\/Wokno-R18Bit-2048x2048.jpg 2048w, http:\/\/www.pnt.uz.zgora.pl\/wp-content\/uploads\/2020\/10\/Wokno-R18Bit-1280x1280.jpg 1280w\" sizes=\"auto, (max-width: 300px) 100vw, 300px\" \/><\/p>\n<\/div>\n<div class=\"three_fourth last\">\n<p>Centrum Innowacji: Technologie dla Zdrowia Cz\u0142owieka Parku Naukowo-Technologicznego UZ zaprasza na warsztaty pt. \u201eSPEKTROSKOPIA RAMANOWSKA \/ MIKROSKOPIA KONFOKALNA\u201d<\/p>\n<p>Podczas trzech godzin warsztat\u00f3w przedstawimy zasady dzia\u0142ania, budow\u0119, zastosowania mikroskopu konfokalnego oraz spektrometru ramanowskiego. Poka\u017cemy jak kalibrowa\u0107, sterowa\u0107 mikroskopem, ustawia\u0107 obraz pr\u00f3bki i lasera, wykonywa\u0107 widma ramanowskie oraz mapy rozk\u0142adu pierwiastka dla pr\u00f3bki krzemowej. Om\u00f3wimy tak\u017ce metody preparacji pr\u00f3bki ro\u015blinnej oraz bakteryjnej, a tak\u017ce jak je wybarwi\u0107 barwnikami fluorescencyjnymi, wykona\u0107 laserowe obrazowanie pr\u00f3bki oraz obr\u00f3bki obrazu.<br \/>\nWarsztaty prowadzone s\u0105 na urz\u0105dzeniach: Spektrometr ramanowski (inVia Raman Renishaw) oraz Mikroskop badawczy LSM 710 VIS AXIO Observer Z1 z wyposa\u017ceniem (Zeiss) z punktowym laserowym systemem konfokalnym.<\/p>\n<p>Informacje techniczne: Aleksandra J\u0119drzejewska\u00a0<a href=\"mailto:a.jedrzejewska@pnt.uz.zgora.pl\">a.jedrzejewska@pnt.uz.zgora.pl<\/a>, tel. 737 453 697<\/p>\n<p>Informacje organizacyjne oraz zapisy: Kamil Majewski\u00a0<a href=\"mailto:k.majewski@pnt.uz.zgora.pl\">k.majewski@pnt.uz.zgora.pl<\/a>, tel. 504 825 726<\/p>\n<\/div><div class=\"clearboth\"><\/div>\n\n\t\t<\/div> \n\t<\/div> <\/div>\n \n\t\t\t\t<\/div>\n\t\t\t<\/div> \n \n\t\t<\/div> \n\t<\/div> <\/div>\n <div class=\"row\"><div class=\"wpb_divider thin wpb_content_element alt-bg span12 \"><\/div>\n<\/div>\n <div class=\"row\">\n\t<div class=\"wpb_content_element wpb_single_image noframe span12\">\n\t\t<div class=\"wpb_wrapper\"><figure class=\"clearfix\">\n\t\t\t<img loading=\"lazy\" decoding=\"async\" width=\"1200\" height=\"139\" src=\"http:\/\/www.pnt.uz.zgora.pl\/wp-content\/uploads\/2020\/09\/logo_unia.png\" class=\"attachment-full size-full\" alt=\"\" srcset=\"http:\/\/www.pnt.uz.zgora.pl\/wp-content\/uploads\/2020\/09\/logo_unia.png 1200w, http:\/\/www.pnt.uz.zgora.pl\/wp-content\/uploads\/2020\/09\/logo_unia-300x35.png 300w, http:\/\/www.pnt.uz.zgora.pl\/wp-content\/uploads\/2020\/09\/logo_unia-1024x119.png 1024w, http:\/\/www.pnt.uz.zgora.pl\/wp-content\/uploads\/2020\/09\/logo_unia-768x89.png 768w\" sizes=\"auto, (max-width: 1200px) 100vw, 1200px\" title=\"logo_unia\" \/><\/figure>\n\t\t<\/div> \n\t<\/div> <\/div>\n\n","protected":false},"excerpt":{"rendered":"","protected":false},"author":2,"featured_media":0,"parent":0,"menu_order":0,"comment_status":"closed","ping_status":"closed","template":"","meta":{"footnotes":""},"class_list":["post-105","page","type-page","status-publish","hentry"],"_links":{"self":[{"href":"http:\/\/www.pnt.uz.zgora.pl\/index.php?rest_route=\/wp\/v2\/pages\/105","targetHints":{"allow":["GET"]}}],"collection":[{"href":"http:\/\/www.pnt.uz.zgora.pl\/index.php?rest_route=\/wp\/v2\/pages"}],"about":[{"href":"http:\/\/www.pnt.uz.zgora.pl\/index.php?rest_route=\/wp\/v2\/types\/page"}],"author":[{"embeddable":true,"href":"http:\/\/www.pnt.uz.zgora.pl\/index.php?rest_route=\/wp\/v2\/users\/2"}],"replies":[{"embeddable":true,"href":"http:\/\/www.pnt.uz.zgora.pl\/index.php?rest_route=%2Fwp%2Fv2%2Fcomments&post=105"}],"version-history":[{"count":15,"href":"http:\/\/www.pnt.uz.zgora.pl\/index.php?rest_route=\/wp\/v2\/pages\/105\/revisions"}],"predecessor-version":[{"id":999,"href":"http:\/\/www.pnt.uz.zgora.pl\/index.php?rest_route=\/wp\/v2\/pages\/105\/revisions\/999"}],"wp:attachment":[{"href":"http:\/\/www.pnt.uz.zgora.pl\/index.php?rest_route=%2Fwp%2Fv2%2Fmedia&parent=105"}],"curies":[{"name":"wp","href":"https:\/\/api.w.org\/{rel}","templated":true}]}}