{"id":1031,"date":"2020-10-22T08:27:32","date_gmt":"2020-10-22T06:27:32","guid":{"rendered":"http:\/\/www.new.pnt.uz.zgora.pl\/?page_id=1031"},"modified":"2020-10-22T08:27:32","modified_gmt":"2020-10-22T06:27:32","slug":"mapa-strony","status":"publish","type":"page","link":"http:\/\/www.pnt.uz.zgora.pl\/?page_id=1031","title":{"rendered":"Mapa strony"},"content":{"rendered":"<div class=\"row\">\n\t<div class=\"wpb_content_element span12\">\n\t\t<div class=\"wpb_wrapper sitemap-wrap\">\n\t\t\t<div class=\"sitemap-wrap clearfix\"><div class=\"sitemap-col\"><h3>Pages<\/h3><ul><li class=\"page_item page-item-1031\"><a href=\"http:\/\/www.pnt.uz.zgora.pl\/?page_id=1031\">Mapa strony<\/a><\/li>\n<li class=\"page_item page-item-1551\"><a href=\"http:\/\/www.pnt.uz.zgora.pl\/?page_id=1551\">Inkubator Przedsi\u0119biorczo\u015bci<\/a><\/li>\n<li class=\"page_item page-item-49\"><a href=\"http:\/\/www.pnt.uz.zgora.pl\/?page_id=49\">O nas<\/a><\/li>\n<li class=\"page_item page-item-50\"><a href=\"http:\/\/www.pnt.uz.zgora.pl\/?page_id=50\">Oferta<\/a><\/li>\n<li class=\"page_item page-item-52\"><a href=\"http:\/\/www.pnt.uz.zgora.pl\/?page_id=52\">Projekty<\/a><\/li>\n<li class=\"page_item page-item-53\"><a href=\"http:\/\/www.pnt.uz.zgora.pl\/?page_id=53\">Partnerzy<\/a><\/li>\n<li class=\"page_item page-item-54\"><a href=\"http:\/\/www.pnt.uz.zgora.pl\/?page_id=54\">Kontakt<\/a><\/li>\n<li class=\"page_item page-item-2110\"><a href=\"http:\/\/www.pnt.uz.zgora.pl\/?page_id=2110\">Sale konferencyjne<\/a><\/li>\n<li class=\"page_item page-item-97\"><a href=\"http:\/\/www.pnt.uz.zgora.pl\/\">Home<\/a><\/li>\n<li class=\"page_item page-item-103\"><a href=\"http:\/\/www.pnt.uz.zgora.pl\/?page_id=103\">Pomoc de minimis<\/a><\/li>\n<li class=\"page_item page-item-105\"><a href=\"http:\/\/www.pnt.uz.zgora.pl\/?page_id=105\">Szkolenia<\/a><\/li>\n<li class=\"page_item page-item-107\"><a href=\"http:\/\/www.pnt.uz.zgora.pl\/?page_id=107\">Laboratoria<\/a><\/li>\n<li class=\"page_item page-item-109\"><a href=\"http:\/\/www.pnt.uz.zgora.pl\/?page_id=109\">Us\u0142ugi<\/a><\/li>\n<li class=\"page_item page-item-111\"><a href=\"http:\/\/www.pnt.uz.zgora.pl\/?page_id=111\">Wynajem powierzchni<\/a><\/li>\n<li class=\"page_item page-item-113\"><a href=\"http:\/\/www.pnt.uz.zgora.pl\/?page_id=113\">Aparatura i urz\u0105dzenia<\/a><\/li>\n<li class=\"page_item page-item-1906 current_page_parent\"><a href=\"http:\/\/www.pnt.uz.zgora.pl\/?page_id=1906\">Aktualno\u015bci PNT<\/a><\/li>\n<li class=\"page_item page-item-115\"><a href=\"http:\/\/www.pnt.uz.zgora.pl\/?page_id=115\">Informacje dla UZ<\/a><\/li>\n<li class=\"page_item page-item-2166\"><a href=\"http:\/\/www.pnt.uz.zgora.pl\/?page_id=2166\">Noc otwartych laboratori\u00f3w<\/a><\/li>\n<li class=\"page_item page-item-1929\"><a href=\"http:\/\/www.pnt.uz.zgora.pl\/?page_id=1929\">Aktualno\u015bci<\/a><\/li>\n<li class=\"page_item page-item-1165 page_item_has_children\"><a href=\"http:\/\/www.pnt.uz.zgora.pl\/?page_id=1165\">\u201eInkubator Innowacyjno\u015bci 4.0\u201d<\/a>\n<ul class='children'>\n\t<li class=\"page_item page-item-1369\"><a href=\"http:\/\/www.pnt.uz.zgora.pl\/?page_id=1369\">Prace przedwdro\u017ceniowe prowadzone w PNT w ramach programu: \u201eInkubator Innowacyjno\u015bci 4.0\u201d<\/a><\/li>\n<\/ul>\n<\/li>\n<li class=\"page_item page-item-2190\"><a href=\"http:\/\/www.pnt.uz.zgora.pl\/?page_id=2190\">&#8222;Science4Business &#8211; Nauka dla Biznesu&#8221;<\/a><\/li>\n<li class=\"page_item page-item-150\"><a href=\"http:\/\/www.pnt.uz.zgora.pl\/?page_id=150\">Struktura Parku<\/a><\/li>\n<li class=\"page_item page-item-152\"><a href=\"http:\/\/www.pnt.uz.zgora.pl\/?page_id=152\">Zesp\u00f3\u0142<\/a><\/li>\n<li class=\"page_item page-item-154\"><a href=\"http:\/\/www.pnt.uz.zgora.pl\/?page_id=154\">Kariera<\/a><\/li>\n<li class=\"page_item page-item-156\"><a href=\"http:\/\/www.pnt.uz.zgora.pl\/?page_id=156\">Media o Nas<\/a><\/li>\n<li class=\"page_item page-item-158\"><a href=\"http:\/\/www.pnt.uz.zgora.pl\/?page_id=158\">Polityka prywatno\u015bci<\/a><\/li>\n<li class=\"page_item page-item-160\"><a href=\"http:\/\/www.pnt.uz.zgora.pl\/?page_id=160\">Do pobrania<\/a><\/li>\n<li class=\"page_item page-item-168\"><a href=\"http:\/\/www.pnt.uz.zgora.pl\/?page_id=168\">Centrum Logistyczne i Platforma na rzecz Nauki i Gospodarki<\/a><\/li>\n<li class=\"page_item page-item-170\"><a href=\"http:\/\/www.pnt.uz.zgora.pl\/?page_id=170\">Centrum Budownictwa Zr\u00f3wnowa\u017conego i Energii<\/a><\/li>\n<li class=\"page_item page-item-172\"><a href=\"http:\/\/www.pnt.uz.zgora.pl\/?page_id=172\">Centrum Innowacji: Technologie dla Zdrowia Cz\u0142owieka<\/a><\/li>\n<li class=\"page_item page-item-174\"><a href=\"http:\/\/www.pnt.uz.zgora.pl\/?page_id=174\">Centrum Technologii Informatycznych<\/a><\/li>\n<li class=\"page_item page-item-180\"><a href=\"http:\/\/www.pnt.uz.zgora.pl\/?page_id=180\">Proinnowacyjne Centrum Wsparcia dla M\u015aP<\/a><\/li>\n<li class=\"page_item page-item-182\"><a href=\"http:\/\/www.pnt.uz.zgora.pl\/?page_id=182\">Modernizacja kszta\u0142cenia zawodowego w Mie\u015bcie Zielona G\u00f3ra<\/a><\/li>\n<li class=\"page_item page-item-1466\"><a href=\"http:\/\/www.pnt.uz.zgora.pl\/?page_id=1466\">Aleksandra J\u0119drzejewska<\/a><\/li>\n<li class=\"page_item page-item-1468\"><a href=\"http:\/\/www.pnt.uz.zgora.pl\/?page_id=1468\">Kamil Artur Majewski<\/a><\/li>\n<li class=\"page_item page-item-1727\"><a href=\"http:\/\/www.pnt.uz.zgora.pl\/?page_id=1727\">Centrum Wdro\u017ce\u0144 Ergonomicznych (CWE)<\/a><\/li>\n<li class=\"page_item page-item-709\"><a href=\"http:\/\/www.pnt.uz.zgora.pl\/?page_id=709\">PLATFORMA INFORMACYJNA I WSPOMAGAJ\u0104CA KOMERCJALIZACJ\u0118 TECHNOLOGII I ZARZ\u0104DZANIA W\u0141ASNO\u015aCI\u0104 INTELEKTUALN\u0104 M\u015aP<\/a><\/li>\n<li class=\"page_item page-item-1017\"><a href=\"http:\/\/www.pnt.uz.zgora.pl\/?page_id=1017\">Baza danych innowacyjnych technologii M\u015aP<\/a><\/li>\n<li class=\"page_item page-item-1786\"><a href=\"http:\/\/www.pnt.uz.zgora.pl\/?page_id=1786\">XVIII Sympozjum Energoelektronika w Nauce i Dydaktyce ENiD 2024<\/a><\/li>\n<\/ul><\/div><div class=\"sitemap-col\"><h3>Posts<\/h3><ul>\t<li><a href='http:\/\/www.pnt.uz.zgora.pl\/?p=2232'>Zaproszenie do realizacji grant\u00f3w w ramach projektu \u201eScience4Business \u2013 Nauka dla Biznesu\u201d \u2013 zadanie nr 1 \u201eInkubator Rozwoju\u201d<\/a><\/li>\n\t<li><a href='http:\/\/www.pnt.uz.zgora.pl\/?p=2214'>Informacja o po\u0142\u0105czeniu sp\u00f3\u0142ek<\/a><\/li>\n\t<li><a href='http:\/\/www.pnt.uz.zgora.pl\/?p=2211'>Innowacje, kt\u00f3re trafiaj\u0105 do biznesu \u2013 PNT UZ w projekcie Science4Business<\/a><\/li>\n\t<li><a href='http:\/\/www.pnt.uz.zgora.pl\/?p=2161'>\u201eScience4Business &#8211; Nauka dla Biznesu\u201d &#8211; PNT partnerem w Inkubatorze Rozwoju<\/a><\/li>\n\t<li><a href='http:\/\/www.pnt.uz.zgora.pl\/?p=2157'>Bezp\u0142atne spotkania informacyjnie w zakresie rozwoju eksportu i inwestycji za granic\u0105<\/a><\/li>\n\t<li><a href='http:\/\/www.pnt.uz.zgora.pl\/?p=2107'>2107<\/a><\/li>\n\t<li><a href='http:\/\/www.pnt.uz.zgora.pl\/?p=1761'>Zarz\u0105d Stowarzyszenia Krajowego Forum Park\u00f3w Przemys\u0142owych&#8230;<\/a><\/li>\n\t<li><a href='http:\/\/www.pnt.uz.zgora.pl\/?p=1752'>Serce do pracy. Dyplom uznania dla PNT UZ<\/a><\/li>\n\t<li><a href='http:\/\/www.pnt.uz.zgora.pl\/?p=1733'>UWAGA PATENT !!!<\/a><\/li>\n\t<li><a href='http:\/\/www.pnt.uz.zgora.pl\/?p=1712'>Urz\u0105d Marsza\u0142kowski Wojew\u00f3dztwa Lubuskiego zaprasza na warsztaty szkoleniowe dla lubuskich przedsi\u0119biorc\u00f3w.<\/a><\/li>\n\t<li><a href='http:\/\/www.pnt.uz.zgora.pl\/?p=1699'>WOSiR Drzonk\u00f3w b\u0119dzie wsp\u00f3\u0142pracowa\u0142 z Parkiem Naukowo-Technologicznym<\/a><\/li>\n\t<li><a href='http:\/\/www.pnt.uz.zgora.pl\/?p=1703'>Zespo\u0142y Doradc\u00f3w Energetycznych (ZDE) w Zielonej G\u00f3rze<\/a><\/li>\n\t<li><a href='http:\/\/www.pnt.uz.zgora.pl\/?p=1674'>Projekt Modernizacja Kszta\u0142cenia Zawodowego w PNT jest pozytywnie odbierany przez uczni\u00f3w!<\/a><\/li>\n\t<li><a href='http:\/\/www.pnt.uz.zgora.pl\/?p=1668'>Nasi Partnerzy &#8211; Perceptus, czyli sukces oparty na\u00a0bezpiecze\u0144stwie<\/a><\/li>\n\t<li><a href='http:\/\/www.pnt.uz.zgora.pl\/?p=1638'>Zg\u0142oszenia Patentowe dokonane przez Park w ramach Projektu \u201eInkubator Innowacyjno\u015bci 4.0\u201d.<\/a><\/li>\n\t<li><a href='http:\/\/www.pnt.uz.zgora.pl\/?p=1634'>NAUKA BLI\u017bEJ BIZNESU. Nowoczesne rozwi\u0105zania badawczo-technologiczne<\/a><\/li>\n\t<li><a href='http:\/\/www.pnt.uz.zgora.pl\/?p=1560'>KONGRES GOSPODARCZY Lubuskie 2022 &#8211; Park Naukowo-Technologiczny Uniwersytetu Zielonog\u00f3rskiego<\/a><\/li>\n\t<li><a href='http:\/\/www.pnt.uz.zgora.pl\/?p=1543'>Porozumienie o wsp\u00f3\u0142pracy<\/a><\/li>\n\t<li><a href='http:\/\/www.pnt.uz.zgora.pl\/?p=1538'>Porozumienie o wsp\u00f3\u0142pracy<\/a><\/li>\n\t<li><a href='http:\/\/www.pnt.uz.zgora.pl\/?p=1523'>Jeste\u015bmy liderem innowacyjno\u015bci [ROZMOWA]<\/a><\/li>\n<\/ul><\/div><div class=\"sitemap-col\"><h3>Categories<\/h3><ul>\t<li class=\"cat-item cat-item-11\"><a href=\"http:\/\/www.pnt.uz.zgora.pl\/?cat=11\">Aktualno\u015bci<\/a>\n<\/li>\n\t<li class=\"cat-item cat-item-19\"><a href=\"http:\/\/www.pnt.uz.zgora.pl\/?cat=19\">Aktualno\u015bci CBZiE<\/a>\n<\/li>\n\t<li class=\"cat-item cat-item-18\"><a href=\"http:\/\/www.pnt.uz.zgora.pl\/?cat=18\">Aktualno\u015bci CL<\/a>\n<\/li>\n\t<li class=\"cat-item cat-item-20\"><a href=\"http:\/\/www.pnt.uz.zgora.pl\/?cat=20\">Aktualno\u015bci CTI<\/a>\n<\/li>\n\t<li class=\"cat-item cat-item-17\"><a href=\"http:\/\/www.pnt.uz.zgora.pl\/?cat=17\">Aktualno\u015bci TdZC<\/a>\n<\/li>\n<\/ul><h3>Archives<\/h3><ul>\t<li><a href='http:\/\/www.pnt.uz.zgora.pl\/?m=202511'>listopad 2025<\/a><\/li>\n\t<li><a href='http:\/\/www.pnt.uz.zgora.pl\/?m=202509'>wrzesie\u0144 2025<\/a><\/li>\n\t<li><a href='http:\/\/www.pnt.uz.zgora.pl\/?m=202507'>lipiec 2025<\/a><\/li>\n\t<li><a href='http:\/\/www.pnt.uz.zgora.pl\/?m=202408'>sierpie\u0144 2024<\/a><\/li>\n\t<li><a href='http:\/\/www.pnt.uz.zgora.pl\/?m=202406'>czerwiec 2024<\/a><\/li>\n\t<li><a href='http:\/\/www.pnt.uz.zgora.pl\/?m=202402'>luty 2024<\/a><\/li>\n\t<li><a href='http:\/\/www.pnt.uz.zgora.pl\/?m=202401'>stycze\u0144 2024<\/a><\/li>\n\t<li><a href='http:\/\/www.pnt.uz.zgora.pl\/?m=202311'>listopad 2023<\/a><\/li>\n\t<li><a href='http:\/\/www.pnt.uz.zgora.pl\/?m=202305'>maj 2023<\/a><\/li>\n\t<li><a href='http:\/\/www.pnt.uz.zgora.pl\/?m=202304'>kwiecie\u0144 2023<\/a><\/li>\n\t<li><a href='http:\/\/www.pnt.uz.zgora.pl\/?m=202303'>marzec 2023<\/a><\/li>\n\t<li><a href='http:\/\/www.pnt.uz.zgora.pl\/?m=202302'>luty 2023<\/a><\/li>\n<\/ul><\/div><\/div>\n\t\t<\/div> \n\t<\/div> <\/div>\n <div class=\"row\"><div class=\"wpb_divider thin wpb_content_element alt-bg span12 \"><\/div>\n<\/div>\n <div class=\"row\">\n\t<div class=\"wpb_content_element wpb_single_image noframe span12\">\n\t\t<div class=\"wpb_wrapper\"><figure class=\"clearfix\">\n\t\t\t<img loading=\"lazy\" decoding=\"async\" width=\"1200\" height=\"139\" src=\"http:\/\/www.pnt.uz.zgora.pl\/wp-content\/uploads\/2020\/09\/logo_unia.png\" class=\"attachment-full size-full\" alt=\"\" srcset=\"http:\/\/www.pnt.uz.zgora.pl\/wp-content\/uploads\/2020\/09\/logo_unia.png 1200w, http:\/\/www.pnt.uz.zgora.pl\/wp-content\/uploads\/2020\/09\/logo_unia-300x35.png 300w, http:\/\/www.pnt.uz.zgora.pl\/wp-content\/uploads\/2020\/09\/logo_unia-1024x119.png 1024w, http:\/\/www.pnt.uz.zgora.pl\/wp-content\/uploads\/2020\/09\/logo_unia-768x89.png 768w\" sizes=\"auto, (max-width: 1200px) 100vw, 1200px\" title=\"logo_unia\" \/><\/figure>\n\t\t<\/div> \n\t<\/div> <\/div>\n\n","protected":false},"excerpt":{"rendered":"","protected":false},"author":2,"featured_media":0,"parent":0,"menu_order":0,"comment_status":"closed","ping_status":"closed","template":"","meta":{"footnotes":""},"class_list":["post-1031","page","type-page","status-publish","hentry"],"_links":{"self":[{"href":"http:\/\/www.pnt.uz.zgora.pl\/index.php?rest_route=\/wp\/v2\/pages\/1031","targetHints":{"allow":["GET"]}}],"collection":[{"href":"http:\/\/www.pnt.uz.zgora.pl\/index.php?rest_route=\/wp\/v2\/pages"}],"about":[{"href":"http:\/\/www.pnt.uz.zgora.pl\/index.php?rest_route=\/wp\/v2\/types\/page"}],"author":[{"embeddable":true,"href":"http:\/\/www.pnt.uz.zgora.pl\/index.php?rest_route=\/wp\/v2\/users\/2"}],"replies":[{"embeddable":true,"href":"http:\/\/www.pnt.uz.zgora.pl\/index.php?rest_route=%2Fwp%2Fv2%2Fcomments&post=1031"}],"version-history":[{"count":1,"href":"http:\/\/www.pnt.uz.zgora.pl\/index.php?rest_route=\/wp\/v2\/pages\/1031\/revisions"}],"predecessor-version":[{"id":1032,"href":"http:\/\/www.pnt.uz.zgora.pl\/index.php?rest_route=\/wp\/v2\/pages\/1031\/revisions\/1032"}],"wp:attachment":[{"href":"http:\/\/www.pnt.uz.zgora.pl\/index.php?rest_route=%2Fwp%2Fv2%2Fmedia&parent=1031"}],"curies":[{"name":"wp","href":"https:\/\/api.w.org\/{rel}","templated":true}]}}