{"id":103,"date":"2020-09-23T13:48:58","date_gmt":"2020-09-23T11:48:58","guid":{"rendered":"http:\/\/www.new.pnt.uz.zgora.pl\/?page_id=103"},"modified":"2020-10-02T12:39:29","modified_gmt":"2020-10-02T10:39:29","slug":"pomoc-de-minimis","status":"publish","type":"page","link":"http:\/\/www.pnt.uz.zgora.pl\/?page_id=103","title":{"rendered":"Pomoc de minimis"},"content":{"rendered":"<div class=\"row\">\n\t<div class=\"wpb_content_element span9 wpb_text_column\">\n\t\t<div class=\"wpb_wrapper clearfix\">\n\t\t\t\n<div class=\"jsn-bootstrap3 jsn-pagebuilder pb-element-container pb-element-heading\">\n<h2>Pomoc de minimis dla mikro, ma\u0142ych i \u015brednich przedsi\u0119biorstw<\/h2>\n<\/div>\n<div class=\"pb-element-container pb-element-text text-yevydi\">\n<p>Oferujemy pomoc de minimis dla mikro, ma\u0142ych i \u015brednich przedsi\u0119biorstw.<\/p>\n<p>Pomoc publiczna dla przedsi\u0119biorstw jest mo\u017cliwa dzi\u0119ki wsp\u00f3\u0142finansowaniu koszt\u00f3w ze \u015brodk\u00f3w publicznych w formie pomocy de minimis. W ten spos\u00f3b korzystanie z zasob\u00f3w Parku Naukowo-Technologicznego Uniwersytetu Zielonog\u00f3rskiego Sp. z o. o. jest korzystniejsze cenowo, a przez to bardziej dost\u0119pne r\u00f3wnie\u017c dla sektora M\u015aP. Nale\u017cy przy tym jednak pami\u0119ta\u0107, \u017ce warto\u015b\u0107 pomocy sumuje si\u0119 z pomoc\u0105 otrzyman\u0105 z innych \u017ar\u00f3de\u0142 i w ci\u0105gu 3 lat \u0142\u0105czna kwota pomocy de minimis nie mo\u017ce przekroczy\u0107 200 000 euro, a w przypadku Przedsi\u0119biorcy prowadz\u0105cego dzia\u0142alno\u015b\u0107 w sektorze transportu drogowego limit ten wynosi 100 000 euro.<\/p>\n<p>Z pomocy de minimis mo\u017cna skorzysta\u0107 w zakresie:<br \/>\n\u2013 bada\u0144 naukowych i prac rozwojowych,<br \/>\n\u2013 bada\u0144 i analiz technicznych,<br \/>\n\u2013 doradztwa technicznego,<br \/>\n\u2013 wynajmu i dzier\u017cawy maszyn lub urz\u0105dze\u0144,<br \/>\n\u2013 wynajmu pomieszcze\u0144 laboratoryjno &#8211; biurowych, laboratoryjnych, magazynowych, sal konferencyjnych, sal szkoleniowych,<br \/>\n\u2013 organizacji targ\u00f3w, wystaw, konferencji, seminari\u00f3w i szkole\u0144.<\/p>\n<p>Warto\u015b\u0107 pomocy udzielonej przez Park Naukowo-Technologiczny Uniwersytetu Zielonog\u00f3rskiego Sp. z o. o. stanowi r\u00f3\u017cnic\u0119 mi\u0119dzy odp\u0142atno\u015bci\u0105 za korzystanie z us\u0142ug na warunkach rynkowych a odp\u0142atno\u015bci\u0105 faktycznie poniesion\u0105 przez Przedsi\u0119biorc\u0119.<\/p>\n<p>Serdecznie zapraszamy do zapoznania si\u0119 z ofert\u0105 Parku Naukowo-Technologicznego Uniwersytetu Zielonog\u00f3rskiego Sp. z o. o. oraz do podj\u0119cia z nami wsp\u00f3\u0142pracy.<\/p>\n<p>Czekamy w\u0142a\u015bnie na Ciebie!!<\/p>\n<p>&nbsp;<\/p>\n<\/div>\n\n\t\t<\/div> \n\t<\/div>  \n\t<div class=\"wpb_content_element wpb_single_image noframe span3\">\n\t\t<div class=\"wpb_wrapper\"><figure class=\"clearfix\">\n\t\t\t<img loading=\"lazy\" decoding=\"async\" width=\"200\" height=\"143\" src=\"http:\/\/www.pnt.uz.zgora.pl\/wp-content\/uploads\/2020\/10\/deminimis-logo.png\" class=\"attachment-full size-full\" alt=\"\" title=\"deminimis-logo\" \/><\/figure>\n\t\t<\/div> \n\t<\/div> <\/div>\n <div class=\"row\"><div class=\"wpb_divider thin wpb_content_element alt-bg span12 \"><\/div>\n<\/div>\n <div class=\"row\">\n\t<div class=\"wpb_content_element wpb_single_image noframe span12\">\n\t\t<div class=\"wpb_wrapper\"><figure class=\"clearfix\">\n\t\t\t<img loading=\"lazy\" decoding=\"async\" width=\"1200\" height=\"139\" src=\"http:\/\/www.pnt.uz.zgora.pl\/wp-content\/uploads\/2020\/09\/logo_unia.png\" class=\"attachment-full size-full\" alt=\"\" srcset=\"http:\/\/www.pnt.uz.zgora.pl\/wp-content\/uploads\/2020\/09\/logo_unia.png 1200w, http:\/\/www.pnt.uz.zgora.pl\/wp-content\/uploads\/2020\/09\/logo_unia-300x35.png 300w, http:\/\/www.pnt.uz.zgora.pl\/wp-content\/uploads\/2020\/09\/logo_unia-1024x119.png 1024w, http:\/\/www.pnt.uz.zgora.pl\/wp-content\/uploads\/2020\/09\/logo_unia-768x89.png 768w\" sizes=\"auto, (max-width: 1200px) 100vw, 1200px\" title=\"logo_unia\" \/><\/figure>\n\t\t<\/div> \n\t<\/div> <\/div>\n\n","protected":false},"excerpt":{"rendered":"","protected":false},"author":2,"featured_media":0,"parent":0,"menu_order":0,"comment_status":"closed","ping_status":"closed","template":"","meta":{"footnotes":""},"class_list":["post-103","page","type-page","status-publish","hentry"],"_links":{"self":[{"href":"http:\/\/www.pnt.uz.zgora.pl\/index.php?rest_route=\/wp\/v2\/pages\/103","targetHints":{"allow":["GET"]}}],"collection":[{"href":"http:\/\/www.pnt.uz.zgora.pl\/index.php?rest_route=\/wp\/v2\/pages"}],"about":[{"href":"http:\/\/www.pnt.uz.zgora.pl\/index.php?rest_route=\/wp\/v2\/types\/page"}],"author":[{"embeddable":true,"href":"http:\/\/www.pnt.uz.zgora.pl\/index.php?rest_route=\/wp\/v2\/users\/2"}],"replies":[{"embeddable":true,"href":"http:\/\/www.pnt.uz.zgora.pl\/index.php?rest_route=%2Fwp%2Fv2%2Fcomments&post=103"}],"version-history":[{"count":6,"href":"http:\/\/www.pnt.uz.zgora.pl\/index.php?rest_route=\/wp\/v2\/pages\/103\/revisions"}],"predecessor-version":[{"id":571,"href":"http:\/\/www.pnt.uz.zgora.pl\/index.php?rest_route=\/wp\/v2\/pages\/103\/revisions\/571"}],"wp:attachment":[{"href":"http:\/\/www.pnt.uz.zgora.pl\/index.php?rest_route=%2Fwp%2Fv2%2Fmedia&parent=103"}],"curies":[{"name":"wp","href":"https:\/\/api.w.org\/{rel}","templated":true}]}}